

{"id":236905,"date":"2023-09-25T14:20:32","date_gmt":"2023-09-25T12:20:32","guid":{"rendered":"https:\/\/mafondue.ch\/wettbewerb-zermatt\/"},"modified":"2023-09-25T15:17:33","modified_gmt":"2023-09-25T13:17:33","slug":"wettbewerb-zermatt","status":"publish","type":"page","link":"https:\/\/mafondue.ch\/de\/wettbewerb-zermatt\/","title":{"rendered":"Wettbewerb Zermatt"},"content":{"rendered":"<p>[et_pb_section fb_built=&#8220;1&#8243; module_class=&#8220;light-section poya-black&#8220; _builder_version=&#8220;4.22.1&#8243; _module_preset=&#8220;default&#8220; custom_margin=&#8220;|0px||0px|false|false&#8220; custom_margin_tablet=&#8220;|0px||0px|false|false&#8220; custom_margin_phone=&#8220;|0px||0px|false|false&#8220; custom_margin_last_edited=&#8220;on|phone&#8220; custom_padding=&#8220;0px|0px|30px|0px|false|false&#8220; locked=&#8220;off&#8220; global_colors_info=&#8220;{}&#8220;][et_pb_row column_structure=&#8220;1_2,1_2&#8243; _builder_version=&#8220;4.20.2&#8243; _module_preset=&#8220;default&#8220; custom_margin=&#8220;0px||60px||false|false&#8220; global_colors_info=&#8220;{}&#8220;][et_pb_column type=&#8220;1_2&#8243; _builder_version=&#8220;4.16&#8243; _module_preset=&#8220;default&#8220; global_colors_info=&#8220;{}&#8220;][et_pb_text _builder_version=&#8220;4.19.1&#8243; _module_preset=&#8220;default&#8220; global_colors_info=&#8220;{}&#8220;]<\/p>\n<p>Wettbewerb<\/p>\n<p>[\/et_pb_text][et_pb_text _builder_version=&#8220;4.22.1&#8243; _module_preset=&#8220;default&#8220; min_height=&#8220;0px&#8220; global_colors_info=&#8220;{}&#8220;]<\/p>\n<h3 style=\"text-align: justify;\">Gewinnen Sie 5x zwei \u00dcbernachtungen im Doppelzimmer im Silvana Hotel in Zermatt mit einer Zermatt-Gornergrat-Rundreise f\u00fcr 2 Personen*<\/h3>\n<p>[\/et_pb_text][et_pb_image src=&#8220;https:\/\/mafondue.ch\/wp-content\/uploads\/2023\/09\/Chalet_Skipiste.jpg&#8220; title_text=&#8220;Chalet_Skipiste&#8220; _builder_version=&#8220;4.22.1&#8243; _module_preset=&#8220;default&#8220; global_colors_info=&#8220;{}&#8220;][\/et_pb_image][et_pb_text _builder_version=&#8220;4.22.1&#8243; _module_preset=&#8220;default&#8220; min_height=&#8220;0px&#8220; global_colors_info=&#8220;{}&#8220;]<\/p>\n<h3 style=\"text-align: justify;\">Die Ergebnisse werden im Fr\u00fchjahr 2024 bekannt gegeben.<\/h3>\n<p>[\/et_pb_text][et_pb_text _builder_version=&#8220;4.22.1&#8243; _module_preset=&#8220;default&#8220; min_height=&#8220;0px&#8220; global_colors_info=&#8220;{}&#8220;]<\/p>\n<p style=\"text-align: justify;\">*nur w\u00e4hrend der Sommersaison<\/p>\n<p>[\/et_pb_text][\/et_pb_column][et_pb_column type=&#8220;1_2&#8243; _builder_version=&#8220;4.16&#8243; _module_preset=&#8220;default&#8220; global_colors_info=&#8220;{}&#8220;][et_pb_code _builder_version=&#8220;4.22.1&#8243; _module_preset=&#8220;default&#8220; custom_margin=&#8220;0px|0px|0px|0px|false|false&#8220; custom_padding=&#8220;0px|0px|0px|0px|false|false&#8220; hover_enabled=&#8220;0&#8243; global_colors_info=&#8220;{}&#8220; sticky_enabled=&#8220;0&#8243;]<\/p>\n<div id=\"zf_div_qFqWajki8If6-IpcwDIiKPFdsBhuC5q6Rx6B2omO0VY\"><\/div>\n<p><script type=\"text\/javascript\">(function() {<!-- [et_pb_line_break_holder] -->try{<!-- [et_pb_line_break_holder] -->var f = document.createElement(\"iframe\");<!-- [et_pb_line_break_holder] -->f.src = 'https:\/\/forms.zohopublic.com\/mafondue\/form\/ConcoursMafonduechZermatt\/formperma\/qFqWajki8If6-IpcwDIiKPFdsBhuC5q6Rx6B2omO0VY?zf_lang=de&zf_rszfm=1';<!-- [et_pb_line_break_holder] -->f.style.border=\"none\";<!-- [et_pb_line_break_holder] -->f.style.height=\"616px\";<!-- [et_pb_line_break_holder] -->f.style.width=\"90%\";<!-- [et_pb_line_break_holder] -->f.style.transition=\"all 0.5s ease\";<!-- [et_pb_line_break_holder] --><!-- [et_pb_line_break_holder] -->var d = document.getElementById(\"zf_div_qFqWajki8If6-IpcwDIiKPFdsBhuC5q6Rx6B2omO0VY\");<!-- [et_pb_line_break_holder] -->d.appendChild(f);<!-- [et_pb_line_break_holder] -->window.addEventListener('message', function (){<!-- [et_pb_line_break_holder] -->var evntData = event.data;<!-- [et_pb_line_break_holder] -->if( evntData && evntData.constructor == String ){<!-- [et_pb_line_break_holder] -->var zf_ifrm_data = evntData.split(\"|\");<!-- [et_pb_line_break_holder] -->if ( zf_ifrm_data.length == 2 ) {<!-- [et_pb_line_break_holder] -->var zf_perma = zf_ifrm_data[0];<!-- [et_pb_line_break_holder] -->var zf_ifrm_ht_nw = ( parseInt(zf_ifrm_data[1], 10) + 15 ) + \"px\";<!-- [et_pb_line_break_holder] -->var iframe = document.getElementById(\"zf_div_qFqWajki8If6-IpcwDIiKPFdsBhuC5q6Rx6B2omO0VY\").getElementsByTagName(\"iframe\")[0];<!-- [et_pb_line_break_holder] -->if ( (iframe.src).indexOf('formperma') > 0 && (iframe.src).indexOf(zf_perma) > 0 ) {<!-- [et_pb_line_break_holder] -->var prevIframeHeight = iframe.style.height;<!-- [et_pb_line_break_holder] -->if ( prevIframeHeight != zf_ifrm_ht_nw ) {<!-- [et_pb_line_break_holder] -->iframe.style.height = zf_ifrm_ht_nw;<!-- [et_pb_line_break_holder] -->}<!-- [et_pb_line_break_holder] -->}<!-- [et_pb_line_break_holder] -->}<!-- [et_pb_line_break_holder] -->}<!-- [et_pb_line_break_holder] -->}, false);<!-- [et_pb_line_break_holder] -->}catch(e){}<!-- [et_pb_line_break_holder] -->})();<\/script>[\/et_pb_code][\/et_pb_column][\/et_pb_row][\/et_pb_section]<\/p>\n","protected":false},"excerpt":{"rendered":"<p>WettbewerbGewinnen Sie 5x zwei \u00dcbernachtungen im Doppelzimmer im Silvana Hotel in Zermatt mit einer Zermatt-Gornergrat-Rundreise f\u00fcr 2 Personen*Die Ergebnisse werden im Fr\u00fchjahr 2024 bekannt gegeben.*nur w\u00e4hrend der Sommersaison<\/p>\n","protected":false},"author":12027,"featured_media":0,"parent":0,"menu_order":0,"comment_status":"closed","ping_status":"closed","template":"","meta":{"_et_pb_use_builder":"on","_et_pb_old_content":"","_et_gb_content_width":"","footnotes":""},"class_list":["post-236905","page","type-page","status-publish","hentry"],"_links":{"self":[{"href":"https:\/\/mafondue.ch\/de\/wp-json\/wp\/v2\/pages\/236905","targetHints":{"allow":["GET"]}}],"collection":[{"href":"https:\/\/mafondue.ch\/de\/wp-json\/wp\/v2\/pages"}],"about":[{"href":"https:\/\/mafondue.ch\/de\/wp-json\/wp\/v2\/types\/page"}],"author":[{"embeddable":true,"href":"https:\/\/mafondue.ch\/de\/wp-json\/wp\/v2\/users\/12027"}],"replies":[{"embeddable":true,"href":"https:\/\/mafondue.ch\/de\/wp-json\/wp\/v2\/comments?post=236905"}],"version-history":[{"count":0,"href":"https:\/\/mafondue.ch\/de\/wp-json\/wp\/v2\/pages\/236905\/revisions"}],"wp:attachment":[{"href":"https:\/\/mafondue.ch\/de\/wp-json\/wp\/v2\/media?parent=236905"}],"curies":[{"name":"wp","href":"https:\/\/api.w.org\/{rel}","templated":true}]}}