

{"id":252305,"date":"2025-02-03T10:41:01","date_gmt":"2025-02-03T09:41:01","guid":{"rendered":"https:\/\/mafondue.ch\/wettbewerb-nichts-im-gange\/"},"modified":"2026-02-23T09:56:58","modified_gmt":"2026-02-23T08:56:58","slug":"wettbewerb-nichts-im-gange","status":"publish","type":"page","link":"https:\/\/mafondue.ch\/de\/wettbewerb-nichts-im-gange\/","title":{"rendered":"Wettbewerb \u2013 Hauptseite"},"content":{"rendered":"<p>[et_pb_section fb_built=&#8220;1&#8243; module_class=&#8220;light-section poya-black&#8220; _builder_version=&#8220;4.22.1&#8243; _module_preset=&#8220;default&#8220; custom_margin=&#8220;|0px||0px|false|false&#8220; custom_margin_tablet=&#8220;|0px||0px|false|false&#8220; custom_margin_phone=&#8220;|0px||0px|false|false&#8220; custom_margin_last_edited=&#8220;on|phone&#8220; custom_padding=&#8220;0px|0px|30px|0px|false|false&#8220; da_disable_devices=&#8220;off|off|off&#8220; locked=&#8220;off&#8220; global_colors_info=&#8220;{}&#8220; da_is_popup=&#8220;off&#8220; da_exit_intent=&#8220;off&#8220; da_has_close=&#8220;on&#8220; da_alt_close=&#8220;off&#8220; da_dark_close=&#8220;off&#8220; da_not_modal=&#8220;on&#8220; da_is_singular=&#8220;off&#8220; da_with_loader=&#8220;off&#8220; da_has_shadow=&#8220;on&#8220;][et_pb_row _builder_version=&#8220;4.27.0&#8243; _module_preset=&#8220;default&#8220; global_colors_info=&#8220;{}&#8220;][et_pb_column type=&#8220;4_4&#8243; _builder_version=&#8220;4.27.0&#8243; _module_preset=&#8220;default&#8220; global_colors_info=&#8220;{}&#8220;][\/et_pb_column][\/et_pb_row][et_pb_row _builder_version=&#8220;4.16&#8243; _module_preset=&#8220;default&#8220; custom_margin=&#8220;0px||60px||false|false&#8220; global_colors_info=&#8220;{}&#8220;][et_pb_column type=&#8220;4_4&#8243; _builder_version=&#8220;4.16&#8243; _module_preset=&#8220;default&#8220; global_colors_info=&#8220;{}&#8220;][et_pb_image src=&#8220;https:\/\/mafondue.ch\/wp-content\/uploads\/\/2020\/09\/MaFondue-Error404.svg&#8220; title_text=&#8220;MaFondue-Error404&#8243; _builder_version=&#8220;4.23&#8243; _module_preset=&#8220;default&#8220; global_colors_info=&#8220;{}&#8220;][\/et_pb_image][et_pb_text _builder_version=&#8220;4.27.4&#8243; _module_preset=&#8220;default&#8220; global_colors_info=&#8220;{}&#8220;]<\/p>\n<h4 style=\"text-align: center;\"><span style=\"color: #000000; font-size: 1.7em; line-height: 1.4em;\">Keine aktuellen Wettbewerbe<\/span> <span style=\"color: #000000; font-size: 1.7em; line-height: 1.4em;\"> <\/span><\/h4>\n<h4 style=\"text-align: center;\"><span style=\"color: #000000; font-size: 1.7em; line-height: 1.4em;\"><br \/>\nZurzeit gibt es keine Wettbewerbe. Schauen Sie ruhig regelm\u00e4\u00dfig vorbei, um \u00fcber kommende M\u00f6glichkeiten informiert zu bleiben <\/span><\/h4>\n<p>[\/et_pb_text][et_pb_button button_url=&#8220;https:\/\/mafondue.ch\/de\/&#8220; button_text=&#8220;Zur\u00fcck zur Startseite&#8220; button_alignment=&#8220;center&#8220; _builder_version=&#8220;4.27.4&#8243; _module_preset=&#8220;default&#8220; global_colors_info=&#8220;{}&#8220;][\/et_pb_button][\/et_pb_column][\/et_pb_row][\/et_pb_section]<\/p>\n","protected":false},"excerpt":{"rendered":"<p>Keine aktuellen Wettbewerbe Zurzeit gibt es keine Wettbewerbe. Schauen Sie ruhig regelm\u00e4\u00dfig vorbei, um \u00fcber kommende M\u00f6glichkeiten informiert zu bleiben<\/p>\n","protected":false},"author":34,"featured_media":0,"parent":0,"menu_order":0,"comment_status":"closed","ping_status":"closed","template":"","meta":{"_et_pb_use_builder":"on","_et_pb_old_content":"","_et_gb_content_width":"","footnotes":""},"class_list":["post-252305","page","type-page","status-publish","hentry"],"_links":{"self":[{"href":"https:\/\/mafondue.ch\/de\/wp-json\/wp\/v2\/pages\/252305","targetHints":{"allow":["GET"]}}],"collection":[{"href":"https:\/\/mafondue.ch\/de\/wp-json\/wp\/v2\/pages"}],"about":[{"href":"https:\/\/mafondue.ch\/de\/wp-json\/wp\/v2\/types\/page"}],"author":[{"embeddable":true,"href":"https:\/\/mafondue.ch\/de\/wp-json\/wp\/v2\/users\/34"}],"replies":[{"embeddable":true,"href":"https:\/\/mafondue.ch\/de\/wp-json\/wp\/v2\/comments?post=252305"}],"version-history":[{"count":15,"href":"https:\/\/mafondue.ch\/de\/wp-json\/wp\/v2\/pages\/252305\/revisions"}],"predecessor-version":[{"id":257980,"href":"https:\/\/mafondue.ch\/de\/wp-json\/wp\/v2\/pages\/252305\/revisions\/257980"}],"wp:attachment":[{"href":"https:\/\/mafondue.ch\/de\/wp-json\/wp\/v2\/media?parent=252305"}],"curies":[{"name":"wp","href":"https:\/\/api.w.org\/{rel}","templated":true}]}}