

{"id":256039,"date":"2025-11-19T15:48:38","date_gmt":"2025-11-19T14:48:38","guid":{"rendered":"https:\/\/mafondue.ch\/?page_id=256039"},"modified":"2025-12-09T11:34:41","modified_gmt":"2025-12-09T10:34:41","slug":"fondue-ihdc","status":"publish","type":"page","link":"https:\/\/mafondue.ch\/de\/fondue-ihdc\/","title":{"rendered":"Fondue IHDC"},"content":{"rendered":"<p>[et_pb_section fb_built=&#8220;1&#8243; module_class=&#8220;light-section&#8220; _builder_version=&#8220;4.16&#8243; _module_preset=&#8220;default&#8220; custom_padding=&#8220;||0px|||&#8220; da_disable_devices=&#8220;off|off|off&#8220; locked=&#8220;off&#8220; global_colors_info=&#8220;{}&#8220; da_is_popup=&#8220;off&#8220; da_exit_intent=&#8220;off&#8220; da_has_close=&#8220;on&#8220; da_alt_close=&#8220;off&#8220; da_dark_close=&#8220;off&#8220; da_not_modal=&#8220;on&#8220; da_is_singular=&#8220;off&#8220; da_with_loader=&#8220;off&#8220; da_has_shadow=&#8220;on&#8220;][et_pb_row _builder_version=&#8220;4.16&#8243; _module_preset=&#8220;default&#8220; custom_padding=&#8220;||0px|||&#8220; global_colors_info=&#8220;{}&#8220;][et_pb_column type=&#8220;4_4&#8243; _builder_version=&#8220;4.16&#8243; _module_preset=&#8220;default&#8220; global_colors_info=&#8220;{}&#8220;][et_pb_text _builder_version=&#8220;4.27.4&#8243; _module_preset=&#8220;default&#8220; text_orientation=&#8220;center&#8220; width=&#8220;60%&#8220; width_tablet=&#8220;100%&#8220; width_phone=&#8220;&#8220; width_last_edited=&#8220;on|phone&#8220; module_alignment=&#8220;center&#8220; module_alignment_last_edited=&#8220;off|desktop&#8220; global_colors_info=&#8220;{}&#8220;]<\/p>\n<h2><span style=\"color: #000000;\">FONDUE IHDC<\/span><\/h2>\n<div class=\"page\" title=\"Page 4\">\n<div class=\"section\">\n<div class=\"layoutArea\">\n<div class=\"column\">\n<p>&nbsp;<\/p>\n<\/div>\n<\/div>\n<\/div>\n<\/div>\n<p>[\/et_pb_text][\/et_pb_column][\/et_pb_row][\/et_pb_section][et_pb_section fb_built=&#8220;1&#8243; module_class=&#8220;light-section poya-black&#8220; _builder_version=&#8220;4.16&#8243; _module_preset=&#8220;default&#8220; custom_padding=&#8220;||6px|||&#8220; da_disable_devices=&#8220;off|off|off&#8220; locked=&#8220;off&#8220; global_colors_info=&#8220;{}&#8220; da_is_popup=&#8220;off&#8220; da_exit_intent=&#8220;off&#8220; da_has_close=&#8220;on&#8220; da_alt_close=&#8220;off&#8220; da_dark_close=&#8220;off&#8220; da_not_modal=&#8220;on&#8220; da_is_singular=&#8220;off&#8220; da_with_loader=&#8220;off&#8220; da_has_shadow=&#8220;on&#8220;][et_pb_row column_structure=&#8220;1_2,1_2&#8243; _builder_version=&#8220;4.16&#8243; _module_preset=&#8220;default&#8220; custom_margin=&#8220;0px||0px||false|false&#8220; custom_padding=&#8220;0px||0px||false|false&#8220; global_colors_info=&#8220;{}&#8220;][et_pb_column type=&#8220;1_2&#8243; _builder_version=&#8220;4.16&#8243; _module_preset=&#8220;default&#8220; global_colors_info=&#8220;{}&#8220;][et_pb_image src=&#8220;https:\/\/mafondue.ch\/wp-content\/uploads\/2025\/11\/mockup-sachet_sticker_personnalise_ihdc.jpg&#8220; title_text=&#8220;mockup-sachet_sticker_personnalise_ihdc&#8220; _builder_version=&#8220;4.27.4&#8243; _module_preset=&#8220;default&#8220; global_colors_info=&#8220;{}&#8220;][\/et_pb_image][\/et_pb_column][et_pb_column type=&#8220;1_2&#8243; _builder_version=&#8220;4.16&#8243; _module_preset=&#8220;default&#8220; global_colors_info=&#8220;{}&#8220;][et_pb_text _builder_version=&#8220;4.27.4&#8243; _module_preset=&#8220;default&#8220; text_orientation=&#8220;center&#8220; width=&#8220;100%&#8220; width_tablet=&#8220;100%&#8220; width_phone=&#8220;&#8220; width_last_edited=&#8220;on|phone&#8220; module_alignment=&#8220;center&#8220; custom_padding=&#8220;||||false|false&#8220; module_alignment_last_edited=&#8220;off|desktop&#8220; global_colors_info=&#8220;{}&#8220;]<\/p>\n<h2 style=\"text-align: left;\">Sport verbindet \u2013 unterst\u00fctzen Sie IHDC &amp; Greenhope<\/h2>\n<p style=\"text-align: left;\">M\u00f6chten Sie den Traum von \u00fcber <strong>90 jungen Hockeyspielerinnen und Hockeyspielern unterst\u00fctzen<\/strong>? F\u00f6rdern Sie den Verein IHDC anl\u00e4sslich seines n\u00e4chsten Ausbildungs-Camps. W\u00e4hrend dieses Camps begleitet, korrigiert und unterst\u00fctzt ein qualifiziertes Staff-Team die Athletinnen und Athleten von morgen. Ihr Motto lautet: \u00ab <em>Work hard and have fun<\/em>. \u00bb  <\/p>\n<p style=\"text-align: left;\">Zus\u00e4tzlich spendet IHDC f\u00fcr jeden gekauften<strong> Fonduebeutel Fr. 1.\u2013 an die Stiftung Greenhope<\/strong>, welche die Sportgemeinschaft f\u00fcr ihre Sache begeistert, Freizeitaktivit\u00e4ten f\u00fcr krebskranke Kinder und ihre Familien organisiert und junge Talente im Sport f\u00f6rdert.<\/p>\n<p style=\"text-align: left;\">Werden Sie Teil des IHDC &amp; Greenhope Abenteuers und tun Sie sich dabei etwas Gutes: <strong>Bestellen Sie jetzt dieses k\u00f6stliche Fondue aus dem Herzen des Greyerzerlands. <\/strong><\/p>\n<p style=\"text-align: left;\">Vielen Dank f\u00fcr Ihre Unterst\u00fctzung \u2013 und bis bald an der Eishalle!<\/p>\n<p>[\/et_pb_text][et_pb_text _builder_version=&#8220;4.27.4&#8243; _module_preset=&#8220;default&#8220; custom_padding=&#8220;||||false|false&#8220; locked=&#8220;off&#8220; global_colors_info=&#8220;{}&#8220;]<\/p>\n<h4 style=\"text-align: left;\"><span style=\"color: #000000; font-size: 26px;\">16 CHF<\/span><\/h4>\n<p>[\/et_pb_text][et_pb_wc_add_to_cart product=&#8220;256062&#8243; _builder_version=&#8220;4.27.4&#8243; _module_preset=&#8220;default&#8220; link_option_url=&#8220;https:\/\/mafondue.ch\/produit\/fondue-ihdc\/&#8220; global_colors_info=&#8220;{}&#8220;][\/et_pb_wc_add_to_cart][\/et_pb_column][\/et_pb_row][et_pb_row _builder_version=&#8220;4.16&#8243; _module_preset=&#8220;default&#8220; custom_margin=&#8220;0px||0px||false|false&#8220; custom_padding=&#8220;0px||150px||false|false&#8220; global_colors_info=&#8220;{}&#8220;][et_pb_column type=&#8220;4_4&#8243; _builder_version=&#8220;4.16&#8243; _module_preset=&#8220;default&#8220; global_colors_info=&#8220;{}&#8220;][et_pb_text _builder_version=&#8220;4.16&#8243; _module_preset=&#8220;default&#8220; text_orientation=&#8220;center&#8220; width=&#8220;100%&#8220; width_tablet=&#8220;100%&#8220; width_phone=&#8220;&#8220; width_last_edited=&#8220;on|phone&#8220; module_alignment=&#8220;center&#8220; custom_padding=&#8220;||||false|false&#8220; module_alignment_last_edited=&#8220;off|desktop&#8220; global_colors_info=&#8220;{}&#8220;]<\/p>\n<p style=\"text-align: left;\"><strong>ZUTATEN:<\/strong> 49% Hartk\u00e4se aus Rohmilch (Schweiz), 49% halbfester, fetter K\u00e4se aus thermisierter Milch (Schweiz), 2% St\u00e4rke und Knoblauch.<\/p>\n<p style=\"text-align: left;\"><strong>LAGERUNG:<\/strong> max. +5\u00b0C. Unter Schutzatmosph\u00e4re verpackt. Beim Einfrieren (bei -18 \u00b0C aufbewahren) wird das Mindesthaltbarkeitsdatum um 6 Monate verl\u00e4ngert. Verwendbar bis ( siehe Datum auf der Packung ).<\/p>\n<p style=\"text-align: left;\"><strong>DURCHSCHNITTLICHE NUTRITIVWERTE 100g<\/strong>: Energie 1590Kj (380kcal) ; Fett 30g, davon ges\u00e4ttigte Fetts\u00e4uren 18g ; Kohlenhydrate 0g, davon Zucker 0g ; Ballaststoffe 0g ; Eiwei\u00df 28g ; Salz 1.5g.<\/p>\n<p>[\/et_pb_text][et_pb_gallery gallery_ids=&#8220;256212,256218,256224,256230,256236,256242,256248,256254&#8243; show_title_and_caption=&#8220;off&#8220; show_pagination=&#8220;off&#8220; _builder_version=&#8220;4.27.4&#8243; _module_preset=&#8220;default&#8220; global_colors_info=&#8220;{}&#8220;][\/et_pb_gallery][\/et_pb_column][\/et_pb_row][et_pb_row column_structure=&#8220;1_2,1_2&#8243; _builder_version=&#8220;4.27.4&#8243; _module_preset=&#8220;default&#8220; width=&#8220;84%&#8220; max_width=&#8220;461px&#8220; custom_margin=&#8220;-27px||80px||false|false&#8220; custom_padding=&#8220;0px|||||&#8220; global_colors_info=&#8220;{}&#8220;][et_pb_column type=&#8220;1_2&#8243; _builder_version=&#8220;4.27.4&#8243; _module_preset=&#8220;default&#8220; global_colors_info=&#8220;{}&#8220;][et_pb_image src=&#8220;https:\/\/mafondue.ch\/wp-content\/uploads\/2025\/11\/logo-ihdc.png&#8220; title_text=&#8220;IHDC&#8220; _builder_version=&#8220;4.27.4&#8243; _module_preset=&#8220;default&#8220; width=&#8220;53%&#8220; global_colors_info=&#8220;{}&#8220;][\/et_pb_image][\/et_pb_column][et_pb_column type=&#8220;1_2&#8243; _builder_version=&#8220;4.27.4&#8243; _module_preset=&#8220;default&#8220; global_colors_info=&#8220;{}&#8220;][et_pb_image src=&#8220;https:\/\/mafondue.ch\/wp-content\/uploads\/2025\/11\/logo.svg&#8220; title_text=&#8220;Greenhope&#8220; _builder_version=&#8220;4.27.4&#8243; _module_preset=&#8220;default&#8220; max_height=&#8220;930px&#8220; custom_margin=&#8220;40px||||false|false&#8220; global_colors_info=&#8220;{}&#8220;][\/et_pb_image][\/et_pb_column][\/et_pb_row][\/et_pb_section]<\/p>\n","protected":false},"excerpt":{"rendered":"<p>FONDUE IHDC &nbsp; Sport verbindet \u2013 unterst\u00fctzen Sie IHDC &amp; Greenhope M\u00f6chten Sie den Traum von \u00fcber 90 jungen Hockeyspielerinnen und Hockeyspielern unterst\u00fctzen? F\u00f6rdern Sie den Verein IHDC anl\u00e4sslich seines n\u00e4chsten Ausbildungs-Camps. W\u00e4hrend dieses Camps begleitet, korrigiert und unterst\u00fctzt ein qualifiziertes Staff-Team die Athletinnen und Athleten von morgen. Ihr Motto lautet: \u00ab Work hard and [&hellip;]<\/p>\n","protected":false},"author":34,"featured_media":0,"parent":0,"menu_order":0,"comment_status":"closed","ping_status":"closed","template":"","meta":{"_et_pb_use_builder":"on","_et_pb_old_content":"","_et_gb_content_width":"","footnotes":""},"class_list":["post-256039","page","type-page","status-publish","hentry"],"_links":{"self":[{"href":"https:\/\/mafondue.ch\/de\/wp-json\/wp\/v2\/pages\/256039","targetHints":{"allow":["GET"]}}],"collection":[{"href":"https:\/\/mafondue.ch\/de\/wp-json\/wp\/v2\/pages"}],"about":[{"href":"https:\/\/mafondue.ch\/de\/wp-json\/wp\/v2\/types\/page"}],"author":[{"embeddable":true,"href":"https:\/\/mafondue.ch\/de\/wp-json\/wp\/v2\/users\/34"}],"replies":[{"embeddable":true,"href":"https:\/\/mafondue.ch\/de\/wp-json\/wp\/v2\/comments?post=256039"}],"version-history":[{"count":9,"href":"https:\/\/mafondue.ch\/de\/wp-json\/wp\/v2\/pages\/256039\/revisions"}],"predecessor-version":[{"id":256314,"href":"https:\/\/mafondue.ch\/de\/wp-json\/wp\/v2\/pages\/256039\/revisions\/256314"}],"wp:attachment":[{"href":"https:\/\/mafondue.ch\/de\/wp-json\/wp\/v2\/media?parent=256039"}],"curies":[{"name":"wp","href":"https:\/\/api.w.org\/{rel}","templated":true}]}}