

{"id":30729,"date":"2020-09-10T21:25:21","date_gmt":"2020-09-10T19:25:21","guid":{"rendered":"https:\/\/mafondue.ch\/allgemeine-bedingungen\/"},"modified":"2025-04-16T12:38:28","modified_gmt":"2025-04-16T10:38:28","slug":"allgemeine-bedingungen","status":"publish","type":"page","link":"https:\/\/mafondue.ch\/de\/allgemeine-bedingungen\/","title":{"rendered":"Allgemeine Bedingungen"},"content":{"rendered":"<p>[et_pb_section fb_built=&#8220;1&#8243; _builder_version=&#8220;4.24.3&#8243; _module_preset=&#8220;default&#8220; global_colors_info=&#8220;{}&#8220; da_is_popup=&#8220;off&#8220; da_exit_intent=&#8220;off&#8220; da_has_close=&#8220;on&#8220; da_alt_close=&#8220;off&#8220; da_dark_close=&#8220;off&#8220; da_not_modal=&#8220;on&#8220; da_is_singular=&#8220;off&#8220; da_with_loader=&#8220;off&#8220; da_has_shadow=&#8220;on&#8220; da_disable_devices=&#8220;off|off|off&#8220;][et_pb_row _builder_version=&#8220;4.24.3&#8243; _module_preset=&#8220;default&#8220; global_colors_info=&#8220;{}&#8220;][et_pb_column type=&#8220;4_4&#8243; _builder_version=&#8220;4.16&#8243; _module_preset=&#8220;default&#8220; global_colors_info=&#8220;{}&#8220;][et_pb_text _builder_version=&#8220;4.25.1&#8243; _module_preset=&#8220;default&#8220; global_colors_info=&#8220;{}&#8220;]<\/p>\n<h2>Allgemeine Bedingungen<\/h2>\n<p>Jede Bestellung auf der Website MaFondue.ch setzt die vorherige Konsultation und Annahme der vorliegenden Allgemeinen Gesch\u00e4ftsbedingungen voraus. Der Klick auf die Best\u00e4tigung der Bestellung bedeutet die vollst\u00e4ndige Annahme der vorliegenden Bedingungen. Dieser Klick hat den Wert einer \u201edigitalen Signatur\u201c.<\/p>\n<p>&nbsp;<\/p>\n<h3>1. Lieferung der Produkte<\/h3>\n<p>MaFondue.ch garantiert die Lieferung von Qualit\u00e4tsprodukten an die in Ihrem Konto eingetragene Lieferadresse, solange der Vorrat reicht. Unsere oberste Priorit\u00e4t ist Ihre Zufriedenheit.<\/p>\n<p><strong>1.1. Liefervertrag<\/strong><br \/>Wir liefern unsere Produkte nur in die Schweiz. Die vertraglichen Informationen werden per E-Mail an die von Ihnen angegebene Adresse best\u00e4tigt. Sie werden daher gebeten, alle Daten im Zusammenhang mit Ihrer Bestellung zu \u00fcberpr\u00fcfen. Bei Problemen bitten wir Sie, sich so schnell wie m\u00f6glich mit uns in Verbindung zu setzen. Die in den Computersystemen unseres Unternehmens gespeicherten elektronischen Verzeichnisse werden als Beweis f\u00fcr die Kommunikation (z. B. Bestellungen und Zahlungen) angesehen. Die Archivierung der Bestellscheine und Rechnungen erfolgt auf einem zuverl\u00e4ssigen und dauerhaften Datentr\u00e4ger, der als Beweismittel vorgelegt werden kann.<\/p>\n<p><strong>1.2. Lieferfristen<\/strong><br \/>Bestellungen, die von Montag bis Donnerstag vor 11 Uhr eintreffen, werden nach M\u00f6glichkeit am n\u00e4chsten Morgen zugestellt. Bestellungen, die von Donnerstag (nach 11 Uhr) bis Sonntag eingehen, werden, wenn m\u00f6glich, am darauffolgenden Montagmorgen verschickt. Einige Liefertermine k\u00f6nnen blockiert werden, insbesondere an Spitzentagen mit au\u00dfergew\u00f6hnlichem Volumen. Keine Lieferungen an Sonntagen, nationalen und kantonalen Feiertagen. Bei jedem Versand kann es zu Verz\u00f6gerungen kommen oder das Produkt kann verloren gehen. In einem solchen Fall werden wir den Spediteur (die Post) kontaktieren, um eine Untersuchung zu starten. Es werden alle Anstrengungen unternommen, so lange wie n\u00f6tig, um das Paket zu finden. Wir \u00fcbernehmen keine Verantwortung f\u00fcr l\u00e4ngere Lieferzeiten, die durch den Spediteur verursacht werden, insbesondere bei Produktverlust, schlechtem Wetter oder Streik.<\/p>\n<p><strong>1.3. Lieferung \u201eFrische\u201c<\/strong><br \/>Die meisten unserer Produkte erfordern die Aufrechterhaltung der K\u00fchlkette. Wir setzen alles daran, dass die Produkte geordnet und qualitativ einwandfrei am Zielort ankommen.<\/p>\n<p>Art. 24 HyV legt die einzuhaltenden Ma\u00dfnahmen bez\u00fcglich der K\u00fchlung fest und ist wie folgt gegliedert: <\/p>\n<ul style=\"font-size: 16px;\">\n<li><em><sup>1<\/sup> <\/em><em>Rohstoffe, Zutaten, Zwischenprodukte und verzehrfertige Lebensmittel, die das Wachstum pathogener Mikroorganismen oder die Bildung von Toxinen beg\u00fcnstigen k\u00f6nnen, m\u00fcssen bei Temperaturen aufbewahrt werden, die solche Ph\u00e4nomene so weit wie m\u00f6glich verhindern.<\/em><em style=\"font-size: 16px;\"> <\/em><\/li>\n<\/ul>\n<ul style=\"font-size: 16px;\">\n<li><em><sup>2<\/sup><\/em><em> Die K\u00fchltemperaturen m\u00fcssen so festgelegt werden, dass die Sicherheit der Lebensmittel jederzeit gew\u00e4hrleistet ist. Die in Anhang 1 festgelegten mikrobiologischen Kriterien m\u00fcssen insbesondere bei der Abgabe an Verbraucher oder bis zum Erreichen des Mindesthaltbarkeitsdatums der Lebensmittel eingehalten werden.<\/em><em style=\"font-size: 16px;\"> <\/em><\/li>\n<\/ul>\n<ul style=\"font-size: 16px;\">\n<li><em><sup>3<\/sup><\/em><em> Die K\u00fchlkette darf nicht unterbrochen werden. Von den Temperaturanforderungen kann h\u00f6chstens f\u00fcr kurze Zeit abgewichen werden, wenn die Zubereitung, der Transport, die Lagerung und die Abgabe des Lebensmittels oder die Dienstleistung dies erfordern und sofern die Gesundheit der Verbraucher dadurch nicht beeintr\u00e4chtigt wird.<\/em><\/li>\n<\/ul>\n<p>Es kann vorkommen, dass die K\u00fchlkette vor\u00fcbergehend unterbrochen ist, wie in Punkt 3 beschrieben, aber wir garantieren die einwandfreie Qualit\u00e4t unserer Produkte bis zu dem auf der Verpackung angegebenen Mindesthaltbarkeitsdatum.<\/p>\n<p><strong>1.4. Versandkosten<\/strong><br \/>Die Produkte werden mit der Post als Priority-Paket versendet. Ab einem Einkaufswert von Fr. 100.- entfallen die Lieferkosten. Unter einem Einkaufswert von Fr. 100.- betragen die Versandkosten Fr. 10.-.<\/p>\n<p><strong>1.5. Stornierung der Bestellung \/ R\u00fcckgabe der Ware<\/strong><br \/>Der Kunde wird f\u00fcr die Produkte verantwortlich, sobald sie geliefert wurden. Der Kunde kann eine Bestellung nur bis zu dem Zeitpunkt erg\u00e4nzen oder stornieren, an dem sie im Logistikzentrum bearbeitet wird. Reklamationen \u00fcber die Qualit\u00e4t der Lieferung werden innerhalb von 10 Tagen nach Erhalt der Ware akzeptiert.<\/p>\n<p>&nbsp;<\/p>\n<h3>2. Passwort, um ein Konto in unserem Shop zu erstellen<\/h3>\n<p><strong>2.1.<\/strong> Wenn Sie ein Konto einrichten, um eine Bestellung in unserem Shop aufzugeben, bitten wir Sie, ein Passwort zu registrieren. Dieser muss streng vertraulich behandelt werden und darf unter keinen Umst\u00e4nden an Dritte weitergegeben werden. Sie sind f\u00fcr die Nutzung Ihres Kontos und Ihres Passworts verantwortlich. So werden alle Bestellungen, die mit Ihrem Passwort get\u00e4tigt werden, in Ihrem Namen bearbeitet, ausgeliefert und in Rechnung gestellt. Bitte kontaktieren Sie uns so schnell wie m\u00f6glich, wenn Sie ein Problem mit Ihrem Konto oder Ihrem Passwort haben.<\/p>\n<p>&nbsp;<\/p>\n<h3>3. Anzeige von Produkten und Preisen<\/h3>\n<p><strong>3.1. Produkte MaFondue.ch<\/strong> pr\u00e4sentiert Fotos und Texte zu seinen Produkten als unverbindliche Informationen. Wir garantieren Ihnen, dass alle Anstrengungen unternommen wurden, um sicherzustellen, dass die auf MaFondue.ch pr\u00e4sentierten Informationen korrekt sind.<\/p>\n<p><strong>3.2. Preis<\/strong><br \/>Alle Preise werden inklusive Mehrwertsteuer angezeigt. Ma\u00dfgeblich sind die Preise der Produkte, die zum Zeitpunkt der Bestellung des Kunden angezeigt werden.<\/p>\n<p>&nbsp;<\/p>\n<h3>4. Vertraulichkeit der Daten<\/h3>\n<p>Wir garantieren Ihnen, dass Ihre Daten vertraulich behandelt werden und geben sie nur an Dritte (z. B. die Post) weiter, damit die Lieferung reibungslos funktioniert.<span style=\"font-size: 16px;\"> <\/span><\/p>\n<p>&nbsp;<\/p>\n<h3>5. Allergien<\/h3>\n<p>Wir empfehlen Ihnen, die Angaben zur Zusammensetzung der Produkte sorgf\u00e4ltig zu lesen, nicht nur auf unserer Website, sondern auch auf der R\u00fcckseite der Verpackungen. Wir \u00fcbernehmen keine Verantwortung f\u00fcr Allergien oder Diabetes.<\/p>\n<p>&nbsp;<\/p>\n<h3>6. Rechtliche Hinweise<\/h3>\n<p>Froval SA, Route du Closalet 10, 1635 La Tour-de-Tr\u00eame &#8211; T\u00e9l 026 912 71 82<br \/>Der Gerichtsstand ist der Sitz der Firma Froval SA, in 1630 Bulle<\/p>\n<p>[\/et_pb_text][\/et_pb_column][\/et_pb_row][\/et_pb_section]<\/p>\n","protected":false},"excerpt":{"rendered":"<p>Allgemeine Bedingungen Jede Bestellung auf der Website MaFondue.ch setzt die vorherige Konsultation und Annahme der vorliegenden Allgemeinen Gesch\u00e4ftsbedingungen voraus. Der Klick auf die Best\u00e4tigung der Bestellung bedeutet die vollst\u00e4ndige Annahme der vorliegenden Bedingungen. Dieser Klick hat den Wert einer \u201edigitalen Signatur\u201c. &nbsp; 1. Lieferung der Produkte MaFondue.ch garantiert die Lieferung von Qualit\u00e4tsprodukten an die in [&hellip;]<\/p>\n","protected":false},"author":12027,"featured_media":253190,"parent":0,"menu_order":0,"comment_status":"closed","ping_status":"closed","template":"","meta":{"_et_pb_use_builder":"on","_et_pb_old_content":"","_et_gb_content_width":"","footnotes":""},"class_list":["post-30729","page","type-page","status-publish","has-post-thumbnail","hentry"],"_links":{"self":[{"href":"https:\/\/mafondue.ch\/de\/wp-json\/wp\/v2\/pages\/30729","targetHints":{"allow":["GET"]}}],"collection":[{"href":"https:\/\/mafondue.ch\/de\/wp-json\/wp\/v2\/pages"}],"about":[{"href":"https:\/\/mafondue.ch\/de\/wp-json\/wp\/v2\/types\/page"}],"author":[{"embeddable":true,"href":"https:\/\/mafondue.ch\/de\/wp-json\/wp\/v2\/users\/12027"}],"replies":[{"embeddable":true,"href":"https:\/\/mafondue.ch\/de\/wp-json\/wp\/v2\/comments?post=30729"}],"version-history":[{"count":13,"href":"https:\/\/mafondue.ch\/de\/wp-json\/wp\/v2\/pages\/30729\/revisions"}],"predecessor-version":[{"id":253641,"href":"https:\/\/mafondue.ch\/de\/wp-json\/wp\/v2\/pages\/30729\/revisions\/253641"}],"wp:featuredmedia":[{"embeddable":true,"href":"https:\/\/mafondue.ch\/de\/wp-json\/wp\/v2\/media\/253190"}],"wp:attachment":[{"href":"https:\/\/mafondue.ch\/de\/wp-json\/wp\/v2\/media?parent=30729"}],"curies":[{"name":"wp","href":"https:\/\/api.w.org\/{rel}","templated":true}]}}