

{"id":30735,"date":"2020-09-10T21:26:37","date_gmt":"2020-09-10T19:26:37","guid":{"rendered":"https:\/\/mafondue.ch\/edgar-bovier\/"},"modified":"2025-02-13T12:21:37","modified_gmt":"2025-02-13T11:21:37","slug":"edgar-bovier","status":"publish","type":"page","link":"https:\/\/mafondue.ch\/de\/edgar-bovier\/","title":{"rendered":"Edgard Bovier"},"content":{"rendered":"<p>[et_pb_section fb_built=&#8220;1&#8243; module_class=&#8220;dark-section&#8220; _builder_version=&#8220;4.16&#8243; _module_preset=&#8220;default&#8220; background_enable_color=&#8220;off&#8220; background_image=&#8220;https:\/\/mafondue.ch\/wp-content\/uploads\/2020\/08\/EdgardBovier-1.jpg&#8220; min_height=&#8220;350px&#8220; da_disable_devices=&#8220;off|off|off&#8220; global_colors_info=&#8220;{}&#8220; da_is_popup=&#8220;off&#8220; da_exit_intent=&#8220;off&#8220; da_has_close=&#8220;on&#8220; da_alt_close=&#8220;off&#8220; da_dark_close=&#8220;off&#8220; da_not_modal=&#8220;on&#8220; da_is_singular=&#8220;off&#8220; da_with_loader=&#8220;off&#8220; da_has_shadow=&#8220;on&#8220;][et_pb_row column_structure=&#8220;1_2,1_2&#8243; _builder_version=&#8220;4.16&#8243; _module_preset=&#8220;default&#8220; global_colors_info=&#8220;{}&#8220;][et_pb_column type=&#8220;1_2&#8243; _builder_version=&#8220;4.16&#8243; _module_preset=&#8220;default&#8220; global_colors_info=&#8220;{}&#8220;][\/et_pb_column][et_pb_column type=&#8220;1_2&#8243; _builder_version=&#8220;4.16&#8243; _module_preset=&#8220;default&#8220; global_colors_info=&#8220;{}&#8220;][et_pb_image src=&#8220;https:\/\/mafondue.ch\/wp-content\/uploads\/\/2020\/08\/Edgard-logo-white.svg&#8220; title_text=&#8220;Edgard-logo-white&#8220; _builder_version=&#8220;4.16&#8243; _module_preset=&#8220;default&#8220; width=&#8220;75%&#8220; global_colors_info=&#8220;{}&#8220;][\/et_pb_image][et_pb_text _builder_version=&#8220;4.16&#8243; _module_preset=&#8220;default&#8220; custom_margin=&#8220;-20px||||false|false&#8220; locked=&#8220;off&#8220; global_colors_info=&#8220;{}&#8220;]<\/p>\n<h4>Was wichtig ist, ist die Qualit\u00e4t des Produkts<\/h4>\n<p>[\/et_pb_text][\/et_pb_column][\/et_pb_row][\/et_pb_section][et_pb_section fb_built=&#8220;1&#8243; module_class=&#8220;light-section&#8220; _builder_version=&#8220;4.16&#8243; _module_preset=&#8220;default&#8220; custom_padding=&#8220;||6px|||&#8220; da_disable_devices=&#8220;off|off|off&#8220; locked=&#8220;off&#8220; global_colors_info=&#8220;{}&#8220; da_is_popup=&#8220;off&#8220; da_exit_intent=&#8220;off&#8220; da_has_close=&#8220;on&#8220; da_alt_close=&#8220;off&#8220; da_dark_close=&#8220;off&#8220; da_not_modal=&#8220;on&#8220; da_is_singular=&#8220;off&#8220; da_with_loader=&#8220;off&#8220; da_has_shadow=&#8220;on&#8220;][et_pb_row _builder_version=&#8220;4.16&#8243; _module_preset=&#8220;default&#8220; global_colors_info=&#8220;{}&#8220;][et_pb_column type=&#8220;4_4&#8243; _builder_version=&#8220;4.16&#8243; _module_preset=&#8220;default&#8220; global_colors_info=&#8220;{}&#8220;][et_pb_text _builder_version=&#8220;4.16&#8243; _module_preset=&#8220;default&#8220; text_orientation=&#8220;center&#8220; width=&#8220;60%&#8220; width_tablet=&#8220;100%&#8220; width_phone=&#8220;&#8220; width_last_edited=&#8220;on|phone&#8220; module_alignment=&#8220;center&#8220; module_alignment_last_edited=&#8220;off|desktop&#8220; global_colors_info=&#8220;{}&#8220;]<\/p>\n<h2><span style=\"color: #000000;\">EDGARD BOVIER<\/span><\/h2>\n<div class=\"page\" title=\"Page 4\">\n<div class=\"section\">\n<div class=\"layoutArea\">\n<div class=\"column\">\n<p><span>Edgard Bovier bringt es auf den Punkt: \u201eKoch zu sein bedeutet, die sch\u00f6nen Dinge der Natur noch besser zu machen\u201c. Der Meister der mediterranen K\u00fcche liebt Produkte, die ebenso viele Geschichten wie Geschm\u00e4cker haben.  <\/span><\/p>\n<\/div>\n<\/div>\n<\/div>\n<\/div>\n<p>[\/et_pb_text][et_pb_image src=&#8220;https:\/\/mafondue.ch\/wp-content\/uploads\/\/2020\/08\/Edgard-logo-script.svg&#8220; title_text=&#8220;Edgard-logo-script&#8220; align=&#8220;center&#8220; _builder_version=&#8220;4.16&#8243; _module_preset=&#8220;default&#8220; width=&#8220;24%&#8220; global_colors_info=&#8220;{}&#8220;][\/et_pb_image][\/et_pb_column][\/et_pb_row][\/et_pb_section][et_pb_section fb_built=&#8220;1&#8243; module_class=&#8220;light-section poya-black&#8220; _builder_version=&#8220;4.16&#8243; _module_preset=&#8220;default&#8220; custom_padding=&#8220;||6px|||&#8220; da_disable_devices=&#8220;off|off|off&#8220; locked=&#8220;off&#8220; global_colors_info=&#8220;{}&#8220; da_is_popup=&#8220;off&#8220; da_exit_intent=&#8220;off&#8220; da_has_close=&#8220;on&#8220; da_alt_close=&#8220;off&#8220; da_dark_close=&#8220;off&#8220; da_not_modal=&#8220;on&#8220; da_is_singular=&#8220;off&#8220; da_with_loader=&#8220;off&#8220; da_has_shadow=&#8220;on&#8220;][et_pb_row column_structure=&#8220;1_2,1_2&#8243; _builder_version=&#8220;4.16&#8243; _module_preset=&#8220;default&#8220; custom_margin=&#8220;0px||0px||false|false&#8220; custom_padding=&#8220;0px||150px||false|false&#8220; global_colors_info=&#8220;{}&#8220;][et_pb_column type=&#8220;1_2&#8243; _builder_version=&#8220;4.16&#8243; _module_preset=&#8220;default&#8220; global_colors_info=&#8220;{}&#8220;][et_pb_image src=&#8220;https:\/\/mafondue.ch\/wp-content\/uploads\/2020\/08\/A1BB4583-DE2B-4D38-A758-36FB26D321C3.png&#8220; title_text=&#8220;A1BB4583-DE2B-4D38-A758-36FB26D321C3&#8243; _builder_version=&#8220;4.16&#8243; _module_preset=&#8220;default&#8220; global_colors_info=&#8220;{}&#8220;][\/et_pb_image][et_pb_button button_url=&#8220;https:\/\/mafondue.ch\/de\/edgar-bovier\/?add-to-cart=29180&#8243; button_text=&#8220;In den Warenkorb&#8220; button_alignment=&#8220;center&#8220; _builder_version=&#8220;4.16&#8243; _module_preset=&#8220;default&#8220; global_colors_info=&#8220;{}&#8220;][\/et_pb_button][\/et_pb_column][et_pb_column type=&#8220;1_2&#8243; _builder_version=&#8220;4.16&#8243; _module_preset=&#8220;default&#8220; global_colors_info=&#8220;{}&#8220;][et_pb_text _builder_version=&#8220;4.27.4&#8243; _module_preset=&#8220;default&#8220; global_colors_info=&#8220;{}&#8220;]<\/p>\n<h2>Das Fondue<\/h2>\n<div class=\"page\" title=\"Page 4\">\n<div class=\"section\">\n<div class=\"layoutArea\">\n<div class=\"column\">\n<p>Fondue, das von dem renommierten <strong>Sternekoch Edgard Bovier <\/strong>in Zusammenarbeit mit MaFondue zusammengestellt wurde. Diese kulinarische Kreation ehrt drei au\u00dfergew\u00f6hnliche K\u00e4sesorten &#8211; den Vacherin Fribourgeois AOP, den Gruy\u00e8re AOP und den Etivaz AOP. Der aus dem Wallis stammende Sternekoch Edgard Bovier hat in renommierten H\u00e4usern wie dem Le Palace in Lausanne, dem Palace in St. Moritz oder dem L&#8217;Ermitage in K\u00fcsnacht gearbeitet. Im Februar 2019 er\u00f6ffnet er erneut das Restaurant du Cerf in Rougemont, und zu diesem Anlass arbeitet er mit MaFondue und seinem Ma\u00eetre Fromager zusammen, um zwei neue Fondues zu kreieren, darunter das hier vorgestellte: Fondue EDGARD COLLECTION. Mit dem innovativen Verpackungsdesign wurde die junge, etablierte K\u00fcnstlerin Luna Ribes beauftragt. Wir sind stolz darauf, Teil dieses wunderbaren Projekts zu sein. Genie\u00dfen Sie es ohne jede M\u00e4\u00dfigung&#8230;      <\/p>\n<\/div>\n<\/div>\n<\/div>\n<\/div>\n<p>[\/et_pb_text][\/et_pb_column][\/et_pb_row][\/et_pb_section]<\/p>\n","protected":false},"excerpt":{"rendered":"<p>Was wichtig ist, ist die Qualit\u00e4t des ProduktsEDGARD BOVIER Edgard Bovier bringt es auf den Punkt: \u201eKoch zu sein bedeutet, die sch\u00f6nen Dinge der Natur noch besser zu machen\u201c. Der Meister der mediterranen K\u00fcche liebt Produkte, die ebenso viele Geschichten wie Geschm\u00e4cker haben. Das Fondue Fondue, das von dem renommierten Sternekoch Edgard Bovier in Zusammenarbeit [&hellip;]<\/p>\n","protected":false},"author":12027,"featured_media":0,"parent":0,"menu_order":0,"comment_status":"closed","ping_status":"closed","template":"","meta":{"_et_pb_use_builder":"on","_et_pb_old_content":"","_et_gb_content_width":"","footnotes":""},"class_list":["post-30735","page","type-page","status-publish","hentry"],"_links":{"self":[{"href":"https:\/\/mafondue.ch\/de\/wp-json\/wp\/v2\/pages\/30735","targetHints":{"allow":["GET"]}}],"collection":[{"href":"https:\/\/mafondue.ch\/de\/wp-json\/wp\/v2\/pages"}],"about":[{"href":"https:\/\/mafondue.ch\/de\/wp-json\/wp\/v2\/types\/page"}],"author":[{"embeddable":true,"href":"https:\/\/mafondue.ch\/de\/wp-json\/wp\/v2\/users\/12027"}],"replies":[{"embeddable":true,"href":"https:\/\/mafondue.ch\/de\/wp-json\/wp\/v2\/comments?post=30735"}],"version-history":[{"count":4,"href":"https:\/\/mafondue.ch\/de\/wp-json\/wp\/v2\/pages\/30735\/revisions"}],"predecessor-version":[{"id":252664,"href":"https:\/\/mafondue.ch\/de\/wp-json\/wp\/v2\/pages\/30735\/revisions\/252664"}],"wp:attachment":[{"href":"https:\/\/mafondue.ch\/de\/wp-json\/wp\/v2\/media?parent=30735"}],"curies":[{"name":"wp","href":"https:\/\/api.w.org\/{rel}","templated":true}]}}