

{"id":30744,"date":"2020-09-10T21:29:18","date_gmt":"2020-09-10T19:29:18","guid":{"rendered":"https:\/\/mafondue.ch\/molkerei\/"},"modified":"2025-11-27T18:06:26","modified_gmt":"2025-11-27T17:06:26","slug":"molkerei","status":"publish","type":"page","link":"https:\/\/mafondue.ch\/de\/molkerei\/","title":{"rendered":"Kundendienst"},"content":{"rendered":"<p>[et_pb_section fb_built=&#8220;1&#8243; _builder_version=&#8220;4.16&#8243; _module_preset=&#8220;default&#8220; global_colors_info=&#8220;{}&#8220;][et_pb_row _builder_version=&#8220;4.16&#8243; _module_preset=&#8220;default&#8220; global_colors_info=&#8220;{}&#8220;][et_pb_column type=&#8220;4_4&#8243; _builder_version=&#8220;4.16&#8243; _module_preset=&#8220;default&#8220; global_colors_info=&#8220;{}&#8220;][et_pb_text _builder_version=&#8220;4.21.0&#8243; _module_preset=&#8220;default&#8220; global_colors_info=&#8220;{}&#8220;]<\/p>\n<h2>Kundenservice<\/h2>\n<p>&nbsp;<\/p>\n<p><iframe loading=\"lazy\" src=\"https:\/\/maps.google.ch\/maps?q=Laiterie+Moderne+Rte+de+la+L%C3%A9cheretta+12+1630+Bulle+Suisse&amp;ie=UTF8&amp;hl=en&amp;hq=Laiterie+Moderne&amp;hnear=Rue+de+la+L%C3%A9cheretta+12,+1630+Bulle,+Fribourg&amp;ll=46.619119,7.055904&amp;spn=0.01266,0.027874&amp;t=m&amp;z=14&amp;iwloc=A&amp;cid=12179302196427616925&amp;output=embed\" width=\"100%\" height=\"320\"><\/iframe><\/p>\n<p>Wir tun unser Bestes, um Ihnen den Einkauf bei MaFondue.ch so angenehm wie m\u00f6glich zu gestalten. Sollten Sie dennoch einmal das Gef\u00fchl haben, dass Sie nicht zufrieden sind, z\u00f6gern Sie nicht, uns zu kontaktieren.<\/p>\n<p>[\/et_pb_text][\/et_pb_column][\/et_pb_row][et_pb_row column_structure=&#8220;1_2,1_2&#8243; _builder_version=&#8220;4.16&#8243; _module_preset=&#8220;default&#8220; global_colors_info=&#8220;{}&#8220;][et_pb_column type=&#8220;1_2&#8243; _builder_version=&#8220;4.16&#8243; _module_preset=&#8220;default&#8220; global_colors_info=&#8220;{}&#8220;][et_pb_text _builder_version=&#8220;4.21.0&#8243; _module_preset=&#8220;default&#8220; global_colors_info=&#8220;{}&#8220;]<\/p>\n<h3>\u00d6ffnungszeiten<\/h3>\n<div class=\"content\">\n<table style=\"border-color: fff; font-size: 16px;\">\n<tbody>\n<tr>\n<td style=\"width: 320.633px;\">Montag bis Donnerstag<\/td>\n<td style=\"width: 267.57px;\">\n<p>7h30 &#8211; 11h45 <br \/>14h00 &#8211; 15h00<\/p>\n<\/td>\n<\/tr>\n<tr>\n<td style=\"width: 320.633px;\">Freitag<\/td>\n<td style=\"width: 267.57px;\">7h30 &#8211; 11h45<br \/>Geschlossen<\/td>\n<\/tr>\n<tr>\n<td style=\"width: 320.633px;\">Samstag<\/td>\n<td style=\"width: 267.57px;\">Geschlossen<\/td>\n<\/tr>\n<tr>\n<td style=\"width: 320.633px;\">Sonntag<\/td>\n<td style=\"width: 267.57px;\">Geschlossen<\/td>\n<\/tr>\n<\/tbody>\n<\/table>\n<\/div>\n<p>[\/et_pb_text][et_pb_text _builder_version=&#8220;4.21.0&#8243; _module_preset=&#8220;default&#8220; global_colors_info=&#8220;{}&#8220;]<\/p>\n<h3>E-Mail<\/h3>\n<table style=\"font-size: 16px;\">\n<tbody>\n<tr>\n<td><strong>Bestellung :<\/strong><\/td>\n<td><a href=\"mailto:commande@mafondue.ch\">commande@mafondue.ch<\/a><\/td>\n<\/tr>\n<tr>\n<td><strong>Kundenservice :<\/strong><\/td>\n<td><a href=\"mailto:service.client@mafondue.ch\">service.client@mafondue.ch<\/a><\/td>\n<\/tr>\n<tr>\n<td><strong>Wiederverk\u00e4ufer :<\/strong><\/td>\n<td><a href=\"mailto:info@mafondue.ch\">info@mafondue.ch<\/a><\/td>\n<\/tr>\n<\/tbody>\n<\/table>\n<p>[\/et_pb_text][\/et_pb_column][et_pb_column type=&#8220;1_2&#8243; _builder_version=&#8220;4.16&#8243; _module_preset=&#8220;default&#8220; global_colors_info=&#8220;{}&#8220;][et_pb_text _builder_version=&#8220;4.21.0&#8243; _module_preset=&#8220;default&#8220; global_colors_info=&#8220;{}&#8220;]<\/p>\n<h3>Adresse<\/h3>\n<table style=\"font-size: 16px;\">\n<tbody>\n<tr>\n<td><strong>MaFondue<\/strong><\/td>\n<\/tr>\n<tr>\n<td>Rte des Roseires 11<\/td>\n<\/tr>\n<tr>\n<td>1635 La Tour de Tr\u00eame<\/td>\n<\/tr>\n<tr>\n<td>CH &#8211; Suisse<\/td>\n<\/tr>\n<\/tbody>\n<\/table>\n<p>[\/et_pb_text][et_pb_text _builder_version=&#8220;4.21.0&#8243; _module_preset=&#8220;default&#8220; global_colors_info=&#8220;{}&#8220;]<\/p>\n<h3>Telefon<\/h3>\n<table style=\"font-size: 16px;\">\n<tbody>\n<tr>\n<td><strong>Telefon :<\/strong><\/td>\n<td>+41 26 912 71 82<\/td>\n<\/tr>\n<\/tbody>\n<\/table>\n<p>[\/et_pb_text][\/et_pb_column][\/et_pb_row][\/et_pb_section]<\/p>\n","protected":false},"excerpt":{"rendered":"<p>Kundenservice &nbsp; Wir tun unser Bestes, um Ihnen den Einkauf bei MaFondue.ch so angenehm wie m\u00f6glich zu gestalten. Sollten Sie dennoch einmal das Gef\u00fchl haben, dass Sie nicht zufrieden sind, z\u00f6gern Sie nicht, uns zu kontaktieren.\u00d6ffnungszeiten Montag bis Donnerstag 7h30 &#8211; 11h45 14h00 &#8211; 15h00 Freitag 7h30 &#8211; 11h45Geschlossen Samstag Geschlossen Sonntag Geschlossen E-Mail Bestellung [&hellip;]<\/p>\n","protected":false},"author":12027,"featured_media":0,"parent":0,"menu_order":0,"comment_status":"closed","ping_status":"closed","template":"","meta":{"_et_pb_use_builder":"on","_et_pb_old_content":"","_et_gb_content_width":"","footnotes":""},"class_list":["post-30744","page","type-page","status-publish","hentry"],"_links":{"self":[{"href":"https:\/\/mafondue.ch\/de\/wp-json\/wp\/v2\/pages\/30744","targetHints":{"allow":["GET"]}}],"collection":[{"href":"https:\/\/mafondue.ch\/de\/wp-json\/wp\/v2\/pages"}],"about":[{"href":"https:\/\/mafondue.ch\/de\/wp-json\/wp\/v2\/types\/page"}],"author":[{"embeddable":true,"href":"https:\/\/mafondue.ch\/de\/wp-json\/wp\/v2\/users\/12027"}],"replies":[{"embeddable":true,"href":"https:\/\/mafondue.ch\/de\/wp-json\/wp\/v2\/comments?post=30744"}],"version-history":[{"count":1,"href":"https:\/\/mafondue.ch\/de\/wp-json\/wp\/v2\/pages\/30744\/revisions"}],"predecessor-version":[{"id":256679,"href":"https:\/\/mafondue.ch\/de\/wp-json\/wp\/v2\/pages\/30744\/revisions\/256679"}],"wp:attachment":[{"href":"https:\/\/mafondue.ch\/de\/wp-json\/wp\/v2\/media?parent=30744"}],"curies":[{"name":"wp","href":"https:\/\/api.w.org\/{rel}","templated":true}]}}