

{"id":30762,"date":"2020-09-10T21:32:48","date_gmt":"2020-09-10T19:32:48","guid":{"rendered":"https:\/\/mafondue.ch\/dienst-kunde\/"},"modified":"2020-09-10T21:32:49","modified_gmt":"2020-09-10T19:32:49","slug":"dienst-kunde","status":"publish","type":"page","link":"https:\/\/mafondue.ch\/de\/dienst-kunde\/","title":{"rendered":"Dienst Kunde"},"content":{"rendered":"<p>[et_pb_section fb_built=&#8220;1&#8243; _builder_version=&#8220;4.5.7&#8243; _module_preset=&#8220;default&#8220;][et_pb_row _builder_version=&#8220;4.5.7&#8243; _module_preset=&#8220;default&#8220;][et_pb_column _builder_version=&#8220;4.5.7&#8243; _module_preset=&#8220;default&#8220; type=&#8220;4_4&#8243;][et_pb_text _builder_version=&#8220;4.5.7&#8243; _module_preset=&#8220;default&#8220; hover_enabled=&#8220;0&#8243;]<\/p>\n<div class=\"page-title\">\n<h1>Dienst Kunde<\/h1>\n<\/div>\n<div class=\"std\">\n<p><span id=\"tran0\">Kontakt<\/span><\/p>\n<p><span id=\"tran1\">Wir machen unser ganzes M\u00f6gliche, damit Ihre Kauferfahrung auf MaFondue.ch das angenehmste\u00a0<\/span>M\u00f6gliche ist, aber wenn Sie dennoch nicht befriedigt zu sein sch\u00e4tzen, nicht z\u00f6gern, mit uns zu kontaktieren, wir f\u00e4nden eine L\u00f6sung f\u00fcr Ihr Problem, und mit dem L\u00e4cheln notgedrungen!<\/p>\n<p><span id=\"tran2\">Telefon:\u00a0\u00a0\u00a0\u00a0\u00a0\u00a0\u00a0\u00a0\u00a0\u00a0\u00a0\u00a0 +41 26 912 71 82<\/span><br \/>\n<span id=\"tran3\">Fernkopie:\u00a0\u00a0\u00a0\u00a0\u00a0\u00a0\u00a0\u00a0 +41 26 913 14 45<\/span><br \/>\nBestellung :\u00a0\u00a0\u00a0\u00a0\u00a0\u00a0\u00a0<a href=\"mailto:commande@mafondue.ch\">commande@mafondue.ch<\/a><br \/>\n<span id=\"tran5\">Dienst Kunde:\u00a0\u00a0\u00a0<a href=\"mailto:service.client@mafondue.ch\">service.client@mafondue.ch<\/a><\/span><br \/>\n<span id=\"tran6\">Einzelh\u00e4ndler:\u00a0\u00a0\u00a0<a href=\"mailto:info@mafondue.ch\">info@mafondue.ch<\/a><\/span><\/p>\n<p><strong>Adresse<\/strong><\/p>\n<p>Laiterie Moderne<br \/>\nRte de la L\u00e9cheretta 12<br \/>\n1630 Bulle<br \/>\nCH &#8211; Suisse<\/p>\n<p>&nbsp;<\/p>\n<p>&nbsp;<\/p>\n<p><strong>Description<\/strong><br \/>\nMentions L\u00e9gales \/ Impressum :<br \/>\nFroval SA<br \/>\nChemin Pauvre Jacques 50<br \/>\n1630 Bulle<\/p>\n<\/div>\n<p>[\/et_pb_text][\/et_pb_column][\/et_pb_row][\/et_pb_section]<\/p>\n","protected":false},"excerpt":{"rendered":"<p>Dienst Kunde Kontakt Wir machen unser ganzes M\u00f6gliche, damit Ihre Kauferfahrung auf MaFondue.ch das angenehmste\u00a0M\u00f6gliche ist, aber wenn Sie dennoch nicht befriedigt zu sein sch\u00e4tzen, nicht z\u00f6gern, mit uns zu kontaktieren, wir f\u00e4nden eine L\u00f6sung f\u00fcr Ihr Problem, und mit dem L\u00e4cheln notgedrungen! Telefon:\u00a0\u00a0\u00a0\u00a0\u00a0\u00a0\u00a0\u00a0\u00a0\u00a0\u00a0\u00a0 +41 26 912 71 82 Fernkopie:\u00a0\u00a0\u00a0\u00a0\u00a0\u00a0\u00a0\u00a0 +41 26 913 14 45 [&hellip;]<\/p>\n","protected":false},"author":12027,"featured_media":0,"parent":0,"menu_order":0,"comment_status":"closed","ping_status":"closed","template":"","meta":{"_et_pb_use_builder":"on","_et_pb_old_content":"","_et_gb_content_width":"","footnotes":""},"class_list":["post-30762","page","type-page","status-publish","hentry"],"_links":{"self":[{"href":"https:\/\/mafondue.ch\/de\/wp-json\/wp\/v2\/pages\/30762","targetHints":{"allow":["GET"]}}],"collection":[{"href":"https:\/\/mafondue.ch\/de\/wp-json\/wp\/v2\/pages"}],"about":[{"href":"https:\/\/mafondue.ch\/de\/wp-json\/wp\/v2\/types\/page"}],"author":[{"embeddable":true,"href":"https:\/\/mafondue.ch\/de\/wp-json\/wp\/v2\/users\/12027"}],"replies":[{"embeddable":true,"href":"https:\/\/mafondue.ch\/de\/wp-json\/wp\/v2\/comments?post=30762"}],"version-history":[{"count":0,"href":"https:\/\/mafondue.ch\/de\/wp-json\/wp\/v2\/pages\/30762\/revisions"}],"wp:attachment":[{"href":"https:\/\/mafondue.ch\/de\/wp-json\/wp\/v2\/media?parent=30762"}],"curies":[{"name":"wp","href":"https:\/\/api.w.org\/{rel}","templated":true}]}}