

{"id":62721,"date":"2022-09-27T12:49:26","date_gmt":"2022-09-27T10:49:26","guid":{"rendered":"https:\/\/mafondue.ch\/?page_id=62721"},"modified":"2025-02-13T12:38:53","modified_gmt":"2025-02-13T11:38:53","slug":"fondue-aurelien","status":"publish","type":"page","link":"https:\/\/mafondue.ch\/de\/fondue-aurelien\/","title":{"rendered":"Fondue Aur\u00e9lien"},"content":{"rendered":"<p>[et_pb_section fb_built=&#8220;1&#8243; module_class=&#8220;light-section&#8220; _builder_version=&#8220;4.16&#8243; _module_preset=&#8220;default&#8220; custom_padding=&#8220;||6px|||&#8220; locked=&#8220;off&#8220; global_colors_info=&#8220;{}&#8220;][et_pb_row _builder_version=&#8220;4.16&#8243; _module_preset=&#8220;default&#8220; global_colors_info=&#8220;{}&#8220;][et_pb_column type=&#8220;4_4&#8243; _builder_version=&#8220;4.16&#8243; _module_preset=&#8220;default&#8220; global_colors_info=&#8220;{}&#8220;][et_pb_text _builder_version=&#8220;4.16&#8243; _module_preset=&#8220;default&#8220; text_orientation=&#8220;center&#8220; width=&#8220;60%&#8220; width_tablet=&#8220;100%&#8220; width_phone=&#8220;&#8220; width_last_edited=&#8220;on|phone&#8220; module_alignment=&#8220;center&#8220; module_alignment_last_edited=&#8220;off|desktop&#8220; global_colors_info=&#8220;{}&#8220;]<\/p>\n<h2><span style=\"color: #000000;\">FONDUE AUR\u00c9LIEN<\/span><\/h2>\n<div class=\"page\" title=\"Page 4\">\n<div class=\"section\">\n<div class=\"layoutArea\">\n<div class=\"column\">\n<p><span>Hallo an dich, ich bin Aurel.<\/span><\/p>\n<p>Ich fahre Freestyle-Ski und jetzt brauche ich dich, um mich in meinen n\u00e4chsten Saisons zu unterst\u00fctzen! <br \/><span><\/span><span>Mithilfe eines tollen Teams wurde dieses besondere Fondue mit K\u00e4sesorten meiner Wahl kreiert, denn ich liebe Fondue. <br \/><\/span>Dann viel Spa\u00df bei der Verkostung.<\/p>\n<p><span>Vergiss das Brot nicht und erz\u00e4hle anderen davon, wenn du sie geliebt hast. <br \/><\/span>Vielen Dank und bis bald auf den Skiern.<\/p>\n<\/div>\n<\/div>\n<\/div>\n<\/div>\n<p>[\/et_pb_text][et_pb_image src=&#8220;https:\/\/mafondue.ch\/wp-content\/uploads\/\/signature-aurel.svg&#8220; title_text=&#8220;signature-aurel&#8220; align=&#8220;center&#8220; _builder_version=&#8220;4.16&#8243; _module_preset=&#8220;default&#8220; width=&#8220;24%&#8220; global_colors_info=&#8220;{}&#8220;][\/et_pb_image][\/et_pb_column][\/et_pb_row][\/et_pb_section][et_pb_section fb_built=&#8220;1&#8243; module_class=&#8220;light-section poya-black&#8220; _builder_version=&#8220;4.16&#8243; _module_preset=&#8220;default&#8220; custom_padding=&#8220;||6px|||&#8220; locked=&#8220;off&#8220; global_colors_info=&#8220;{}&#8220;][et_pb_row column_structure=&#8220;1_2,1_2&#8243; _builder_version=&#8220;4.16&#8243; _module_preset=&#8220;default&#8220; custom_margin=&#8220;0px||0px||false|false&#8220; custom_padding=&#8220;0px||150px||false|false&#8220; global_colors_info=&#8220;{}&#8220;][et_pb_column type=&#8220;1_2&#8243; _builder_version=&#8220;4.16&#8243; _module_preset=&#8220;default&#8220; global_colors_info=&#8220;{}&#8220;][et_pb_image src=&#8220;https:\/\/mafondue.ch\/wp-content\/uploads\/2022\/09\/Zip-Bag-Aurelien_front.png&#8220; title_text=&#8220;Zip-Bag-Aurelien_front&#8220; _builder_version=&#8220;4.16&#8243; _module_preset=&#8220;default&#8220; global_colors_info=&#8220;{}&#8220;][\/et_pb_image][et_pb_button button_url=&#8220;https:\/\/mafondue.ch\/de\/fondue-aurelien\/?add-to-cart=%2062740&#8243; button_text=&#8220;In den Warenkorb&#8220; button_alignment=&#8220;center&#8220; _builder_version=&#8220;4.16&#8243; _module_preset=&#8220;default&#8220; global_colors_info=&#8220;{}&#8220;][\/et_pb_button][\/et_pb_column][et_pb_column type=&#8220;1_2&#8243; _builder_version=&#8220;4.16&#8243; _module_preset=&#8220;default&#8220; global_colors_info=&#8220;{}&#8220;][et_pb_text _builder_version=&#8220;4.16&#8243; _module_preset=&#8220;default&#8220; text_orientation=&#8220;center&#8220; width=&#8220;60%&#8220; width_tablet=&#8220;100%&#8220; width_phone=&#8220;&#8220; width_last_edited=&#8220;on|phone&#8220; module_alignment=&#8220;center&#8220; custom_padding=&#8220;60px|||||&#8220; module_alignment_last_edited=&#8220;off|desktop&#8220; global_colors_info=&#8220;{}&#8220;]<\/p>\n<p style=\"text-align: left;\"><strong>ZUTATEN:<\/strong> 49% Hartk\u00e4se aus Rohmilch (Schweiz), 49% halbfester, fetter K\u00e4se aus thermisierter Milch (Schweiz), 2% St\u00e4rke und Knoblauch.<\/p>\n<p style=\"text-align: left;\"><strong>LAGERUNG:<\/strong> max. +5\u00b0C. Unter Schutzatmosph\u00e4re verpackt. Beim Einfrieren (bei -18 \u00b0C aufbewahren) wird das Mindesthaltbarkeitsdatum um 6 Monate verl\u00e4ngert. Verwendbar bis ( siehe Datum auf der Packung ).<\/p>\n<p style=\"text-align: left;\"><strong>DURCHSCHNITTLICHE NUTRITIVWERTE 100g<\/strong>: Energie 1590Kj (380kcal) ; Fett 30g, davon ges\u00e4ttigte Fetts\u00e4uren 18g ; Kohlenhydrate 0g, davon Zucker 0g ; Ballaststoffe 0g ; Eiwei\u00df 28g ; Salz 1.5g.<\/p>\n<p>[\/et_pb_text][\/et_pb_column][\/et_pb_row][et_pb_row _builder_version=&#8220;4.16&#8243; _module_preset=&#8220;default&#8220; custom_margin=&#8220;0px||0px||false|false&#8220; custom_padding=&#8220;0px||150px||false|false&#8220; global_colors_info=&#8220;{}&#8220;][et_pb_column type=&#8220;4_4&#8243; _builder_version=&#8220;4.16&#8243; _module_preset=&#8220;default&#8220; global_colors_info=&#8220;{}&#8220;][et_pb_gallery gallery_ids=&#8220;62835,62838,62841,62844&#8243; orientation=&#8220;portrait&#8220; show_title_and_caption=&#8220;off&#8220; show_pagination=&#8220;off&#8220; _builder_version=&#8220;4.16&#8243; _module_preset=&#8220;default&#8220; caption_font=&#8220;||||||||&#8220; global_colors_info=&#8220;{}&#8220;][\/et_pb_gallery][\/et_pb_column][\/et_pb_row][\/et_pb_section]<\/p>\n","protected":false},"excerpt":{"rendered":"<p>FONDUE AUR\u00c9LIEN Hallo an dich, ich bin Aurel. Ich fahre Freestyle-Ski und jetzt brauche ich dich, um mich in meinen n\u00e4chsten Saisons zu unterst\u00fctzen! Mithilfe eines tollen Teams wurde dieses besondere Fondue mit K\u00e4sesorten meiner Wahl kreiert, denn ich liebe Fondue. Dann viel Spa\u00df bei der Verkostung. Vergiss das Brot nicht und erz\u00e4hle anderen davon, [&hellip;]<\/p>\n","protected":false},"author":12027,"featured_media":0,"parent":0,"menu_order":0,"comment_status":"closed","ping_status":"closed","template":"","meta":{"_et_pb_use_builder":"on","_et_pb_old_content":"","_et_gb_content_width":"","footnotes":""},"class_list":["post-62721","page","type-page","status-publish","hentry"],"_links":{"self":[{"href":"https:\/\/mafondue.ch\/de\/wp-json\/wp\/v2\/pages\/62721","targetHints":{"allow":["GET"]}}],"collection":[{"href":"https:\/\/mafondue.ch\/de\/wp-json\/wp\/v2\/pages"}],"about":[{"href":"https:\/\/mafondue.ch\/de\/wp-json\/wp\/v2\/types\/page"}],"author":[{"embeddable":true,"href":"https:\/\/mafondue.ch\/de\/wp-json\/wp\/v2\/users\/12027"}],"replies":[{"embeddable":true,"href":"https:\/\/mafondue.ch\/de\/wp-json\/wp\/v2\/comments?post=62721"}],"version-history":[{"count":4,"href":"https:\/\/mafondue.ch\/de\/wp-json\/wp\/v2\/pages\/62721\/revisions"}],"predecessor-version":[{"id":252680,"href":"https:\/\/mafondue.ch\/de\/wp-json\/wp\/v2\/pages\/62721\/revisions\/252680"}],"wp:attachment":[{"href":"https:\/\/mafondue.ch\/de\/wp-json\/wp\/v2\/media?parent=62721"}],"curies":[{"name":"wp","href":"https:\/\/api.w.org\/{rel}","templated":true}]}}