

{"id":63174,"date":"2023-01-09T16:02:12","date_gmt":"2023-01-09T15:02:12","guid":{"rendered":"https:\/\/mafondue.ch\/?page_id=63174"},"modified":"2023-01-09T17:02:49","modified_gmt":"2023-01-09T16:02:49","slug":"fondue-hc-prilly","status":"publish","type":"page","link":"https:\/\/mafondue.ch\/de\/fondue-hc-prilly\/","title":{"rendered":"Fondue HC Prilly"},"content":{"rendered":"<p>[et_pb_section fb_built=&#8220;1&#8243; module_class=&#8220;dark-section&#8220; _builder_version=&#8220;4.5.7&#8243; _module_preset=&#8220;default&#8220; background_enable_color=&#8220;off&#8220; background_image=&#8220;https:\/\/mafondue.ch\/wp-content\/uploads\/2022\/09\/hcprilly-banner-2022.jpg&#8220; min_height=&#8220;350px&#8220;][et_pb_row column_structure=&#8220;1_2,1_2&#8243; _builder_version=&#8220;4.5.1&#8243; _module_preset=&#8220;default&#8220;][et_pb_column type=&#8220;1_2&#8243; _builder_version=&#8220;4.5.1&#8243; _module_preset=&#8220;default&#8220;][\/et_pb_column][et_pb_column type=&#8220;1_2&#8243; _builder_version=&#8220;4.5.1&#8243; _module_preset=&#8220;default&#8220;][\/et_pb_column][\/et_pb_row][\/et_pb_section][et_pb_section fb_built=&#8220;1&#8243; module_class=&#8220;light-section&#8220; _builder_version=&#8220;4.5.7&#8243; _module_preset=&#8220;default&#8220; custom_padding=&#8220;||6px|||&#8220; locked=&#8220;off&#8220;][et_pb_row _builder_version=&#8220;4.5.1&#8243; _module_preset=&#8220;default&#8220; custom_padding=&#8220;||0px|||&#8220;][et_pb_column type=&#8220;4_4&#8243; _builder_version=&#8220;4.5.1&#8243; _module_preset=&#8220;default&#8220;][et_pb_text _builder_version=&#8220;4.5.7&#8243; _module_preset=&#8220;default&#8220; text_orientation=&#8220;center&#8220; width=&#8220;60%&#8220; width_tablet=&#8220;100%&#8220; width_phone=&#8220;&#8220; width_last_edited=&#8220;on|phone&#8220; module_alignment=&#8220;center&#8220; custom_padding=&#8220;||0px|||&#8220; module_alignment_last_edited=&#8220;off|desktop&#8220;]<\/p>\n<h2><span style=\"color: #000000;\">FONDUE HC Prilly<\/span><\/h2>\n<div class=\"page\" title=\"Page 4\">\n<div class=\"section\">\n<div class=\"layoutArea\">\n<div class=\"column\">\n<p>&nbsp;<\/p>\n<\/div>\n<\/div>\n<\/div>\n<\/div>\n<p>[\/et_pb_text][\/et_pb_column][\/et_pb_row][et_pb_row column_structure=&#8220;1_2,1_2&#8243; _builder_version=&#8220;4.5.7&#8243; _module_preset=&#8220;default&#8220; width=&#8220;100%&#8220;][et_pb_column type=&#8220;1_2&#8243; _builder_version=&#8220;4.5.7&#8243; _module_preset=&#8220;default&#8220;][et_pb_image src=&#8220;https:\/\/mafondue.ch\/wp-content\/uploads\/2022\/09\/Logo_HCPrilly_sanspics_Broderie.png&#8220; title_text=&#8220;Logo_HCPrilly_sanspics_Broderie&#8220; align=&#8220;center&#8220; _builder_version=&#8220;4.5.7&#8243; _module_preset=&#8220;default&#8220; width=&#8220;82%&#8220; max_width=&#8220;78%&#8220;][\/et_pb_image][\/et_pb_column][et_pb_column type=&#8220;1_2&#8243; _builder_version=&#8220;4.5.7&#8243; _module_preset=&#8220;default&#8220;][et_pb_text _builder_version=&#8220;4.5.7&#8243; _module_preset=&#8220;default&#8220; text_orientation=&#8220;center&#8220; width=&#8220;100%&#8220; width_tablet=&#8220;100%&#8220; width_phone=&#8220;&#8220; width_last_edited=&#8220;on|phone&#8220; module_alignment=&#8220;center&#8220; custom_margin=&#8220;||||false|false&#8220; custom_padding=&#8220;||||false|false&#8220; module_alignment_last_edited=&#8220;off|desktop&#8220;]<\/p>\n<p style=\"text-align: left;\"><strong><span style=\"color: #333333;\"><b><i>Hey salut !<\/i><\/b><\/span><\/strong><\/p>\n<p style=\"text-align: left;\">Le HC Prilly Black Panthers lance sa vente de fondue d\u00e8s aujourd\u2019hui et jusqu\u2019\u00e0 fin mars pour que tu puisses commander et inviter tes amis tous l\u2019hiver \ud83d\ude0a<\/p>\n<p style=\"text-align: left;\">Nos Panth\u00e8res sont parties chasser les meilleurs fromages Fribourgeois pour te proposer la meilleure des fondues, la \u00abBLACK P\u00bb.<\/p>\n<p style=\"text-align: left;\">Sa recette reste un grand myst\u00e8re mais il se murmure dans les couloirs de la Vaudoise ar\u00e9na que cette fameuse fondue contiendrait peut-\u00eatre un ingr\u00e9dient secret, du lait de panth\u00e8re\u2026\u2026. \ud83e\udd14\ud83e\udd14\ud83e\udd14<br \/><b><i><br \/>Soutiens-nous et commande ta fondue !<\/i><\/b><\/p>\n<p style=\"text-align: left;\">\u00a0<\/p>\n<p>[\/et_pb_text][\/et_pb_column][\/et_pb_row][\/et_pb_section][et_pb_section fb_built=&#8220;1&#8243; module_class=&#8220;light-section poya-black&#8220; _builder_version=&#8220;4.5.7&#8243; _module_preset=&#8220;default&#8220; custom_padding=&#8220;||6px|||&#8220; locked=&#8220;off&#8220;][et_pb_row column_structure=&#8220;1_4,1_4,1_2&#8243; _builder_version=&#8220;4.5.7&#8243; _module_preset=&#8220;default&#8220; custom_margin=&#8220;0px||0px||false|false&#8220; custom_padding=&#8220;0px||2px||false|false&#8220;][et_pb_column type=&#8220;1_4&#8243; _builder_version=&#8220;4.5.1&#8243; _module_preset=&#8220;default&#8220;][et_pb_image src=&#8220;https:\/\/mafondue.ch\/wp-content\/uploads\/2022\/09\/HC_PRILLY_WEB.png&#8220; title_text=&#8220;HC_PRILLY_WEB&#8220; _builder_version=&#8220;4.5.7&#8243; _module_preset=&#8220;default&#8220;][\/et_pb_image][et_pb_text _builder_version=&#8220;4.5.7&#8243; _module_preset=&#8220;default&#8220; text_orientation=&#8220;center&#8220; width=&#8220;60%&#8220; width_tablet=&#8220;100%&#8220; width_phone=&#8220;&#8220; width_last_edited=&#8220;on|phone&#8220; module_alignment=&#8220;center&#8220; custom_margin=&#8220;||||false|false&#8220; custom_padding=&#8220;||||false|false&#8220; module_alignment_last_edited=&#8220;off|desktop&#8220;]<\/p>\n<p style=\"text-align: center;\"><strong>1 paquet<\/strong><\/p>\n<p style=\"text-align: center;\">CHF 16.-<\/p>\n<p>[\/et_pb_text][\/et_pb_column][et_pb_column type=&#8220;1_4&#8243; _builder_version=&#8220;4.5.1&#8243; _module_preset=&#8220;default&#8220;][et_pb_image src=&#8220;https:\/\/mafondue.ch\/wp-content\/uploads\/2022\/09\/HC_PRILLY_WEB-2pack.png&#8220; title_text=&#8220;HC_PRILLY_WEB-2pack&#8220; _builder_version=&#8220;4.5.7&#8243; _module_preset=&#8220;default&#8220;][\/et_pb_image][et_pb_text _builder_version=&#8220;4.5.7&#8243; _module_preset=&#8220;default&#8220; text_orientation=&#8220;center&#8220; width=&#8220;60%&#8220; width_tablet=&#8220;100%&#8220; width_phone=&#8220;&#8220; width_last_edited=&#8220;on|phone&#8220; module_alignment=&#8220;center&#8220; custom_margin=&#8220;||||false|false&#8220; custom_padding=&#8220;||||false|false&#8220; module_alignment_last_edited=&#8220;off|desktop&#8220;]<\/p>\n<p style=\"text-align: center;\"><strong>D\u00e8s 2 paquets<\/strong><\/p>\n<p style=\"text-align: center;\">CHF 15.-\/paquet<\/p>\n<p>[\/et_pb_text][\/et_pb_column][et_pb_column type=&#8220;1_2&#8243; _builder_version=&#8220;4.5.7&#8243; _module_preset=&#8220;default&#8220; custom_css_main_element=&#8220;align-self: center;&#8220;]<\/p>\n<p>[et_pb_wc_add_to_cart product=&#8220;63184&#8243; _builder_version=&#8220;4.5.7&#8243; _module_preset=&#8220;default&#8220;][\/et_pb_wc_add_to_cart]<\/p>\n<p>[\/et_pb_column][\/et_pb_row][et_pb_row _builder_version=&#8220;4.5.7&#8243; _module_preset=&#8220;default&#8220;][et_pb_column type=&#8220;4_4&#8243; _builder_version=&#8220;4.5.7&#8243; _module_preset=&#8220;default&#8220;][et_pb_text _builder_version=&#8220;4.5.7&#8243; _module_preset=&#8220;default&#8220; text_orientation=&#8220;center&#8220; width=&#8220;100%&#8220; width_tablet=&#8220;100%&#8220; width_phone=&#8220;&#8220; width_last_edited=&#8220;on|phone&#8220; module_alignment=&#8220;center&#8220; custom_margin=&#8220;||||false|false&#8220; custom_padding=&#8220;||||false|false&#8220; module_alignment_last_edited=&#8220;off|desktop&#8220;]<\/p>\n<p style=\"text-align: left;\"><b>ZUTATEN:<\/b>\u00a049% Hartk\u00e4se aus Rohmilch (Schweiz), 49% halbfester, fetter K\u00e4se aus thermisierter Milch (Schweiz), 2% St\u00e4rke und Knoblauch.<\/p>\n<p style=\"text-align: left;\"><b>LAGERUNG:<\/b>\u00a0Max. +5\u00b0C. Unter Schutzatmosph\u00e4re verpackt. Bei Einfrieren (bei -18\u00b0C aufbewahren) verl\u00e4ngert sich das Haltbarkeitsdatum um 6 Monate. Verwendbar bis (siehe Datum auf der Packung).<\/p>\n<p style=\"text-align: left;\"><b>DURCHSCHNITTLICHE NUTRITIVWERTE 100G:<\/b>\u00a0Energie 1590Kj (380kcal); Fett 30g, davon ges\u00e4ttigte Fetts\u00e4uren 18g; Kohlenhydrate 0g, davon Zucker 0g; Ballaststoffe 0g; Eiwei\u00df 28g; Salz 1.5g.<\/p>\n<p>[\/et_pb_text][\/et_pb_column][\/et_pb_row][et_pb_row column_structure=&#8220;1_3,1_3,1_3&#8243; _builder_version=&#8220;4.5.7&#8243; _module_preset=&#8220;default&#8220; custom_margin=&#8220;0px||0px||false|false&#8220; custom_padding=&#8220;0px||150px||false|false&#8220;][et_pb_column type=&#8220;1_3&#8243; _builder_version=&#8220;4.5.1&#8243; _module_preset=&#8220;default&#8220;][\/et_pb_column][et_pb_column type=&#8220;1_3&#8243; _builder_version=&#8220;4.5.1&#8243; _module_preset=&#8220;default&#8220;][\/et_pb_column][et_pb_column type=&#8220;1_3&#8243; _builder_version=&#8220;4.5.1&#8243; _module_preset=&#8220;default&#8220;][\/et_pb_column][\/et_pb_row][\/et_pb_section]<\/p>\n","protected":false},"excerpt":{"rendered":"<p>FONDUE HC Prilly &nbsp; Hey salut ! Le HC Prilly Black Panthers lance sa vente de fondue d\u00e8s aujourd\u2019hui et jusqu\u2019\u00e0 fin mars pour que tu puisses commander et inviter tes amis tous l\u2019hiver \ud83d\ude0a Nos Panth\u00e8res sont parties chasser les meilleurs fromages Fribourgeois pour te proposer la meilleure des fondues, la \u00abBLACK P\u00bb. Sa [&hellip;]<\/p>\n","protected":false},"author":12027,"featured_media":0,"parent":0,"menu_order":0,"comment_status":"closed","ping_status":"closed","template":"","meta":{"_et_pb_use_builder":"on","_et_pb_old_content":"","_et_gb_content_width":"","footnotes":""},"class_list":["post-63174","page","type-page","status-publish","hentry"],"_links":{"self":[{"href":"https:\/\/mafondue.ch\/de\/wp-json\/wp\/v2\/pages\/63174","targetHints":{"allow":["GET"]}}],"collection":[{"href":"https:\/\/mafondue.ch\/de\/wp-json\/wp\/v2\/pages"}],"about":[{"href":"https:\/\/mafondue.ch\/de\/wp-json\/wp\/v2\/types\/page"}],"author":[{"embeddable":true,"href":"https:\/\/mafondue.ch\/de\/wp-json\/wp\/v2\/users\/12027"}],"replies":[{"embeddable":true,"href":"https:\/\/mafondue.ch\/de\/wp-json\/wp\/v2\/comments?post=63174"}],"version-history":[{"count":0,"href":"https:\/\/mafondue.ch\/de\/wp-json\/wp\/v2\/pages\/63174\/revisions"}],"wp:attachment":[{"href":"https:\/\/mafondue.ch\/de\/wp-json\/wp\/v2\/media?parent=63174"}],"curies":[{"name":"wp","href":"https:\/\/api.w.org\/{rel}","templated":true}]}}