

{"id":63233,"date":"2022-12-20T09:15:09","date_gmt":"2022-12-20T08:15:09","guid":{"rendered":"https:\/\/mafondue.ch\/?page_id=63233"},"modified":"2025-02-13T12:43:19","modified_gmt":"2025-02-13T11:43:19","slug":"fondue-asgi","status":"publish","type":"page","link":"https:\/\/mafondue.ch\/de\/fondue-asgi\/","title":{"rendered":"Fondue ASGI"},"content":{"rendered":"<p>[et_pb_section fb_built=&#8220;1&#8243; module_class=&#8220;dark-section&#8220; _builder_version=&#8220;4.16&#8243; _module_preset=&#8220;default&#8220; background_enable_color=&#8220;off&#8220; background_image=&#8220;https:\/\/mafondue.ch\/wp-content\/uploads\/2022\/09\/ASGI-banner.jpg&#8220; min_height=&#8220;350px&#8220; global_colors_info=&#8220;{}&#8220;][et_pb_row column_structure=&#8220;1_2,1_2&#8243; _builder_version=&#8220;4.16&#8243; _module_preset=&#8220;default&#8220; global_colors_info=&#8220;{}&#8220;][et_pb_column type=&#8220;1_2&#8243; _builder_version=&#8220;4.16&#8243; _module_preset=&#8220;default&#8220; global_colors_info=&#8220;{}&#8220;][\/et_pb_column][et_pb_column type=&#8220;1_2&#8243; _builder_version=&#8220;4.16&#8243; _module_preset=&#8220;default&#8220; global_colors_info=&#8220;{}&#8220;][\/et_pb_column][\/et_pb_row][\/et_pb_section][et_pb_section fb_built=&#8220;1&#8243; module_class=&#8220;light-section&#8220; _builder_version=&#8220;4.16&#8243; _module_preset=&#8220;default&#8220; custom_padding=&#8220;||0px|||&#8220; locked=&#8220;off&#8220; global_colors_info=&#8220;{}&#8220;][et_pb_row _builder_version=&#8220;4.16&#8243; _module_preset=&#8220;default&#8220; custom_padding=&#8220;||0px|||&#8220; global_colors_info=&#8220;{}&#8220;][et_pb_column type=&#8220;4_4&#8243; _builder_version=&#8220;4.16&#8243; _module_preset=&#8220;default&#8220; global_colors_info=&#8220;{}&#8220;][et_pb_text _builder_version=&#8220;4.16&#8243; _module_preset=&#8220;default&#8220; text_orientation=&#8220;center&#8220; width=&#8220;60%&#8220; width_tablet=&#8220;100%&#8220; width_phone=&#8220;&#8220; width_last_edited=&#8220;on|phone&#8220; module_alignment=&#8220;center&#8220; module_alignment_last_edited=&#8220;off|desktop&#8220; global_colors_info=&#8220;{}&#8220;]<\/p>\n<h2><span style=\"color: #000000;\">FONDUE ASGI<\/span><\/h2>\n<div class=\"page\" title=\"Page 4\">\n<div class=\"section\">\n<div class=\"layoutArea\">\n<div class=\"column\">\n<p>&nbsp;<\/p>\n<\/div>\n<\/div>\n<\/div>\n<\/div>\n<p>[\/et_pb_text][\/et_pb_column][\/et_pb_row][\/et_pb_section][et_pb_section fb_built=&#8220;1&#8243; module_class=&#8220;light-section poya-black&#8220; _builder_version=&#8220;4.16&#8243; _module_preset=&#8220;default&#8220; custom_padding=&#8220;||6px|||&#8220; locked=&#8220;off&#8220; global_colors_info=&#8220;{}&#8220;][et_pb_row column_structure=&#8220;1_2,1_2&#8243; _builder_version=&#8220;4.16&#8243; _module_preset=&#8220;default&#8220; custom_margin=&#8220;0px||0px||false|false&#8220; custom_padding=&#8220;0px||0px||false|false&#8220; global_colors_info=&#8220;{}&#8220;][et_pb_column type=&#8220;1_2&#8243; _builder_version=&#8220;4.16&#8243; _module_preset=&#8220;default&#8220; global_colors_info=&#8220;{}&#8220;][et_pb_image src=&#8220;https:\/\/mafondue.ch\/wp-content\/uploads\/2022\/09\/Fondue-ASGI.png&#8220; title_text=&#8220;Fondue-ASGI&#8220; _builder_version=&#8220;4.16&#8243; _module_preset=&#8220;default&#8220; global_colors_info=&#8220;{}&#8220;][\/et_pb_image][\/et_pb_column][et_pb_column type=&#8220;1_2&#8243; _builder_version=&#8220;4.16&#8243; _module_preset=&#8220;default&#8220; global_colors_info=&#8220;{}&#8220;][et_pb_text _builder_version=&#8220;4.16&#8243; _module_preset=&#8220;default&#8220; text_orientation=&#8220;center&#8220; width=&#8220;100%&#8220; width_tablet=&#8220;100%&#8220; width_phone=&#8220;&#8220; width_last_edited=&#8220;on|phone&#8220; module_alignment=&#8220;center&#8220; custom_padding=&#8220;||||false|false&#8220; module_alignment_last_edited=&#8220;off|desktop&#8220; global_colors_info=&#8220;{}&#8220;]<\/p>\n<h2>Unterst\u00fctzen Sie die Botschafter von ASGI<\/h2>\n<p><strong>Hat Ihnen das Fondue geschmeckt?<\/strong><\/p>\n<p>F\u00fcr jedes verkaufte Fondue wird ein Betrag von CHF 2.00 an den ASGI Sportler- und Botschafterfonds gespendet.<\/p>\n<p>[\/et_pb_text][et_pb_text _builder_version=&#8220;4.16&#8243; _module_preset=&#8220;default&#8220; custom_padding=&#8220;||||false|false&#8220; locked=&#8220;off&#8220; global_colors_info=&#8220;{}&#8220;]<\/p>\n<h4 style=\"text-align: left;\"><span style=\"color: #000000; font-size: 26px;\">15 CHF<\/span><\/h4>\n<p>[\/et_pb_text][et_pb_wc_add_to_cart product=&#8220;63226&#8243; _builder_version=&#8220;4.16&#8243; _module_preset=&#8220;default&#8220; global_colors_info=&#8220;{}&#8220;][\/et_pb_wc_add_to_cart][\/et_pb_column][\/et_pb_row][et_pb_row _builder_version=&#8220;4.16&#8243; _module_preset=&#8220;default&#8220; custom_margin=&#8220;0px||0px||false|false&#8220; custom_padding=&#8220;0px||150px||false|false&#8220; global_colors_info=&#8220;{}&#8220;][et_pb_column type=&#8220;4_4&#8243; _builder_version=&#8220;4.16&#8243; _module_preset=&#8220;default&#8220; global_colors_info=&#8220;{}&#8220;][et_pb_text _builder_version=&#8220;4.16&#8243; _module_preset=&#8220;default&#8220; text_orientation=&#8220;center&#8220; width=&#8220;100%&#8220; width_tablet=&#8220;100%&#8220; width_phone=&#8220;&#8220; width_last_edited=&#8220;on|phone&#8220; module_alignment=&#8220;center&#8220; custom_padding=&#8220;||||false|false&#8220; module_alignment_last_edited=&#8220;off|desktop&#8220; global_colors_info=&#8220;{}&#8220;]<\/p>\n<p style=\"text-align: left;\"><strong>INGR\u00c9DIENTS:<\/strong> 49% de fromage \u00e0 p\u00e2te dure au lait cru (Suisse), 49% de fromage gras \u00e0 p\u00e2te mi-dure \u00e0 base de lait thermis\u00e9 (Suisse), 2% f\u00e9cule et ail.<\/p>\n<p style=\"text-align: left;\"><strong>CONSERVATION:<\/strong> max. +5\u00b0C. Conditionn\u00e9e sous atmosph\u00e8re protectrice. Sous cong\u00e9lation (\u00e0 conserver \u00e0 -18\u00b0C), la date limite de consommation est prolong\u00e9e de 6 mois. \u00c0 consommer jusqu\u2019au ( voir la date sur le sachet ).<\/p>\n<p style=\"text-align: left;\"><strong>VALEURS NUTRITIVES MOYENNES 100G:<\/strong> Energie 1590Kj (380kcal); Lipide 30g, dont acides gras satur\u00e9s 18g; Glucides 0g, dont sucres 0g; Fibre alimentaires 0g; Prot\u00e9ines 28g; Sel 1.5g.<\/p>\n<p>[\/et_pb_text][\/et_pb_column][\/et_pb_row][\/et_pb_section]<\/p>\n","protected":false},"excerpt":{"rendered":"<p>FONDUE ASGI &nbsp; Unterst\u00fctzen Sie die Botschafter von ASGI Hat Ihnen das Fondue geschmeckt? F\u00fcr jedes verkaufte Fondue wird ein Betrag von CHF 2.00 an den ASGI Sportler- und Botschafterfonds gespendet.15 CHFINGR\u00c9DIENTS: 49% de fromage \u00e0 p\u00e2te dure au lait cru (Suisse), 49% de fromage gras \u00e0 p\u00e2te mi-dure \u00e0 base de lait thermis\u00e9 (Suisse), [&hellip;]<\/p>\n","protected":false},"author":12027,"featured_media":0,"parent":0,"menu_order":0,"comment_status":"closed","ping_status":"closed","template":"","meta":{"_et_pb_use_builder":"on","_et_pb_old_content":"","_et_gb_content_width":"","footnotes":""},"class_list":["post-63233","page","type-page","status-publish","hentry"],"_links":{"self":[{"href":"https:\/\/mafondue.ch\/de\/wp-json\/wp\/v2\/pages\/63233","targetHints":{"allow":["GET"]}}],"collection":[{"href":"https:\/\/mafondue.ch\/de\/wp-json\/wp\/v2\/pages"}],"about":[{"href":"https:\/\/mafondue.ch\/de\/wp-json\/wp\/v2\/types\/page"}],"author":[{"embeddable":true,"href":"https:\/\/mafondue.ch\/de\/wp-json\/wp\/v2\/users\/12027"}],"replies":[{"embeddable":true,"href":"https:\/\/mafondue.ch\/de\/wp-json\/wp\/v2\/comments?post=63233"}],"version-history":[{"count":3,"href":"https:\/\/mafondue.ch\/de\/wp-json\/wp\/v2\/pages\/63233\/revisions"}],"predecessor-version":[{"id":252687,"href":"https:\/\/mafondue.ch\/de\/wp-json\/wp\/v2\/pages\/63233\/revisions\/252687"}],"wp:attachment":[{"href":"https:\/\/mafondue.ch\/de\/wp-json\/wp\/v2\/media?parent=63233"}],"curies":[{"name":"wp","href":"https:\/\/api.w.org\/{rel}","templated":true}]}}