

{"id":67218,"date":"2023-02-09T15:52:54","date_gmt":"2023-02-09T14:52:54","guid":{"rendered":"https:\/\/mafondue.ch\/?page_id=67218"},"modified":"2024-04-22T16:52:04","modified_gmt":"2024-04-22T14:52:04","slug":"fondue-rezept","status":"publish","type":"page","link":"https:\/\/mafondue.ch\/de\/fondue-rezept\/","title":{"rendered":"Fondue-Rezept"},"content":{"rendered":"<p>[et_pb_section fb_built=&#8220;1&#8243; module_class=&#8220;light-section poya-black&#8220; _builder_version=&#8220;4.16&#8243; _module_preset=&#8220;default&#8220; custom_margin=&#8220;||||false|false&#8220; global_colors_info=&#8220;{}&#8220;][et_pb_row column_structure=&#8220;3_5,2_5&#8243; _builder_version=&#8220;4.16&#8243; _module_preset=&#8220;default&#8220; custom_padding=&#8220;||106px|||&#8220; global_colors_info=&#8220;{}&#8220;][et_pb_column type=&#8220;3_5&#8243; _builder_version=&#8220;4.16&#8243; _module_preset=&#8220;default&#8220; global_colors_info=&#8220;{}&#8220;][et_pb_text _builder_version=&#8220;4.19.5&#8243; _module_preset=&#8220;default&#8220; text_font=&#8220;long-weekend||||||||&#8220; custom_padding=&#8220;||0px|||&#8220; global_colors_info=&#8220;{}&#8220;]<\/p>\n<h2 style=\"color: #000000; font-family: long-weekend;\">Die Schritte f\u00fcr das perfekte Fondue<\/h2>\n<p>[\/et_pb_text][et_pb_text _builder_version=&#8220;4.24.3&#8243; _module_preset=&#8220;default&#8220; custom_padding=&#8220;||0px|||&#8220; global_colors_info=&#8220;{}&#8220;]<\/p>\n<table style=\"width: 100%; border-collapse: collapse; border-style: none; margin-left: auto; margin-right: auto; font-size: 15pt;\">\n<tbody>\n<tr>\n<td style=\"width: 425.5px;\"><span style=\"vertical-align: middle; color: #333333;\"><img loading=\"lazy\" decoding=\"async\" class=\"wp-image-67236 alignnone size-full\" src=\"https:\/\/mafondue.ch\/wp-content\/uploads\/2023\/02\/Icon_cheese.png\" alt=\"\" width=\"64\" height=\"64\" \/><\/span><strong style=\"font-family: inherit; font-size: inherit;\">400g<\/strong> K\u00e4se<\/td>\n<td style=\"width: 425.5px;\"><span style=\"vertical-align: middle; color: #333333;\"><img loading=\"lazy\" decoding=\"async\" class=\"wp-image-67232 alignnone size-full\" src=\"https:\/\/mafondue.ch\/wp-content\/uploads\/2023\/02\/Icon_bottle.png\" alt=\"\" width=\"64\" height=\"64\" \/><\/span><span style=\"color: #333333;\"><strong>1.2 \u00e0 1.5 dl<\/strong> Wei\u00dfwein<\/span><\/td>\n<\/tr>\n<\/tbody>\n<\/table>\n<p>[\/et_pb_text][et_pb_text _builder_version=&#8220;4.19.5&#8243; _module_preset=&#8220;default&#8220; text_font=&#8220;long-weekend||||||||&#8220; custom_margin=&#8220;||-4px|||&#8220; global_colors_info=&#8220;{}&#8220;]<\/p>\n<h3 style=\"font-family: long-weekend; color: black;\">rezept<\/h3>\n<p>[\/et_pb_text][et_pb_text _builder_version=&#8220;4.24.3&#8243; _module_preset=&#8220;default&#8220; custom_padding=&#8220;||0px|||&#8220; global_colors_info=&#8220;{}&#8220;]<\/p>\n<ol style=\"font-size: 15pt;\">\n<li><span style=\"color: #333333;\">Bringen Sie den Wei\u00dfwein in Ihrem Fonduetopf zum Kochen<\/span><\/li>\n<li><span style=\"color: #333333;\">F\u00fcgen Sie die 400 g K\u00e4se hinzu<\/span><\/li>\n<li><span style=\"color: #333333;\">St\u00e4ndig r\u00fchren. Nach Ihrem Geschmack k\u00f6nnen Sie Pfeffer hinzuf\u00fcgen.<\/span><\/li>\n<li><span style=\"color: #333333;\">Stellen Sie Ihren Fonduetopf auf einen Herd, Ihr Fondue bleibt geschmeidig und cremig.<\/span><\/li>\n<li><span style=\"color: #333333;\">Und guten Appetit \ud83d\ude0a<\/span><\/li>\n<\/ol>\n<p>[\/et_pb_text][et_pb_image src=&#8220;https:\/\/mafondue.ch\/wp-content\/uploads\/2024\/04\/mafondue-shema-recette-fondue-h.svg&#8220; title_text=&#8220;Mafondue-shema-recette-fondue-H&#8220; admin_label=&#8220;Image&#8220; _builder_version=&#8220;4.24.3&#8243; _module_preset=&#8220;default&#8220; locked=&#8220;off&#8220; global_colors_info=&#8220;{}&#8220;][\/et_pb_image][\/et_pb_column][et_pb_column type=&#8220;2_5&#8243; _builder_version=&#8220;4.16&#8243; _module_preset=&#8220;default&#8220; global_colors_info=&#8220;{}&#8220;][et_pb_video src=&#8220;https:\/\/mafondue.ch\/wp-content\/uploads\/2024\/04\/tuto-recette_de.mp4&#8243; _builder_version=&#8220;4.25.0&#8243; _module_preset=&#8220;default&#8220; global_colors_info=&#8220;{}&#8220;][\/et_pb_video][\/et_pb_column][\/et_pb_row][\/et_pb_section][et_pb_section fb_built=&#8220;1&#8243; module_class=&#8220;dark-section  poya-white&#8220; _builder_version=&#8220;4.16&#8243; _module_preset=&#8220;default&#8220; background_color=&#8220;#2d2e2f&#8220; global_colors_info=&#8220;{}&#8220;][et_pb_row column_structure=&#8220;1_2,1_2&#8243; _builder_version=&#8220;4.16&#8243; _module_preset=&#8220;default&#8220; link_option_url=&#8220;https:\/\/mafondue.ch\/de\/raclette\/&#8220; global_colors_info=&#8220;{}&#8220;][et_pb_column type=&#8220;1_2&#8243; _builder_version=&#8220;4.16&#8243; _module_preset=&#8220;default&#8220; global_colors_info=&#8220;{}&#8220;][et_pb_image src=&#8220;https:\/\/mafondue.ch\/wp-content\/uploads\/2021\/01\/Caquelon-Fondue.png&#8220; alt=&#8220;Nos Fondues&#8220; title_text=&#8220;Caquelon-Fondue&#8220; _builder_version=&#8220;4.19.4&#8243; _module_preset=&#8220;default&#8220; custom_margin=&#8220;-113px||||false|false&#8220; custom_margin_tablet=&#8220;0px||||false|false&#8220; custom_margin_phone=&#8220;&#8220; custom_margin_last_edited=&#8220;on|tablet&#8220; custom_padding=&#8220;||0px|||&#8220; global_colors_info=&#8220;{}&#8220;][\/et_pb_image][\/et_pb_column][et_pb_column type=&#8220;1_2&#8243; _builder_version=&#8220;4.16&#8243; _module_preset=&#8220;default&#8220; global_colors_info=&#8220;{}&#8220;][et_pb_text _builder_version=&#8220;4.16&#8243; _module_preset=&#8220;default&#8220; global_colors_info=&#8220;{}&#8220;]<\/p>\n<h2>Wir schmelzen f\u00fcr ein <strong>FONDUE<\/strong><\/h2>\n<p>[\/et_pb_text][et_pb_text _builder_version=&#8220;4.19.1&#8243; _module_preset=&#8220;default&#8220; global_colors_info=&#8220;{}&#8220;]<\/p>\n<p><a class=\"custom-link\" href=\"https:\/\/mafondue.ch\/de\/fondue\/\">Jetzt entdecken &gt;<\/a><\/p>\n<p>[\/et_pb_text][\/et_pb_column][\/et_pb_row][\/et_pb_section][et_pb_section fb_built=&#8220;1&#8243; module_class=&#8220;light-section poya-black&#8220; _builder_version=&#8220;4.16&#8243; _module_preset=&#8220;default&#8220; global_colors_info=&#8220;{}&#8220;][et_pb_row column_structure=&#8220;1_2,1_2&#8243; _builder_version=&#8220;4.16&#8243; _module_preset=&#8220;default&#8220; link_option_url=&#8220;https:\/\/mafondue.ch\/de\/fondue\/&#8220; global_colors_info=&#8220;{}&#8220;][et_pb_column type=&#8220;1_2&#8243; _builder_version=&#8220;4.16&#8243; _module_preset=&#8220;default&#8220; global_colors_info=&#8220;{}&#8220;][et_pb_text _builder_version=&#8220;4.16&#8243; _module_preset=&#8220;default&#8220; global_colors_info=&#8220;{}&#8220;]<\/p>\n<h2>Nichts ist so labend wie ein\u00a0<strong>RACLETTE<\/strong><\/h2>\n<p>[\/et_pb_text][et_pb_text _builder_version=&#8220;4.19.5&#8243; _module_preset=&#8220;default&#8220; min_height=&#8220;21px&#8220; global_colors_info=&#8220;{}&#8220;]<\/p>\n<p><a class=\"custom-link\" href=\"https:\/\/mafondue.ch\/de\/raclette\/\">Jetzt entdecken &gt;<\/a><\/p>\n<p>[\/et_pb_text][\/et_pb_column][et_pb_column type=&#8220;1_2&#8243; _builder_version=&#8220;4.16&#8243; _module_preset=&#8220;default&#8220; global_colors_info=&#8220;{}&#8220;][et_pb_image src=&#8220;https:\/\/mafondue.ch\/wp-content\/uploads\/2020\/08\/raclette.png&#8220; title_text=&#8220;raclette&#8220; _builder_version=&#8220;4.16&#8243; _module_preset=&#8220;default&#8220; custom_margin=&#8220;-50px||||false|false&#8220; custom_margin_tablet=&#8220;0px||||false|false&#8220; custom_margin_phone=&#8220;&#8220; custom_margin_last_edited=&#8220;on|tablet&#8220; global_colors_info=&#8220;{}&#8220;][\/et_pb_image][\/et_pb_column][\/et_pb_row][\/et_pb_section]<\/p>\n","protected":false},"excerpt":{"rendered":"<p>Die Schritte f\u00fcr das perfekte Fondue 400g K\u00e4se 1.2 \u00e0 1.5 dl Wei\u00dfwein rezept Bringen Sie den Wei\u00dfwein in Ihrem Fonduetopf zum Kochen F\u00fcgen Sie die 400 g K\u00e4se hinzu St\u00e4ndig r\u00fchren. Nach Ihrem Geschmack k\u00f6nnen Sie Pfeffer hinzuf\u00fcgen. Stellen Sie Ihren Fonduetopf auf einen Herd, Ihr Fondue bleibt geschmeidig und cremig. Und guten Appetit [&hellip;]<\/p>\n","protected":false},"author":12027,"featured_media":0,"parent":0,"menu_order":0,"comment_status":"closed","ping_status":"closed","template":"","meta":{"_et_pb_use_builder":"on","_et_pb_old_content":"","_et_gb_content_width":"","footnotes":""},"class_list":["post-67218","page","type-page","status-publish","hentry"],"_links":{"self":[{"href":"https:\/\/mafondue.ch\/de\/wp-json\/wp\/v2\/pages\/67218","targetHints":{"allow":["GET"]}}],"collection":[{"href":"https:\/\/mafondue.ch\/de\/wp-json\/wp\/v2\/pages"}],"about":[{"href":"https:\/\/mafondue.ch\/de\/wp-json\/wp\/v2\/types\/page"}],"author":[{"embeddable":true,"href":"https:\/\/mafondue.ch\/de\/wp-json\/wp\/v2\/users\/12027"}],"replies":[{"embeddable":true,"href":"https:\/\/mafondue.ch\/de\/wp-json\/wp\/v2\/comments?post=67218"}],"version-history":[{"count":15,"href":"https:\/\/mafondue.ch\/de\/wp-json\/wp\/v2\/pages\/67218\/revisions"}],"predecessor-version":[{"id":243431,"href":"https:\/\/mafondue.ch\/de\/wp-json\/wp\/v2\/pages\/67218\/revisions\/243431"}],"wp:attachment":[{"href":"https:\/\/mafondue.ch\/de\/wp-json\/wp\/v2\/media?parent=67218"}],"curies":[{"name":"wp","href":"https:\/\/api.w.org\/{rel}","templated":true}]}}