

{"id":240860,"date":"2024-01-11T14:58:19","date_gmt":"2024-01-11T13:58:19","guid":{"rendered":"https:\/\/mafondue.ch\/produit\/new-fonduegabeln-aus-edelstahl\/"},"modified":"2025-03-11T13:08:12","modified_gmt":"2025-03-11T12:08:12","slug":"new-fonduegabeln-aus-edelstahl","status":"publish","type":"product","link":"https:\/\/mafondue.ch\/de\/produkt\/new-fonduegabeln-aus-edelstahl\/","title":{"rendered":"Fonduegabeln aus Edelstahl"},"content":{"rendered":"<h2>Fonduegabeln<\/h2>\n<p>Genie\u00dfen Sie Ihr Fondue auf elegante Weise mit diesen dreizinkigen Gabeln aus rostfreiem Stahl. Der Griff aus schwarzem PP sorgt f\u00fcr optimalen Komfort. Die Gabeln sind aus hochwertigem Material gefertigt und praktisch, da sie problemlos in der Sp\u00fclmaschine gereinigt werden k\u00f6nnen.  <\/p>\n<p><strong>LIEFERUNGEN &amp; RETOUREN<\/strong>:Die Lieferungen werden von der Schweizerischen Post durchgef\u00fchrt. Bitte klicken Sie <a href=\"https:\/\/mafondue.ch\/de\/allgemeine-bedingungen\/\">hier<\/a>, um die verschiedenen Versandarten, -zeiten und -kosten zu sehen.  Wir liefern unsere Produkte nur in die Schweiz. Die vertraglichen Informationen werden per E-Mail an die von Ihnen angegebene Adresse best\u00e4tigt. Sie werden daher gebeten, alle Daten im Zusammenhang mit Ihrer Bestellung zu \u00fcberpr\u00fcfen. Bei Problemen bitten wir Sie, sich so schnell wie m\u00f6glich mit <a href=\"https:\/\/mafondue.ch\/qui-sommes-nous\/\"> uns <\/a> in Verbindung zu setzen.   <\/p>\n","protected":false},"excerpt":{"rendered":"<p><br data-mce-bogus=\"1\"><\/p>\n","protected":false},"featured_media":240535,"comment_status":"closed","ping_status":"closed","template":"","meta":{"_et_pb_use_builder":"","_et_pb_old_content":"","_et_gb_content_width":""},"product_brand":[],"product_cat":[134,69,101,102],"product_tag":[],"class_list":{"0":"post-240860","1":"product","2":"type-product","3":"status-publish","4":"has-post-thumbnail","6":"product_cat-non-classe-de","7":"product_cat-tcheu-cest-bon-de","8":"product_cat-accessoire-de","9":"product_cat-accessoire-de-2","10":"product_shipping_class-produits-de","12":"first","13":"instock","14":"taxable","15":"shipping-taxable","16":"purchasable","17":"product-type-simple"},"_links":{"self":[{"href":"https:\/\/mafondue.ch\/de\/wp-json\/wp\/v2\/product\/240860","targetHints":{"allow":["GET"]}}],"collection":[{"href":"https:\/\/mafondue.ch\/de\/wp-json\/wp\/v2\/product"}],"about":[{"href":"https:\/\/mafondue.ch\/de\/wp-json\/wp\/v2\/types\/product"}],"replies":[{"embeddable":true,"href":"https:\/\/mafondue.ch\/de\/wp-json\/wp\/v2\/comments?post=240860"}],"wp:featuredmedia":[{"embeddable":true,"href":"https:\/\/mafondue.ch\/de\/wp-json\/wp\/v2\/media\/240535"}],"wp:attachment":[{"href":"https:\/\/mafondue.ch\/de\/wp-json\/wp\/v2\/media?parent=240860"}],"wp:term":[{"taxonomy":"product_brand","embeddable":true,"href":"https:\/\/mafondue.ch\/de\/wp-json\/wp\/v2\/product_brand?post=240860"},{"taxonomy":"product_cat","embeddable":true,"href":"https:\/\/mafondue.ch\/de\/wp-json\/wp\/v2\/product_cat?post=240860"},{"taxonomy":"product_tag","embeddable":true,"href":"https:\/\/mafondue.ch\/de\/wp-json\/wp\/v2\/product_tag?post=240860"}],"curies":[{"name":"wp","href":"https:\/\/api.w.org\/{rel}","templated":true}]}}