

{"id":243512,"date":"2024-04-29T16:33:13","date_gmt":"2024-04-29T14:39:44","guid":{"rendered":"https:\/\/mafondue.ch\/produit\/fondue-set-4-personen\/"},"modified":"2025-03-11T12:57:45","modified_gmt":"2025-03-11T11:57:45","slug":"fondue-set-4-personen","status":"publish","type":"product","link":"https:\/\/mafondue.ch\/de\/produkt\/fondue-set-4-personen\/","title":{"rendered":"Kit \u00e0 fondue &#8211; 4 personnes \u2013 Swissmade"},"content":{"rendered":"<p><strong>Zerlegbares Fondue-Caquelon f\u00fcr 4 Personen &#8211; ideal f\u00fcr Ihre Wanderungen<\/strong><\/p>\n<p>Aufbewahrungskarton (20 x 20 x 11,5)<br \/>\n4 Bleche aus Edelstahl<br \/>\nCaquelon aus Edelstahl 1500ml<br \/>\n1 Zerlegbarer Rechaud aus Edelstahl<br \/>\n1 wiederverschlie\u00dfbarer Pastenbrenner<br \/>\n4 Gabeln aus Edelstahl<br \/>\nSchutzplatte<br \/>\n1 W\u00e4rmeverteilungsplatte (NEU)<br \/>\nGewicht ca. 1600 gr.<br \/>\nSwiss Made | Hergestellt in der Schweiz<\/p>\n<p>LIEFERUNGEN  RETOUREN:Die Lieferungen werden von der Schweizerischen Post durchgef\u00fchrt. Bitte klicken Sie<a href=\"https:\/\/mafondue.ch\/de\/allgemeine-bedingungen\/\"> hier,<\/a> um die verschiedenen Versandarten, -zeiten und -kosten zu sehen. Wir liefern unsere Produkte nur in die Schweiz. Die vertraglichen Informationen werden per E-Mail an die von Ihnen angegebene Adresse best\u00e4tigt. Sie werden daher gebeten, alle Daten im Zusammenhang mit Ihrer Bestellung zu \u00fcberpr\u00fcfen. Bei Problemen bitten wir Sie, sich so schnell wie m\u00f6glich mit <a href=\"mailto:info@mafondue.ch\"> uns <\/a> in Verbindung zu setzen.   <\/p>\n","protected":false},"excerpt":{"rendered":"<p>Zerlegbares Fondue-Caquelon f\u00fcr 4 Personen &#8211; ideal f\u00fcr Ihre Wanderungen Aufbewahrungskarton (20 x 20 x 11,5) 4 Bleche aus Edelstahl Caquelon aus Edelstahl 1500ml 1 Zerlegbarer Rechaud aus Edelstahl 1 wiederverschlie\u00dfbarer Pastenbrenner 4 Gabeln aus Edelstahl Schutzplatte 1 W\u00e4rmeverteilungsplatte (NEU) Gewicht ca. 1600 gr. Swiss Made | Hergestellt in der Schweiz LIEFERUNGEN RETOUREN:Die Lieferungen werden [&hellip;]<\/p>\n","protected":false},"featured_media":243507,"comment_status":"closed","ping_status":"closed","template":"","meta":{"_et_pb_use_builder":"","_et_pb_old_content":"","_et_gb_content_width":""},"product_brand":[],"product_cat":[101,102],"product_tag":[],"class_list":{"0":"post-243512","1":"product","2":"type-product","3":"status-publish","4":"has-post-thumbnail","6":"product_cat-accessoire-de","7":"product_cat-accessoire-de-2","9":"first","10":"instock","11":"taxable","12":"shipping-taxable","13":"purchasable","14":"product-type-simple"},"_links":{"self":[{"href":"https:\/\/mafondue.ch\/de\/wp-json\/wp\/v2\/product\/243512","targetHints":{"allow":["GET"]}}],"collection":[{"href":"https:\/\/mafondue.ch\/de\/wp-json\/wp\/v2\/product"}],"about":[{"href":"https:\/\/mafondue.ch\/de\/wp-json\/wp\/v2\/types\/product"}],"replies":[{"embeddable":true,"href":"https:\/\/mafondue.ch\/de\/wp-json\/wp\/v2\/comments?post=243512"}],"wp:featuredmedia":[{"embeddable":true,"href":"https:\/\/mafondue.ch\/de\/wp-json\/wp\/v2\/media\/243507"}],"wp:attachment":[{"href":"https:\/\/mafondue.ch\/de\/wp-json\/wp\/v2\/media?parent=243512"}],"wp:term":[{"taxonomy":"product_brand","embeddable":true,"href":"https:\/\/mafondue.ch\/de\/wp-json\/wp\/v2\/product_brand?post=243512"},{"taxonomy":"product_cat","embeddable":true,"href":"https:\/\/mafondue.ch\/de\/wp-json\/wp\/v2\/product_cat?post=243512"},{"taxonomy":"product_tag","embeddable":true,"href":"https:\/\/mafondue.ch\/de\/wp-json\/wp\/v2\/product_tag?post=243512"}],"curies":[{"name":"wp","href":"https:\/\/api.w.org\/{rel}","templated":true}]}}