

{"id":244653,"date":"2023-11-06T10:40:13","date_gmt":"2023-11-06T09:40:13","guid":{"rendered":"https:\/\/mafondue.ch\/produit\/vinaigrette-mit-ahornsirup-und-rosa-pfeffer\/"},"modified":"2026-02-12T16:01:10","modified_gmt":"2026-02-12T15:01:10","slug":"vinaigrette-mit-ahornsirup-und-rosa-pfeffer","status":"publish","type":"product","link":"https:\/\/mafondue.ch\/de\/produkt\/vinaigrette-mit-ahornsirup-und-rosa-pfeffer\/","title":{"rendered":"Vinaigrette mit Ahornsirup und rosa Pfeffer"},"content":{"rendered":"<p><strong>Der exotische Touch f\u00fcr Ihre Salate und Gem\u00fcse!<\/strong><\/p>\n<p>Diese gebrauchsfertige Vinaigrette ist ein exotischer Akzent auf Ihrem ged\u00e4mpften Gem\u00fcse und ein Genuss auf Ihren Salaten; Ideal zum Marinieren von Fisch, Gefl\u00fcgel und Schweinefleisch.<\/p>\n","protected":false},"excerpt":{"rendered":"<p>Der exotische Touch f\u00fcr Ihre Salate und Gem\u00fcse! Diese gebrauchsfertige Vinaigrette ist ein exotischer Akzent auf Ihrem ged\u00e4mpften Gem\u00fcse und ein Genuss auf Ihren Salaten; Ideal zum Marinieren von Fisch, Gefl\u00fcgel und Schweinefleisch.<\/p>\n","protected":false},"featured_media":240037,"comment_status":"closed","ping_status":"closed","template":"","meta":{"_et_pb_use_builder":"","_et_pb_old_content":"","_et_gb_content_width":""},"product_brand":[],"product_cat":[224,176,105,213],"product_tag":[],"class_list":{"0":"post-244653","1":"product","2":"type-product","3":"status-publish","4":"has-post-thumbnail","6":"product_cat-aperitif-desserts","7":"product_cat-apero-de","8":"product_cat-dessert-de","9":"product_cat-en-moderable-de","10":"product_shipping_class-produits-de","12":"first","13":"instock","14":"taxable","15":"shipping-taxable","16":"purchasable","17":"product-type-simple"},"_links":{"self":[{"href":"https:\/\/mafondue.ch\/de\/wp-json\/wp\/v2\/product\/244653","targetHints":{"allow":["GET"]}}],"collection":[{"href":"https:\/\/mafondue.ch\/de\/wp-json\/wp\/v2\/product"}],"about":[{"href":"https:\/\/mafondue.ch\/de\/wp-json\/wp\/v2\/types\/product"}],"replies":[{"embeddable":true,"href":"https:\/\/mafondue.ch\/de\/wp-json\/wp\/v2\/comments?post=244653"}],"wp:featuredmedia":[{"embeddable":true,"href":"https:\/\/mafondue.ch\/de\/wp-json\/wp\/v2\/media\/240037"}],"wp:attachment":[{"href":"https:\/\/mafondue.ch\/de\/wp-json\/wp\/v2\/media?parent=244653"}],"wp:term":[{"taxonomy":"product_brand","embeddable":true,"href":"https:\/\/mafondue.ch\/de\/wp-json\/wp\/v2\/product_brand?post=244653"},{"taxonomy":"product_cat","embeddable":true,"href":"https:\/\/mafondue.ch\/de\/wp-json\/wp\/v2\/product_cat?post=244653"},{"taxonomy":"product_tag","embeddable":true,"href":"https:\/\/mafondue.ch\/de\/wp-json\/wp\/v2\/product_tag?post=244653"}],"curies":[{"name":"wp","href":"https:\/\/api.w.org\/{rel}","templated":true}]}}