

{"id":244663,"date":"2023-11-06T10:11:41","date_gmt":"2024-06-06T10:55:57","guid":{"rendered":"https:\/\/mafondue.ch\/produit\/symphonie-aus-pfeffer-und-ahornzucker\/"},"modified":"2025-03-11T13:15:24","modified_gmt":"2025-03-11T12:15:24","slug":"symphonie-aus-pfeffer-und-ahornzucker","status":"publish","type":"product","link":"https:\/\/mafondue.ch\/de\/produkt\/symphonie-aus-pfeffer-und-ahornzucker\/","title":{"rendered":"Symphonie aus Pfeffer und Ahornzucker"},"content":{"rendered":"<p><strong>Das kleine Geheimnis Ihrer sch\u00f6nen Rezepte!<\/strong><\/p>\n<p>Passt hervorragend zu Fisch und hellem Fleisch; \u00fcberraschen Sie sich selbst, indem Sie ihn zu Erdbeeren hinzuf\u00fcgen; eine au\u00dfergew\u00f6hnliche Erg\u00e4nzung zu Raclette oder Fondue.<\/p>\n","protected":false},"excerpt":{"rendered":"<p>Das kleine Geheimnis Ihrer sch\u00f6nen Rezepte! Passt hervorragend zu Fisch und hellem Fleisch; \u00fcberraschen Sie sich selbst, indem Sie ihn zu Erdbeeren hinzuf\u00fcgen; eine au\u00dfergew\u00f6hnliche Erg\u00e4nzung zu Raclette oder Fondue.<\/p>\n","protected":false},"featured_media":237967,"comment_status":"closed","ping_status":"closed","template":"","meta":{"_et_pb_use_builder":"","_et_pb_old_content":"","_et_gb_content_width":""},"product_brand":[],"product_cat":[176,213],"product_tag":[],"class_list":{"0":"post-244663","1":"product","2":"type-product","3":"status-publish","4":"has-post-thumbnail","6":"product_cat-apero-de","7":"product_cat-en-moderable-de","8":"product_shipping_class-produits-de","10":"first","11":"instock","12":"taxable","13":"shipping-taxable","14":"purchasable","15":"product-type-simple"},"_links":{"self":[{"href":"https:\/\/mafondue.ch\/de\/wp-json\/wp\/v2\/product\/244663","targetHints":{"allow":["GET"]}}],"collection":[{"href":"https:\/\/mafondue.ch\/de\/wp-json\/wp\/v2\/product"}],"about":[{"href":"https:\/\/mafondue.ch\/de\/wp-json\/wp\/v2\/types\/product"}],"replies":[{"embeddable":true,"href":"https:\/\/mafondue.ch\/de\/wp-json\/wp\/v2\/comments?post=244663"}],"wp:featuredmedia":[{"embeddable":true,"href":"https:\/\/mafondue.ch\/de\/wp-json\/wp\/v2\/media\/237967"}],"wp:attachment":[{"href":"https:\/\/mafondue.ch\/de\/wp-json\/wp\/v2\/media?parent=244663"}],"wp:term":[{"taxonomy":"product_brand","embeddable":true,"href":"https:\/\/mafondue.ch\/de\/wp-json\/wp\/v2\/product_brand?post=244663"},{"taxonomy":"product_cat","embeddable":true,"href":"https:\/\/mafondue.ch\/de\/wp-json\/wp\/v2\/product_cat?post=244663"},{"taxonomy":"product_tag","embeddable":true,"href":"https:\/\/mafondue.ch\/de\/wp-json\/wp\/v2\/product_tag?post=244663"}],"curies":[{"name":"wp","href":"https:\/\/api.w.org\/{rel}","templated":true}]}}