

{"id":244665,"date":"2023-11-06T10:06:35","date_gmt":"2023-11-06T09:06:35","guid":{"rendered":"https:\/\/mafondue.ch\/produit\/100-reiner-ahornsirup\/"},"modified":"2026-02-12T16:03:29","modified_gmt":"2026-02-12T15:03:29","slug":"100-reiner-ahornsirup","status":"publish","type":"product","link":"https:\/\/mafondue.ch\/de\/produkt\/100-reiner-ahornsirup\/","title":{"rendered":"100% reiner Ahornsirup"},"content":{"rendered":"<p><strong>100% reiner Ahornsirup, Grad A, Bernsteinfarben,<\/strong> reicher Geschmack Ein reicher Ahorngeschmack, eine Bernsteinfarbe &#8211; das ist es, was diese Sirupkategorie von anderen unterscheidet. Ein unwiderstehlicher Geschmack f\u00fcr Obstkuchen, Pfannkuchen, Eiscreme oder Eisbein; ein gesunder Ersatz f\u00fcr raffinierten Zucker in Beeren oder Kuchen; k\u00f6stlich in Naturjoghurt, auf H\u00fchnchen, Schinken oder Ente und nat\u00fcrlich&#8230; auf Pfannkuchen!<\/p>\n","protected":false},"excerpt":{"rendered":"<p>100% reiner Ahornsirup, Grad A, Bernsteinfarben, reicher Geschmack Ein reicher Ahorngeschmack, eine Bernsteinfarbe &#8211; das ist es, was diese Sirupkategorie von anderen unterscheidet. Ein unwiderstehlicher Geschmack f\u00fcr Obstkuchen, Pfannkuchen, Eiscreme oder Eisbein; ein gesunder Ersatz f\u00fcr raffinierten Zucker in Beeren oder Kuchen; k\u00f6stlich in Naturjoghurt, auf H\u00fchnchen, Schinken oder Ente und nat\u00fcrlich&#8230; auf Pfannkuchen!<\/p>\n","protected":false},"featured_media":237961,"comment_status":"closed","ping_status":"closed","template":"","meta":{"_et_pb_use_builder":"off","_et_pb_old_content":"<strong>100% reiner Ahornsirup, Grad A, Bernsteinfarben,<\/strong> reicher Geschmack Ein reicher Ahorngeschmack, eine Bernsteinfarbe - das ist es, was diese Sirupkategorie von anderen unterscheidet. Ein unwiderstehlicher Geschmack f\u00fcr Obstkuchen, Pfannkuchen, Eiscreme oder Eisbein; ein gesunder Ersatz f\u00fcr raffinierten Zucker in Beeren oder Kuchen; k\u00f6stlich in Naturjoghurt, auf H\u00fchnchen, Schinken oder Ente und nat\u00fcrlich... auf Pfannkuchen!","_et_gb_content_width":""},"product_brand":[],"product_cat":[176,105,213,107],"product_tag":[],"class_list":{"0":"post-244665","1":"product","2":"type-product","3":"status-publish","4":"has-post-thumbnail","6":"product_cat-apero-de","7":"product_cat-dessert-de","8":"product_cat-en-moderable-de","9":"product_cat-gourmandise-de","10":"product_shipping_class-produits-de","12":"first","13":"instock","14":"taxable","15":"shipping-taxable","16":"purchasable","17":"product-type-simple"},"_links":{"self":[{"href":"https:\/\/mafondue.ch\/de\/wp-json\/wp\/v2\/product\/244665","targetHints":{"allow":["GET"]}}],"collection":[{"href":"https:\/\/mafondue.ch\/de\/wp-json\/wp\/v2\/product"}],"about":[{"href":"https:\/\/mafondue.ch\/de\/wp-json\/wp\/v2\/types\/product"}],"replies":[{"embeddable":true,"href":"https:\/\/mafondue.ch\/de\/wp-json\/wp\/v2\/comments?post=244665"}],"wp:featuredmedia":[{"embeddable":true,"href":"https:\/\/mafondue.ch\/de\/wp-json\/wp\/v2\/media\/237961"}],"wp:attachment":[{"href":"https:\/\/mafondue.ch\/de\/wp-json\/wp\/v2\/media?parent=244665"}],"wp:term":[{"taxonomy":"product_brand","embeddable":true,"href":"https:\/\/mafondue.ch\/de\/wp-json\/wp\/v2\/product_brand?post=244665"},{"taxonomy":"product_cat","embeddable":true,"href":"https:\/\/mafondue.ch\/de\/wp-json\/wp\/v2\/product_cat?post=244665"},{"taxonomy":"product_tag","embeddable":true,"href":"https:\/\/mafondue.ch\/de\/wp-json\/wp\/v2\/product_tag?post=244665"}],"curies":[{"name":"wp","href":"https:\/\/api.w.org\/{rel}","templated":true}]}}