

{"id":245138,"date":"2023-06-27T12:53:21","date_gmt":"2024-06-13T11:36:28","guid":{"rendered":"https:\/\/mafondue.ch\/produit\/swiss-race-fondue-400g\/"},"modified":"2025-03-11T13:18:39","modified_gmt":"2025-03-11T12:18:39","slug":"swiss-race-fondue-400g","status":"publish","type":"product","link":"https:\/\/mafondue.ch\/de\/produkt\/swiss-race-fondue-400g\/","title":{"rendered":"Swiss Race Fondue | 400g"},"content":{"rendered":"<p><strong>Fondue moiti\u00e9-moiti\u00e9 Schweiz &#8211; 400g<br \/>\nf\u00fcr 2 Personen <\/strong><\/p>\n<p><strong>Dario Cabanelas<\/strong><\/p>\n<p>Dario wurde in Lausanne geboren und hat spanische und ukrainische Wurzeln. Er begann im Alter von sechs Jahren mit dem Kartsport, wo er regionale Rennen in der Schweiz fuhr. Mit nur neun Jahren trat er in die Schule von Fernando Alonso in Spanien ein. Im Jahr 2021 wurde er von der FFSA Acad\u00e9mie entdeckt, wo er als Junior an der franz\u00f6sischen F4-Meisterschaft teilnahm.<\/p>\n<p><strong><em>Unterst\u00fctzen Sie einen jungen Fahrer aus der Region, damit er seinen Traum, eines Tages in der Formel 1 zu fahren, verwirklichen kann.<\/em><\/strong><\/p>\n<p><strong>ZUTATEN:<\/strong> 49% Hartk\u00e4se aus <strong>ROHMILCH<\/strong> (Schweiz), 49% halbfester, fetter K\u00e4se aus thermisierter <strong>MILCH <\/strong> (Schweiz), 2% St\u00e4rke und Knoblauch.<\/p>\n<p><strong>LAGERUNG:<\/strong> max. +5\u00b0C. Unter Schutzatmosph\u00e4re verpackt. Beim Einfrieren (bei -18 \u00b0C aufbewahren) wird das Mindesthaltbarkeitsdatum um 6 Monate verl\u00e4ngert. Verwendbar bis ( siehe Datum auf der Packung ).<\/p>\n<p><strong>DURCHSCHNITTLICHE NUTRITIVWERTE 100g<\/strong>: Energie 1590Kj (380kcal) ; Fett 30g, davon ges\u00e4ttigte Fetts\u00e4uren 18g ; Kohlenhydrate 0g, davon Zucker 0g ; Ballaststoffe 0g ; Eiwei\u00df 28g ; Salz 1.5g.<\/p>\n<p><strong>LIEFERUNGEN &amp; RETOUREN<\/strong>:Die Lieferungen werden von der Schweizerischen Post durchgef\u00fchrt. Bitte klicken Sie <a href=\"https:\/\/mafondue.ch\/de\/allgemeine-bedingungen\/\">hier<\/a>, um die verschiedenen Versandarten, -zeiten und -kosten zu sehen.  Wir liefern unsere Produkte nur in die Schweiz. Die vertraglichen Informationen werden per E-Mail an die von Ihnen angegebene Adresse best\u00e4tigt. Sie werden daher gebeten, alle Daten im Zusammenhang mit Ihrer Bestellung zu \u00fcberpr\u00fcfen. Bei Problemen bitten wir Sie, sich so schnell wie m\u00f6glich mit <a href=\"https:\/\/mafondue.ch\/qui-sommes-nous\/\"> uns <\/a> in Verbindung zu setzen.   <\/p>\n<p>&nbsp;<\/p>\n","protected":false},"excerpt":{"rendered":"<p>Zubereitung von K\u00e4se<br \/>\nF\u00fcr <img loading=\"lazy\" decoding=\"async\" src=\"https:\/\/mafondue.ch\/skin\/frontend\/base\/default\/images\/pictoPersonne.png\" width=\"12\" height=\"28\"> <img loading=\"lazy\" decoding=\"async\" src=\"https:\/\/mafondue.ch\/skin\/frontend\/base\/default\/images\/pictoPersonne.png\" width=\"12\" height=\"28\"> Personen<\/p>\n","protected":false},"featured_media":234452,"comment_status":"closed","ping_status":"closed","template":"","meta":{"_et_pb_use_builder":"","_et_pb_old_content":"","_et_gb_content_width":""},"product_brand":[],"product_cat":[109,111,104],"product_tag":[],"class_list":{"0":"post-245138","1":"product","2":"type-product","3":"status-publish","4":"has-post-thumbnail","6":"product_cat-fondue-de","7":"product_cat-fondue-moitie-moitie-de","8":"product_cat-collection-de","9":"product_shipping_class-produits-de","11":"first","12":"instock","13":"taxable","14":"shipping-taxable","15":"purchasable","16":"product-type-simple"},"_links":{"self":[{"href":"https:\/\/mafondue.ch\/de\/wp-json\/wp\/v2\/product\/245138","targetHints":{"allow":["GET"]}}],"collection":[{"href":"https:\/\/mafondue.ch\/de\/wp-json\/wp\/v2\/product"}],"about":[{"href":"https:\/\/mafondue.ch\/de\/wp-json\/wp\/v2\/types\/product"}],"replies":[{"embeddable":true,"href":"https:\/\/mafondue.ch\/de\/wp-json\/wp\/v2\/comments?post=245138"}],"wp:featuredmedia":[{"embeddable":true,"href":"https:\/\/mafondue.ch\/de\/wp-json\/wp\/v2\/media\/234452"}],"wp:attachment":[{"href":"https:\/\/mafondue.ch\/de\/wp-json\/wp\/v2\/media?parent=245138"}],"wp:term":[{"taxonomy":"product_brand","embeddable":true,"href":"https:\/\/mafondue.ch\/de\/wp-json\/wp\/v2\/product_brand?post=245138"},{"taxonomy":"product_cat","embeddable":true,"href":"https:\/\/mafondue.ch\/de\/wp-json\/wp\/v2\/product_cat?post=245138"},{"taxonomy":"product_tag","embeddable":true,"href":"https:\/\/mafondue.ch\/de\/wp-json\/wp\/v2\/product_tag?post=245138"}],"curies":[{"name":"wp","href":"https:\/\/api.w.org\/{rel}","templated":true}]}}