

{"id":247940,"date":"2024-09-17T15:34:44","date_gmt":"2024-09-17T13:34:44","guid":{"rendered":"https:\/\/mafondue.ch\/?post_type=product&#038;p=247940"},"modified":"2025-11-24T17:03:58","modified_gmt":"2025-11-24T16:03:58","slug":"personalisiertes-caquelon","status":"publish","type":"product","link":"https:\/\/mafondue.ch\/de\/produkt\/personalisiertes-caquelon\/","title":{"rendered":"Ihr pers\u00f6nliches Caquelon"},"content":{"rendered":"<p><strong>Caquelon &#8222;TCHEU C&#8217;EST BON&#8220; <\/strong><\/p>\n<p>Entdecken Sie das personalisierte Caquelon \u00abTCHEU C&#8217;EST BON\u00bb, die neue Generation ultraleichter Caquelons f\u00fcr ein unvergessliches Fondue-Erlebnis.<\/p>\n<p><span style=\"color: #000000; font-family: Arial, Helvetica;\"><strong>Dieses Caquelon <\/strong><b>ist <\/b>:<\/span><\/p>\n<ul>\n<li style=\"text-align: left;\">Antihaftbeschichtung f\u00fcr einfache und schnelle Reinigung<\/li>\n<li style=\"text-align: left;\">Ultraleicht: 665 g<\/li>\n<li style=\"text-align: left;\">Kratzfest<\/li>\n<li style=\"text-align: left;\">Lasergraviertes Logo, das langfristig intakt bleibt<\/li>\n<li style=\"text-align: left;\">F\u00fcr 2 bis 6 Personen, kann bis zu 1,2 kg Fondue enthalten<\/li>\n<li>Aus Aluminium<\/li>\n<\/ul>\n<p><span style=\"color: #000000; font-family: Arial, Helvetica;\"><strong>Abmessungen<\/strong><b> :<\/b><\/span><\/p>\n<ul>\n<li style=\"text-align: left;\">Breite: 32,5 cm<\/li>\n<li style=\"text-align: left;\">H\u00f6he: 8,5 cm<\/li>\n<li style=\"text-align: left;\">Durchmesser: 21 cm<\/li>\n<\/ul>\n<p><strong>LIEFERUNGEN &amp; RETOUREN<\/strong>:Die Lieferungen werden von der Schweizerischen Post durchgef\u00fchrt. Bitte klicken Sie <g id=\"gid_1\">hier<\/g>, um die verschiedenen Versandarten, -zeiten und -kosten zu sehen.  Wir liefern unsere Produkte nur in die Schweiz. Die vertraglichen Informationen werden per E-Mail an die von Ihnen angegebene Adresse best\u00e4tigt. Sie werden daher gebeten, alle Daten im Zusammenhang mit Ihrer Bestellung zu \u00fcberpr\u00fcfen. Bei Problemen bitten wir Sie, sich so schnell wie m\u00f6glich mit <g id=\"gid_0\"> uns <\/g> in Verbindung zu setzen.   <\/p>\n","protected":false},"excerpt":{"rendered":"<p><strong>Caquelon &#8222;TCHEU C&#8217;EST BON&#8220; <\/strong><\/p>\n<p>Entdecken Sie das Caquelon \u201eTCHEU C&#8217;EST BON\u201c, die neue Generation ultraleichter Caquelons, die f\u00fcr ein unvergessliches Fondue-Erlebnis entwickelt wurden.<\/p>\n<p><span style=\"color: #000000; font-family: Arial, Helvetica;\"><strong>Dieses Caquelon <\/strong><b>ist <\/b>:<\/span><\/p>\n<ul>\n<li style=\"text-align: left;\">Antihaftbeschichtung f\u00fcr einfache und schnelle Reinigung<\/li>\n<li style=\"text-align: left;\">Ultraleicht: 665 g<\/li>\n<li style=\"text-align: left;\">Kratzfest<\/li>\n<li style=\"text-align: left;\">Lasergraviertes Logo, das langfristig intakt bleibt<\/li>\n<li style=\"text-align: left;\">F\u00fcr 2 bis 6 Personen, kann bis zu 1,2 kg Fondue enthalten<\/li>\n<li>Aus Aluminium<\/li>\n<\/ul>\n","protected":false},"featured_media":248311,"comment_status":"closed","ping_status":"closed","template":"","meta":{"_et_pb_use_builder":"off","_et_pb_old_content":"<strong>Caquelon \"TCHEU C'EST BON\" <\/strong>\n\nEntdecken Sie das Caquelon \u201eTCHEU C'EST BON\u201c, die neue Generation ultraleichter Caquelons, die f\u00fcr ein unvergessliches Fondue-Erlebnis entwickelt wurden.\n\n<span style=\"color: #000000;font-family: Arial, Helvetica\"><strong>Dieses Caquelon <\/strong><b>ist <\/b>:<\/span>\n<ul>\n \t<li style=\"text-align: left\">Antihaftbeschichtung f\u00fcr einfache und schnelle Reinigung<\/li>\n \t<li style=\"text-align: left\">Ultraleicht: 665 g<\/li>\n \t<li style=\"text-align: left\">Kratzfest<\/li>\n \t<li style=\"text-align: left\">Lasergraviertes Logo, das langfristig intakt bleibt<\/li>\n \t<li style=\"text-align: left\">F\u00fcr 2 bis 6 Personen, kann bis zu 1,2 kg Fondue enthalten<\/li>\n \t<li>Aus Aluminium<\/li>\n<\/ul>\n<span style=\"color: #000000;font-family: Arial, Helvetica\"><strong>Abmessungen<\/strong><b> :<\/b><\/span>\n<ul>\n \t<li style=\"text-align: left\">Breite: 32,5 cm<\/li>\n \t<li style=\"text-align: left\">H\u00f6he: 8,5 cm<\/li>\n \t<li style=\"text-align: left\">Durchmesser: 21 cm<\/li>\n<\/ul>\n<strong>LIEFERUNGEN & RETOUREN<\/strong>:Die Lieferungen werden von der Schweizerischen Post durchgef\u00fchrt. Bitte klicken Sie <g id=\"gid_1\">hier<\/g>, um die verschiedenen Versandarten, -zeiten und -kosten zu sehen.  Wir liefern unsere Produkte nur in die Schweiz. Die vertraglichen Informationen werden per E-Mail an die von Ihnen angegebene Adresse best\u00e4tigt. Sie werden daher gebeten, alle Daten im Zusammenhang mit Ihrer Bestellung zu \u00fcberpr\u00fcfen. Bei Problemen bitten wir Sie, sich so schnell wie m\u00f6glich mit <g id=\"gid_0\"> uns <\/g> in Verbindung zu setzen.   ","_et_gb_content_width":""},"product_brand":[],"product_cat":[134],"product_tag":[],"class_list":{"0":"post-247940","1":"product","2":"type-product","3":"status-publish","4":"has-post-thumbnail","6":"product_cat-non-classe-de","7":"product_shipping_class-produits-de","9":"first","10":"instock","11":"taxable","12":"shipping-taxable","13":"purchasable","14":"product-type-simple"},"_links":{"self":[{"href":"https:\/\/mafondue.ch\/de\/wp-json\/wp\/v2\/product\/247940","targetHints":{"allow":["GET"]}}],"collection":[{"href":"https:\/\/mafondue.ch\/de\/wp-json\/wp\/v2\/product"}],"about":[{"href":"https:\/\/mafondue.ch\/de\/wp-json\/wp\/v2\/types\/product"}],"replies":[{"embeddable":true,"href":"https:\/\/mafondue.ch\/de\/wp-json\/wp\/v2\/comments?post=247940"}],"wp:featuredmedia":[{"embeddable":true,"href":"https:\/\/mafondue.ch\/de\/wp-json\/wp\/v2\/media\/248311"}],"wp:attachment":[{"href":"https:\/\/mafondue.ch\/de\/wp-json\/wp\/v2\/media?parent=247940"}],"wp:term":[{"taxonomy":"product_brand","embeddable":true,"href":"https:\/\/mafondue.ch\/de\/wp-json\/wp\/v2\/product_brand?post=247940"},{"taxonomy":"product_cat","embeddable":true,"href":"https:\/\/mafondue.ch\/de\/wp-json\/wp\/v2\/product_cat?post=247940"},{"taxonomy":"product_tag","embeddable":true,"href":"https:\/\/mafondue.ch\/de\/wp-json\/wp\/v2\/product_tag?post=247940"}],"curies":[{"name":"wp","href":"https:\/\/api.w.org\/{rel}","templated":true}]}}