

{"id":252621,"date":"2025-02-12T13:20:51","date_gmt":"2025-02-12T12:20:51","guid":{"rendered":"https:\/\/mafondue.ch\/produit\/balsamico-essig-mit-ahornsirup\/"},"modified":"2025-11-24T17:01:41","modified_gmt":"2025-11-24T16:01:41","slug":"balsamico-essig-mit-ahornsirup","status":"publish","type":"product","link":"https:\/\/mafondue.ch\/de\/produkt\/balsamico-essig-mit-ahornsirup\/","title":{"rendered":"Balsamico-Essig mit Ahornsirup | 250 ml"},"content":{"rendered":"<p><strong>Balsamico-Essig mit Ahornsirup \u2013 250 ml<br \/>\n<\/strong><\/p>\n<p>Eine unglaubliche Erfahrung, wirklich! Zusammen mit einem guten Oliven\u00f6l wird der Ahornsirup-Balsamico zu einem \u00fcberraschenden Appetithappen, wenn man ihn mit einem kleinen St\u00fcck Brot tr\u00e4nkt; ideal zum Abl\u00f6schen von hellem Fleisch und Fisch; perfekt f\u00fcr Ihr Salatdressing.de. <\/p>\n<p><strong>ZUTATEN:<\/strong> 100 % reiner Ahornsirup, Klasse A Robuste (Quebec, CA) (40 %), Balsamico-Essig aus Modena (IT) (Weinessig, konzentrierter Traubenmost, gekochter Traubenmost, enth\u00e4lt <strong>SULFITE<\/strong>), Wasser und Maisst\u00e4rke (CH).<\/p>\n<p><strong>LIEFERUNGEN &amp; RETOUREN<\/strong>:Die Lieferungen werden von der Schweizerischen Post durchgef\u00fchrt. Bitte klicken Sie <strong><a href=\"https:\/\/mafondue.ch\/de\/allgemeine-bedingungen\/\">hier, <\/a><\/strong>um die verschiedenen Versandarten, -zeiten und -kosten zu sehen. Wir liefern unsere Produkte nur in die Schweiz. Die vertraglichen Informationen werden per E-Mail an die von Ihnen angegebene Adresse best\u00e4tigt. Sie werden daher gebeten, alle Daten im Zusammenhang mit Ihrer Bestellung zu \u00fcberpr\u00fcfen. Bei Problemen bitten wir Sie, sich so schnell wie m\u00f6glich mit uns in <a href=\"https:\/\/mafondue.ch\/de\/wer-sind-wir\/\"><strong>Verbindung<\/strong><\/a> zu setzen.<\/p>\n","protected":false},"excerpt":{"rendered":"<p>Balsamico-Essig mit Ahornsirup \u2013 250 ml Eine unglaubliche Erfahrung, wirklich! Zusammen mit einem guten Oliven\u00f6l wird der Ahornsirup-Balsamico zu einem \u00fcberraschenden Appetithappen, wenn man ihn mit einem kleinen St\u00fcck Brot tr\u00e4nkt; ideal zum Abl\u00f6schen von hellem Fleisch und Fisch; perfekt f\u00fcr Ihr Salatdressing.de. ZUTATEN: 100 % reiner Ahornsirup, Klasse A Robuste (Quebec, CA) (40 %), [&hellip;]<\/p>\n","protected":false},"featured_media":252618,"comment_status":"closed","ping_status":"closed","template":"","meta":{"_et_pb_use_builder":"","_et_pb_old_content":"","_et_gb_content_width":""},"product_brand":[],"product_cat":[224,176,213],"product_tag":[],"class_list":{"0":"post-252621","1":"product","2":"type-product","3":"status-publish","4":"has-post-thumbnail","6":"product_cat-aperitif-desserts","7":"product_cat-apero-de","8":"product_cat-en-moderable-de","10":"first","11":"outofstock","12":"taxable","13":"shipping-taxable","14":"purchasable","15":"product-type-simple"},"_links":{"self":[{"href":"https:\/\/mafondue.ch\/de\/wp-json\/wp\/v2\/product\/252621","targetHints":{"allow":["GET"]}}],"collection":[{"href":"https:\/\/mafondue.ch\/de\/wp-json\/wp\/v2\/product"}],"about":[{"href":"https:\/\/mafondue.ch\/de\/wp-json\/wp\/v2\/types\/product"}],"replies":[{"embeddable":true,"href":"https:\/\/mafondue.ch\/de\/wp-json\/wp\/v2\/comments?post=252621"}],"wp:featuredmedia":[{"embeddable":true,"href":"https:\/\/mafondue.ch\/de\/wp-json\/wp\/v2\/media\/252618"}],"wp:attachment":[{"href":"https:\/\/mafondue.ch\/de\/wp-json\/wp\/v2\/media?parent=252621"}],"wp:term":[{"taxonomy":"product_brand","embeddable":true,"href":"https:\/\/mafondue.ch\/de\/wp-json\/wp\/v2\/product_brand?post=252621"},{"taxonomy":"product_cat","embeddable":true,"href":"https:\/\/mafondue.ch\/de\/wp-json\/wp\/v2\/product_cat?post=252621"},{"taxonomy":"product_tag","embeddable":true,"href":"https:\/\/mafondue.ch\/de\/wp-json\/wp\/v2\/product_tag?post=252621"}],"curies":[{"name":"wp","href":"https:\/\/api.w.org\/{rel}","templated":true}]}}