

{"id":253143,"date":"2023-04-27T15:13:35","date_gmt":"2025-03-11T12:26:20","guid":{"rendered":"https:\/\/mafondue.ch\/produit\/fondue-set-fuer-2-personen-swiss-made\/"},"modified":"2025-03-11T13:26:20","modified_gmt":"2025-03-11T12:26:20","slug":"fondue-set-fuer-2-personen-swiss-made","status":"publish","type":"product","link":"https:\/\/mafondue.ch\/de\/produkt\/fondue-set-fuer-2-personen-swiss-made\/","title":{"rendered":"Fondue-Set f\u00fcr 2 Personen &#8211; Swiss made"},"content":{"rendered":"<p><strong>Zerlegbares Fondue-Caquelon f\u00fcr 2 Personen &#8211; ideal f\u00fcr Ihre Wanderungen<\/strong><\/p>\n<ul>\n<li>Aufbewahrungskarton<\/li>\n<li>Zerlegbarer Kocher aus Edelstahl<\/li>\n<li>Neues Design, das mit unserem regulierbaren Brenner kompatibel ist<\/li>\n<li>Caquelon aus Edelstahl 800 ml<\/li>\n<li>1 wiederverschlie\u00dfbarer Pastenbrenner<\/li>\n<li>2 spezielle Kitfondue.ch-Gabeln aus Edelstahl<\/li>\n<li>Schutzplatte<\/li>\n<li>Gewicht ca. 1000 gr<\/li>\n<li>Aufbewahrungskarton (20 x 20 x 11,5)<\/li>\n<\/ul>\n<table id=\"swissmade\">\n<tbody>\n<tr>\n<td id=\"croix-suisse\"><img loading=\"lazy\" decoding=\"async\" class=\"alignnone wp-image-29899 jetpack-lazy-image jetpack-lazy-image--handled\" src=\"https:\/\/sp-ao.shortpixel.ai\/client\/to_auto,q_glossy,ret_img,w_29,h_29\/https:\/\/www.kitfondue.ch\/wp-content\/uploads\/2021\/05\/logo-croix-suisse.png\" sizes=\"(max-width: 29px) 100vw, 29px\" srcset=\"https:\/\/sp-ao.shortpixel.ai\/client\/to_auto,q_glossy,ret_img,w_142\/https:\/\/www.kitfondue.ch\/wp-content\/uploads\/2021\/05\/logo-croix-suisse.png 142w, https:\/\/sp-ao.shortpixel.ai\/client\/to_auto,q_glossy,ret_img,w_100\/https:\/\/www.kitfondue.ch\/wp-content\/uploads\/2021\/05\/logo-croix-suisse-100x100.png 100w, https:\/\/sp-ao.shortpixel.ai\/client\/to_auto,q_glossy,ret_img,w_96\/https:\/\/www.kitfondue.ch\/wp-content\/uploads\/2021\/05\/logo-croix-suisse-96x96.png 96w\" alt=\"\" width=\"29\" height=\"29\" data-lazy-loaded=\"1\"><\/td>\n<td id=\"text-swissmade\"><strong>Swiss Made | Hergestellt in der Schweiz<\/strong><\/td>\n<\/tr>\n<\/tbody>\n<\/table>\n<p>&nbsp;<\/p>\n<p><strong>LIEFERUNGEN &amp; RETOUREN<\/strong>:Die Lieferungen werden von der Schweizerischen Post durchgef\u00fchrt. Bitte klicken Sie <a href=\"https:\/\/mafondue.ch\/de\/allgemeine-bedingungen\/\">hier<\/a>, um die verschiedenen Versandarten, -zeiten und -kosten zu sehen.  Wir liefern unsere Produkte nur in die Schweiz. Die vertraglichen Informationen werden per E-Mail an die von Ihnen angegebene Adresse best\u00e4tigt. Sie werden daher gebeten, alle Daten im Zusammenhang mit Ihrer Bestellung zu \u00fcberpr\u00fcfen. Bei Problemen bitten wir Sie, sich so schnell wie m\u00f6glich mit <a href=\"https:\/\/mafondue.ch\/qui-sommes-nous\/\"> uns <\/a> in Verbindung zu setzen.   <\/p>\n","protected":false},"excerpt":{"rendered":"<p>Zerlegbares Fondue-Caquelon f\u00fcr 2 Personen &#8211; ideal f\u00fcr Ihre Wanderungen<\/p>\n","protected":false},"featured_media":68765,"comment_status":"closed","ping_status":"closed","template":"","meta":{"_et_pb_use_builder":"off","_et_pb_old_content":"<strong>Zerlegbares Fondue-Caquelon f\u00fcr 2 Personen - ideal f\u00fcr Ihre Wanderungen<\/strong>\n\nInhalt:\n<ul>\n \t<li>Aufbewahrungskarton<\/li>\n \t<li>Zerlegbarer Kocher aus Edelstahl<\/li>\n \t<li>Neues Design, das mit unserem regulierbaren Brenner kompatibel ist<\/li>\n \t<li>Caquelon aus Edelstahl 800 ml<\/li>\n \t<li>1 wiederverschlie\u00dfbarer Pastenbrenner<\/li>\n \t<li>2 spezielle Kitfondue.ch-Gabeln aus Edelstahl<\/li>\n \t<li>Schutzplatte<\/li>\n \t<li>Gewicht ca. 1000 gr<\/li>\n \t<li>Aufbewahrungskarton (20 x 20 x 11,5)<\/li>\n<\/ul>\n<table id=\"swissmade\">\n<tbody>\n<tr>\n<td id=\"croix-suisse\"><img class=\"alignnone wp-image-29899 jetpack-lazy-image jetpack-lazy-image--handled\" src=\"https:\/\/sp-ao.shortpixel.ai\/client\/to_auto,q_glossy,ret_img,w_29,h_29\/https:\/\/www.kitfondue.ch\/wp-content\/uploads\/2021\/05\/logo-croix-suisse.png\" alt=\"\" width=\"29\" height=\"29\" data-lazy-loaded=\"1\"><\/td>\n<td id=\"text-swissmade\"><strong>Swiss Made | Hergestellt in der Schweiz<\/strong><\/td>\n<\/tr>\n<\/tbody>\n<\/table>\n \n\n<strong>LIEFERUNGEN & RETOUREN<\/strong>:Die Lieferungen werden von der Schweizerischen Post durchgef\u00fchrt. Bitte klicken Sie <a href=\"https:\/\/mafondue.ch\/de\/allgemeine-bedingungen\/\">hier<\/a>, um die verschiedenen Versandarten, -zeiten und -kosten zu sehen.  Wir liefern unsere Produkte nur in die Schweiz. Die vertraglichen Informationen werden per E-Mail an die von Ihnen angegebene Adresse best\u00e4tigt. Sie werden daher gebeten, alle Daten im Zusammenhang mit Ihrer Bestellung zu \u00fcberpr\u00fcfen. Bei Problemen bitten wir Sie, sich so schnell wie m\u00f6glich mit <a href=\"https:\/\/mafondue.ch\/qui-sommes-nous\/\"> uns <\/a> in Verbindung zu setzen.   ","_et_gb_content_width":""},"product_brand":[],"product_cat":[101,102],"product_tag":[],"class_list":{"0":"post-253143","1":"product","2":"type-product","3":"status-publish","4":"has-post-thumbnail","6":"product_cat-accessoire-de","7":"product_cat-accessoire-de-2","8":"product_shipping_class-produits-de","10":"first","11":"instock","12":"taxable","13":"shipping-taxable","14":"purchasable","15":"product-type-simple"},"_links":{"self":[{"href":"https:\/\/mafondue.ch\/de\/wp-json\/wp\/v2\/product\/253143","targetHints":{"allow":["GET"]}}],"collection":[{"href":"https:\/\/mafondue.ch\/de\/wp-json\/wp\/v2\/product"}],"about":[{"href":"https:\/\/mafondue.ch\/de\/wp-json\/wp\/v2\/types\/product"}],"replies":[{"embeddable":true,"href":"https:\/\/mafondue.ch\/de\/wp-json\/wp\/v2\/comments?post=253143"}],"wp:featuredmedia":[{"embeddable":true,"href":"https:\/\/mafondue.ch\/de\/wp-json\/wp\/v2\/media\/68765"}],"wp:attachment":[{"href":"https:\/\/mafondue.ch\/de\/wp-json\/wp\/v2\/media?parent=253143"}],"wp:term":[{"taxonomy":"product_brand","embeddable":true,"href":"https:\/\/mafondue.ch\/de\/wp-json\/wp\/v2\/product_brand?post=253143"},{"taxonomy":"product_cat","embeddable":true,"href":"https:\/\/mafondue.ch\/de\/wp-json\/wp\/v2\/product_cat?post=253143"},{"taxonomy":"product_tag","embeddable":true,"href":"https:\/\/mafondue.ch\/de\/wp-json\/wp\/v2\/product_tag?post=253143"}],"curies":[{"name":"wp","href":"https:\/\/api.w.org\/{rel}","templated":true}]}}