

{"id":256286,"date":"2025-11-13T17:01:57","date_gmt":"2025-11-13T16:01:57","guid":{"rendered":"https:\/\/mafondue.ch\/produit\/fondue-ihdc-400g\/"},"modified":"2025-12-09T11:55:48","modified_gmt":"2025-12-09T10:55:48","slug":"fondue-ihdc-400g","status":"publish","type":"product","link":"https:\/\/mafondue.ch\/de\/produkt\/fondue-ihdc-400g\/","title":{"rendered":"Fondue IHDC &amp; Greenhope | 400g"},"content":{"rendered":"<p><strong>Fondue IHDC &amp; Greenhope \u2013 400g<br \/>\nf\u00fcr 2 Personen <\/strong><\/p>\n<p>Wenn Sie den Traum von \u00fcber 90 jungen Eishockeyspielern und -spielerinnen unterst\u00fctzen m\u00f6chten, helfen Sie dem Verein \u00abIHDC\u00bb bei seinem n\u00e4chsten Trainingslager. W\u00e4hrend dieses Lagers betreut, korrigiert und ber\u00e4t qualifiziertes Personal die zuk\u00fcnftigen Athleten von morgen. F\u00fcr jeden gekauften Fonduebeutel wird Fr. 1.\u2013 an die Stiftung Greenhope zugunsten krebskranker Kinder und ihrer Familien gespendet.  <\/p>\n<p><strong>ZUTATEN:<\/strong> Fetter Hartk\u00e4se aus <strong>ROHMILCH<\/strong>, Schweiz, fetter Halbhartk\u00e4se aus thermisierter <b>MILCH<\/b>, Schweiz, St\u00e4rke, Knoblauch. Schweizer Produkt.<\/p>\n<p><strong>LAGERUNG:<\/strong> max. +5\u00b0C. Unter Schutzatmosph\u00e4re verpackt. Beim Einfrieren (bei -18 \u00b0C aufbewahren) wird das Mindesthaltbarkeitsdatum um 6 Monate verl\u00e4ngert. Verwendbar bis ( siehe Datum auf der Packung ).<\/p>\n<p><strong>DURCHSCHNITTLICHE NUTRITIVWERTE 100g<\/strong>: Energie 1590Kj (380kcal) ; Fett 30g, davon ges\u00e4ttigte Fetts\u00e4uren 18g ; Kohlenhydrate 0g, davon Zucker 0g ; Ballaststoffe 0g ; Eiwei\u00df 28g ; Salz 1.5g.<\/p>\n<p><strong>LIEFERUNGEN &amp; RETOUREN<\/strong>:Die Lieferungen werden von der Schweizerischen Post durchgef\u00fchrt. Bitte klicken Sie <a href=\"https:\/\/mafondue.ch\/de\/allgemeine-bedingungen\/\">hier<\/a>, um die verschiedenen Versandarten, -zeiten und -kosten zu sehen.  Wir liefern unsere Produkte nur in die Schweiz. Die vertraglichen Informationen werden per E-Mail an die von Ihnen angegebene Adresse best\u00e4tigt. Sie werden daher gebeten, alle Daten im Zusammenhang mit Ihrer Bestellung zu \u00fcberpr\u00fcfen. Bei Problemen bitten wir Sie, sich so schnell wie m\u00f6glich mit <a href=\"https:\/\/mafondue.ch\/de\/wer-sind-wir\/\"> uns <\/a> in Verbindung zu setzen.   <\/p>\n","protected":false},"excerpt":{"rendered":"<p>Fondue IHDC &amp; Greenhope \u2013 400g f\u00fcr 2 Personen Wenn Sie den Traum von \u00fcber 90 jungen Eishockeyspielern und -spielerinnen unterst\u00fctzen m\u00f6chten, helfen Sie dem Verein \u00abIHDC\u00bb bei seinem n\u00e4chsten Trainingslager. W\u00e4hrend dieses Lagers betreut, korrigiert und ber\u00e4t qualifiziertes Personal die zuk\u00fcnftigen Athleten von morgen. F\u00fcr jeden gekauften Fonduebeutel wird Fr. 1.\u2013 an die Stiftung [&hellip;]<\/p>\n","protected":false},"featured_media":256056,"comment_status":"closed","ping_status":"closed","template":"","meta":{"_et_pb_use_builder":"","_et_pb_old_content":"","_et_gb_content_width":""},"product_brand":[],"product_cat":[226,104],"product_tag":[],"class_list":{"0":"post-256286","1":"product","2":"type-product","3":"status-publish","4":"has-post-thumbnail","6":"product_cat-limitierte-auflage","7":"product_cat-collection-de","9":"first","10":"instock","11":"taxable","12":"shipping-taxable","13":"purchasable","14":"product-type-simple"},"_links":{"self":[{"href":"https:\/\/mafondue.ch\/de\/wp-json\/wp\/v2\/product\/256286","targetHints":{"allow":["GET"]}}],"collection":[{"href":"https:\/\/mafondue.ch\/de\/wp-json\/wp\/v2\/product"}],"about":[{"href":"https:\/\/mafondue.ch\/de\/wp-json\/wp\/v2\/types\/product"}],"replies":[{"embeddable":true,"href":"https:\/\/mafondue.ch\/de\/wp-json\/wp\/v2\/comments?post=256286"}],"wp:featuredmedia":[{"embeddable":true,"href":"https:\/\/mafondue.ch\/de\/wp-json\/wp\/v2\/media\/256056"}],"wp:attachment":[{"href":"https:\/\/mafondue.ch\/de\/wp-json\/wp\/v2\/media?parent=256286"}],"wp:term":[{"taxonomy":"product_brand","embeddable":true,"href":"https:\/\/mafondue.ch\/de\/wp-json\/wp\/v2\/product_brand?post=256286"},{"taxonomy":"product_cat","embeddable":true,"href":"https:\/\/mafondue.ch\/de\/wp-json\/wp\/v2\/product_cat?post=256286"},{"taxonomy":"product_tag","embeddable":true,"href":"https:\/\/mafondue.ch\/de\/wp-json\/wp\/v2\/product_tag?post=256286"}],"curies":[{"name":"wp","href":"https:\/\/api.w.org\/{rel}","templated":true}]}}