

{"id":256318,"date":"2025-11-19T14:54:22","date_gmt":"2025-11-19T13:54:22","guid":{"rendered":"https:\/\/mafondue.ch\/produit\/schweinswurst-130-g\/"},"modified":"2025-11-24T15:15:59","modified_gmt":"2025-11-24T14:15:59","slug":"schweinswurst-130-g","status":"publish","type":"product","link":"https:\/\/mafondue.ch\/de\/produkt\/schweinswurst-130-g\/","title":{"rendered":"Schweinswurst | 130 g"},"content":{"rendered":"<p><strong>Rindertrockensalami \u2013 ca. 130 g<\/strong><\/p>\n<p>Hergestellt in La Tour-de-Tr\u00eame, von der Metzgerei <strong>Commerce de Viande SA<\/strong><\/p>\n<p><strong>Fleisch aus der Region<\/strong><\/p>\n<p><strong>ZUTATEN: <\/strong>Schweinefleisch, Schweinefett, Nitritp\u00f6kelsalz, Pfeffer, Knoblauch, Fermente, Tari S75.<\/p>\n<p><strong>LAGERUNG:<\/strong> Kann au\u00dferhalb des K\u00fchlschranks aufbewahrt werden. Unter Schutzatmosph\u00e4re verpackt. Gefroren (bei -18 \u00b0C lagern) innerhalb von 7 Tagen nach dem Auftauen verbrauchen.<\/p>\n<p><strong>Lieferung &amp; R\u00fccksendungen <\/strong>Die Lieferungen werden von der Schweizerischen Post durchgef\u00fchrt. Bitte klicken Sie <strong><a href=\"https:\/\/mafondue.ch\/de\/allgemeine-bedingungen\/\">hier<\/a><\/strong>, um die verschiedenen Versandarten, -zeiten und -kosten zu sehen. Wir liefern unsere Produkte nur in die Schweiz. Die vertraglichen Informationen werden per E-Mail an die von Ihnen angegebene Adresse best\u00e4tigt. Sie werden daher gebeten, alle Daten im Zusammenhang mit Ihrer Bestellung zu \u00fcberpr\u00fcfen. Bei Problemen bitten wir Sie, sich so schnell wie m\u00f6glich mit uns in <strong><a href=\"https:\/\/mafondue.ch\/de\/wer-sind-wir\/\">Verbindung<\/a><\/strong> zu setzen.<\/p>\n","protected":false},"excerpt":{"rendered":"<p>Rindertrockensalami \u2013 ca. 130 g Hergestellt in La Tour-de-Tr\u00eame, von der Metzgerei Commerce de Viande SA Fleisch aus der Region ZUTATEN: Schweinefleisch, Schweinefett, Nitritp\u00f6kelsalz, Pfeffer, Knoblauch, Fermente, Tari S75. LAGERUNG: Kann au\u00dferhalb des K\u00fchlschranks aufbewahrt werden. Unter Schutzatmosph\u00e4re verpackt. Gefroren (bei -18 \u00b0C lagern) innerhalb von 7 Tagen nach dem Auftauen verbrauchen. Lieferung &amp; R\u00fccksendungen [&hellip;]<\/p>\n","protected":false},"featured_media":256300,"comment_status":"closed","ping_status":"closed","template":"","meta":{"_et_pb_use_builder":"","_et_pb_old_content":"","_et_gb_content_width":""},"product_brand":[],"product_cat":[224,176,103],"product_tag":[],"class_list":{"0":"post-256318","1":"product","2":"type-product","3":"status-publish","4":"has-post-thumbnail","6":"product_cat-aperitif-desserts","7":"product_cat-apero-de","8":"product_cat-charcuterie-de","10":"first","11":"instock","12":"taxable","13":"shipping-taxable","14":"purchasable","15":"product-type-simple"},"_links":{"self":[{"href":"https:\/\/mafondue.ch\/de\/wp-json\/wp\/v2\/product\/256318","targetHints":{"allow":["GET"]}}],"collection":[{"href":"https:\/\/mafondue.ch\/de\/wp-json\/wp\/v2\/product"}],"about":[{"href":"https:\/\/mafondue.ch\/de\/wp-json\/wp\/v2\/types\/product"}],"replies":[{"embeddable":true,"href":"https:\/\/mafondue.ch\/de\/wp-json\/wp\/v2\/comments?post=256318"}],"wp:featuredmedia":[{"embeddable":true,"href":"https:\/\/mafondue.ch\/de\/wp-json\/wp\/v2\/media\/256300"}],"wp:attachment":[{"href":"https:\/\/mafondue.ch\/de\/wp-json\/wp\/v2\/media?parent=256318"}],"wp:term":[{"taxonomy":"product_brand","embeddable":true,"href":"https:\/\/mafondue.ch\/de\/wp-json\/wp\/v2\/product_brand?post=256318"},{"taxonomy":"product_cat","embeddable":true,"href":"https:\/\/mafondue.ch\/de\/wp-json\/wp\/v2\/product_cat?post=256318"},{"taxonomy":"product_tag","embeddable":true,"href":"https:\/\/mafondue.ch\/de\/wp-json\/wp\/v2\/product_tag?post=256318"}],"curies":[{"name":"wp","href":"https:\/\/api.w.org\/{rel}","templated":true}]}}