

{"id":30620,"date":"2020-08-28T15:34:29","date_gmt":"2020-08-28T13:34:29","guid":{"rendered":"https:\/\/mafondue.ch\/produit\/fondue-moitie-moitie-400g\/"},"modified":"2024-12-23T08:21:43","modified_gmt":"2024-12-23T07:21:43","slug":"fondue-moitie-moitie-400g","status":"publish","type":"product","link":"https:\/\/mafondue.ch\/de\/produkt\/fondue-moitie-moitie-400g\/","title":{"rendered":"Fondue Moiti\u00e9-Moiti\u00e9 de la Gruy\u00e8re | 400g"},"content":{"rendered":"<p><strong>Fondue Moiti\u00e9-Moiti\u00e9 de la Gruy\u00e8re \u2013 400g<br \/>\nf\u00fcr 2 Personen <\/strong><\/p>\n<p>Das authentische Fondue moiti\u00e9-moiti\u00e9 de la Gruy\u00e8re, eine subtile Mischung aus Gruy\u00e8re AOP und Vacherin Fribourgeois AOP: Diese 2 K\u00e4sesorten sind Garanten f\u00fcr eine cremige Textur f\u00fcr ein k\u00f6stliches Fondue mit w\u00fcrzigem Aroma.<\/p>\n<p><strong> ZUTATEN:<\/strong><em>Gruy\u00e8re AOP (fetter Hartk\u00e4se aus <strong>ROHMILCH<\/strong>, Schweiz), Vacherin Fribourgeois AOP (fetter Halbhartk\u00e4se aus thermisierter <strong>MILCH<\/strong>, Schweiz), Speisest\u00e4rke, Knoblauch.<\/em><em>Schweizer Produkt.<\/em><\/p>\n<p><strong>KONSERVATION:<\/strong> <em>max. +5\u00b0C. Unter Schutzatmosph\u00e4re verpackt. Beim Einfrieren (bei -18 \u00b0C aufbewahren) wird das Mindesthaltbarkeitsdatum um 6 Monate verl\u00e4ngert. Verwendbar bis ( siehe Datum auf der Packung ) <\/em><\/p>\n<p><strong>VALEURS NUTRITIVES MOYENNES 100G:<\/strong> <em>Energie 1590Kj (380kcal); Fett 30g, davon ges\u00e4ttigte Fetts\u00e4uren 18g; Kohlenhydrate 0g, davon Zucker 0g; Ballaststoffe 0g; Eiwei\u00df 28g; Salz 1.5g.<\/em><\/p>\n<p><strong>LIEFERUNGEN &amp; R\u00dcCKGABEN<\/strong>: Die Lieferungen werden von der Schweizerischen Post durchgef\u00fchrt. Bitte klicken Sie <a>hier<\/a>, um die verschiedenen Versandarten, Lieferzeiten und -kosten zu sehen. Wir liefern unsere Produkte nur in die Schweiz. Die vertraglichen Informationen werden per E-Mail an die von Ihnen angegebene Adresse best\u00e4tigt. Sie werden daher gebeten, alle Daten im Zusammenhang mit Ihrer Bestellung zu \u00fcberpr\u00fcfen. Bei Problemen bitten wir Sie, sich so schnell wie m\u00f6glich mit <a>uns in Verbindung<\/a> zu setzen.<\/p>\n<p>&nbsp;<\/p>\n","protected":false},"excerpt":{"rendered":"<p>Fondue Moiti\u00e9-Moiti\u00e9 de la Gruy\u00e8re 400g<br \/>\nDieses Fondue moiti\u00e9-moiti\u00e9 ist das Ergebnis einer subtilen Mischung von K\u00e4sesorten: Gruy\u00e8re AOP und Vacherin fribourgeois AOP.<\/p>\n<p>F\u00fcr <img loading=\"lazy\" decoding=\"async\" src=\"https:\/\/mafondue.ch\/skin\/frontend\/base\/default\/images\/pictoPersonne.png\" width=\"12\" height=\"28\" \/> <img loading=\"lazy\" decoding=\"async\" src=\"https:\/\/mafondue.ch\/skin\/frontend\/base\/default\/images\/pictoPersonne.png\" width=\"12\" height=\"28\" \/> Person(en)<\/p>\n","protected":false},"featured_media":255768,"comment_status":"open","ping_status":"closed","template":"","meta":{"_et_pb_use_builder":"","_et_pb_old_content":"","_et_gb_content_width":""},"product_brand":[],"product_cat":[157,109,223,111,118],"product_tag":[],"class_list":{"0":"post-30620","1":"product","2":"type-product","3":"status-publish","4":"has-post-thumbnail","6":"product_cat-black-friday-de","7":"product_cat-fondue-de","8":"product_cat-fondue-halb-und-halb-400g","9":"product_cat-fondue-moitie-moitie-de","10":"product_cat-promotion-de","11":"product_shipping_class-produits-de","13":"first","14":"instock","15":"taxable","16":"shipping-taxable","17":"purchasable","18":"product-type-simple"},"_links":{"self":[{"href":"https:\/\/mafondue.ch\/de\/wp-json\/wp\/v2\/product\/30620","targetHints":{"allow":["GET"]}}],"collection":[{"href":"https:\/\/mafondue.ch\/de\/wp-json\/wp\/v2\/product"}],"about":[{"href":"https:\/\/mafondue.ch\/de\/wp-json\/wp\/v2\/types\/product"}],"replies":[{"embeddable":true,"href":"https:\/\/mafondue.ch\/de\/wp-json\/wp\/v2\/comments?post=30620"}],"wp:featuredmedia":[{"embeddable":true,"href":"https:\/\/mafondue.ch\/de\/wp-json\/wp\/v2\/media\/255768"}],"wp:attachment":[{"href":"https:\/\/mafondue.ch\/de\/wp-json\/wp\/v2\/media?parent=30620"}],"wp:term":[{"taxonomy":"product_brand","embeddable":true,"href":"https:\/\/mafondue.ch\/de\/wp-json\/wp\/v2\/product_brand?post=30620"},{"taxonomy":"product_cat","embeddable":true,"href":"https:\/\/mafondue.ch\/de\/wp-json\/wp\/v2\/product_cat?post=30620"},{"taxonomy":"product_tag","embeddable":true,"href":"https:\/\/mafondue.ch\/de\/wp-json\/wp\/v2\/product_tag?post=30620"}],"curies":[{"name":"wp","href":"https:\/\/api.w.org\/{rel}","templated":true}]}}