

{"id":30625,"date":"2020-08-28T15:35:14","date_gmt":"2020-08-28T13:35:14","guid":{"rendered":"https:\/\/mafondue.ch\/produit\/pack-p-rochat-kasefondue\/"},"modified":"2024-06-13T15:15:33","modified_gmt":"2024-06-13T13:15:33","slug":"pack-p-rochat-kasefondue","status":"publish","type":"product","link":"https:\/\/mafondue.ch\/de\/produkt\/pack-p-rochat-kasefondue\/","title":{"rendered":"Pack Fondue Rochat"},"content":{"rendered":"<p><strong>Pack Fondue Rochat<\/strong><\/p>\n<p>Rezept ausgearbeitet von Herrn Philippe Rochat in den R\u00e4umlichkeiten der Laiterie Moderne.<br \/>\nEr hatte viel Spa\u00df und Leidenschaft, um dieses Rezept zu kreieren.<br \/>\nweil er ein Liebhaber eines guten Fondues war.<\/p>\n<p><strong>Das Paket enth\u00e4lt:<\/strong><\/p>\n<p>1 Fondue Rochat 400g<br \/>\n1 Flasche Chasselas 37.5cl<br \/>\n1 Pr\u00e4sentationspackung aus Karton<\/p>\n<p>M\u00f6glichkeit, einen Sticker Ihres Unternehmens auf der Verpackung anzubringen<\/p>\n<p><strong>KONSERVATIONSF\u00d6RDERUNG<\/strong>: max. +5\u00b0C. Unter Schutzatmosph\u00e4re verpackt. Beim Einfrieren (bei -18 \u00b0C aufbewahren) wird das Mindesthaltbarkeitsdatum um 6 Monate verl\u00e4ngert. Verwendbar bis ( siehe Datum auf der Packung ).<\/p>\n<p><strong>ZUTATEN FONDUE:<\/strong>Gruy\u00e8re AOP (fetter Hartk\u00e4se aus <strong>ROHMILCH<\/strong>, Schweiz), Vacherin Fribourgeois AOP (fetter Halbhartk\u00e4se aus thermisierter <strong>MILCH<\/strong>, Schweiz), Speisest\u00e4rke, Knoblauch.<\/p>\n<p><strong>VALEURS NUTRITIVES MOYENNES 100G : <\/strong> Energie 1590Kj (380kcal) ; Lipides 30g, dont acides gras satur\u00e9s 18g ; Glucides 0g, dont sucre 0g ; Fibres 0g ; Prot\u00e9ines 28g ; Sel 1.5g.<\/p>\n<p><strong>Schweizer Wei\u00dfwein (Chasselas)<\/strong>, enth\u00e4lt Sulfite.<\/p>\n<p><strong>LIEFERUNGEN &amp; R\u00dcCKGABEN<\/strong>: Die Lieferungen werden von der Schweizerischen Post durchgef\u00fchrt. Bitte klicken Sie <a href=\"\">hier<\/a>, um die verschiedenen Versandarten, Lieferzeiten und -kosten zu sehen.  Wir liefern unsere Produkte nur in die Schweiz. Die vertraglichen Informationen werden per E-Mail an die von Ihnen angegebene Adresse best\u00e4tigt. Sie werden daher gebeten, alle Daten im Zusammenhang mit Ihrer Bestellung zu \u00fcberpr\u00fcfen. Bei Problemen bitten wir Sie, sich so schnell wie m\u00f6glich mit <a href=\"\">uns in Verbindung<\/a> zu setzen.   <\/p>\n<p>&nbsp;<\/p>\n","protected":false},"excerpt":{"rendered":"<p>Das Erbe eines gro\u00dfen K\u00fcchenchefs<br \/>\nRezept ausgearbeitet von Herrn Philippe ROCHAT in den R\u00e4umlichkeiten der Laiterie Moderne.<\/p>\n<p>Fendant (Chasselas) 37.5 cl<br \/>\nFondue ROCHAT 400g<br \/>\nKartonpackung im MaFondue-Design<\/p>\n<p>F\u00fcr <img loading=\"lazy\" decoding=\"async\" src=\"https:\/\/mafondue.ch\/skin\/frontend\/base\/default\/images\/pictoPersonne.png\" width=\"12\" height=\"28\"> <img loading=\"lazy\" decoding=\"async\" src=\"https:\/\/mafondue.ch\/skin\/frontend\/base\/default\/images\/pictoPersonne.png\" width=\"12\" height=\"28\"> Person(en)<\/p>\n","protected":false},"featured_media":49198,"comment_status":"closed","ping_status":"closed","template":"","meta":{"_et_pb_use_builder":"","_et_pb_old_content":"","_et_gb_content_width":""},"product_brand":[],"product_cat":[109,111],"product_tag":[],"class_list":{"0":"post-30625","1":"product","2":"type-product","3":"status-publish","4":"has-post-thumbnail","6":"product_cat-fondue-de","7":"product_cat-fondue-moitie-moitie-de","8":"product_shipping_class-produits-de","10":"first","11":"instock","12":"taxable","13":"shipping-taxable","14":"purchasable","15":"product-type-simple"},"_links":{"self":[{"href":"https:\/\/mafondue.ch\/de\/wp-json\/wp\/v2\/product\/30625","targetHints":{"allow":["GET"]}}],"collection":[{"href":"https:\/\/mafondue.ch\/de\/wp-json\/wp\/v2\/product"}],"about":[{"href":"https:\/\/mafondue.ch\/de\/wp-json\/wp\/v2\/types\/product"}],"replies":[{"embeddable":true,"href":"https:\/\/mafondue.ch\/de\/wp-json\/wp\/v2\/comments?post=30625"}],"wp:featuredmedia":[{"embeddable":true,"href":"https:\/\/mafondue.ch\/de\/wp-json\/wp\/v2\/media\/49198"}],"wp:attachment":[{"href":"https:\/\/mafondue.ch\/de\/wp-json\/wp\/v2\/media?parent=30625"}],"wp:term":[{"taxonomy":"product_brand","embeddable":true,"href":"https:\/\/mafondue.ch\/de\/wp-json\/wp\/v2\/product_brand?post=30625"},{"taxonomy":"product_cat","embeddable":true,"href":"https:\/\/mafondue.ch\/de\/wp-json\/wp\/v2\/product_cat?post=30625"},{"taxonomy":"product_tag","embeddable":true,"href":"https:\/\/mafondue.ch\/de\/wp-json\/wp\/v2\/product_tag?post=30625"}],"curies":[{"name":"wp","href":"https:\/\/api.w.org\/{rel}","templated":true}]}}