

{"id":30626,"date":"2020-08-28T15:32:14","date_gmt":"2020-08-28T13:32:14","guid":{"rendered":"https:\/\/mafondue.ch\/produit\/fondue-vacherin-aop-600g\/"},"modified":"2026-01-23T13:49:56","modified_gmt":"2026-01-23T12:49:56","slug":"fondue-vacherin-aop-600g","status":"publish","type":"product","link":"https:\/\/mafondue.ch\/de\/produkt\/fondue-vacherin-aop-600g\/","title":{"rendered":"Fondue VACHERIN AOP | 600g"},"content":{"rendered":"<p><strong>Fondue Vacherin AOP \u2013 600 g<br \/>\nf\u00fcr 3 Personen <\/strong><\/p>\n<p>Entdecken Sie das feine Aroma und die unvergleichlich cremige Textur dieses Fondues, das aus Vacherin Fribourgeois AOP hergestellt wird, einem K\u00e4se, der ausschlie\u00dflich in den Ebenen und auf den Almen des Kantons Freiburg hergestellt wird. Diese Spezialit\u00e4t ist bekannt f\u00fcr ihre zarte Konsistenz und ihre gute Verdaulichkeit. Zubereitet in der reinsten Freiburger Tradition!<\/p>\n<p><strong>INGR\u00c9DIENTS:<\/strong> Vacherin Fribourgeois AOP(fetter Halbhartk\u00e4se aus thermisierter <strong> MILCH<\/strong>, Schweiz). Schweizer Produkt<\/p>\n<p><strong>LAGERUNG:<\/strong> max. +5\u00b0C. Unter Schutzatmosph\u00e4re verpackt. Beim Einfrieren (bei -18 \u00b0C aufbewahren) wird das Mindesthaltbarkeitsdatum um 6 Monate verl\u00e4ngert. Verwendbar bis ( siehe Datum auf der Packung ).<\/p>\n<p><strong>DURCHSCHNITTLICHE NUTRITIVWERTE 100g<\/strong>: Energie 1590Kj (380kcal) ; Fett 30g, davon ges\u00e4ttigte Fetts\u00e4uren 18g ; Kohlenhydrate 0g, davon Zucker 0g ; Ballaststoffe 0g ; Eiwei\u00df 28g ; Salz 1.5g.<\/p>\n<p><strong>LIEFERUNGEN &amp; RETOUREN<\/strong>:Die Lieferungen werden von der Schweizerischen Post durchgef\u00fchrt. Bitte klicken Sie <a href=\"https:\/\/mafondue.ch\/de\/allgemeine-bedingungen\/\">hier<\/a>, um die verschiedenen Versandarten, -zeiten und -kosten zu sehen.  Wir liefern unsere Produkte nur in die Schweiz. Die vertraglichen Informationen werden per E-Mail an die von Ihnen angegebene Adresse best\u00e4tigt. Sie werden daher gebeten, alle Daten im Zusammenhang mit Ihrer Bestellung zu \u00fcberpr\u00fcfen. Bei Problemen bitten wir Sie, sich so schnell wie m\u00f6glich mit <a href=\"https:\/\/mafondue.ch\/de\/wer-sind-wir\/\"> uns <\/a> in Verbindung zu setzen.   <\/p>\n<p>&nbsp;<\/p>\n","protected":false},"excerpt":{"rendered":"<p>Fondue Vacherin AOP 600 g<br \/>\nDieses sehr bek\u00f6mmliche Fondue wurde f\u00fcr Sie nach reinster Freiburger Tradition mit Vacherin Fribourgeois AOP zubereitet.<\/p>\n<p>F\u00fcr <img loading=\"lazy\" decoding=\"async\" src=\"https:\/\/mafondue.ch\/skin\/frontend\/base\/default\/images\/pictoPersonne.png\" width=\"12\" height=\"28\"> <img loading=\"lazy\" decoding=\"async\" src=\"https:\/\/mafondue.ch\/skin\/frontend\/base\/default\/images\/pictoPersonne.png\" width=\"12\" height=\"28\"> <img loading=\"lazy\" decoding=\"async\" src=\"https:\/\/mafondue.ch\/skin\/frontend\/base\/default\/images\/pictoPersonne.png\" width=\"12\" height=\"28\"> Person(en)<\/p>\n","protected":false},"featured_media":56155,"comment_status":"closed","ping_status":"closed","template":"","meta":{"_et_pb_use_builder":"","_et_pb_old_content":"","_et_gb_content_width":""},"product_brand":[],"product_cat":[157,109,118,112],"product_tag":[],"class_list":{"0":"post-30626","1":"product","2":"type-product","3":"status-publish","4":"has-post-thumbnail","6":"product_cat-black-friday-de","7":"product_cat-fondue-de","8":"product_cat-promotion-de","9":"product_cat-fondue-vacherin-de","10":"product_shipping_class-produits-de","12":"first","13":"instock","14":"taxable","15":"shipping-taxable","16":"purchasable","17":"product-type-simple"},"_links":{"self":[{"href":"https:\/\/mafondue.ch\/de\/wp-json\/wp\/v2\/product\/30626","targetHints":{"allow":["GET"]}}],"collection":[{"href":"https:\/\/mafondue.ch\/de\/wp-json\/wp\/v2\/product"}],"about":[{"href":"https:\/\/mafondue.ch\/de\/wp-json\/wp\/v2\/types\/product"}],"replies":[{"embeddable":true,"href":"https:\/\/mafondue.ch\/de\/wp-json\/wp\/v2\/comments?post=30626"}],"wp:featuredmedia":[{"embeddable":true,"href":"https:\/\/mafondue.ch\/de\/wp-json\/wp\/v2\/media\/56155"}],"wp:attachment":[{"href":"https:\/\/mafondue.ch\/de\/wp-json\/wp\/v2\/media?parent=30626"}],"wp:term":[{"taxonomy":"product_brand","embeddable":true,"href":"https:\/\/mafondue.ch\/de\/wp-json\/wp\/v2\/product_brand?post=30626"},{"taxonomy":"product_cat","embeddable":true,"href":"https:\/\/mafondue.ch\/de\/wp-json\/wp\/v2\/product_cat?post=30626"},{"taxonomy":"product_tag","embeddable":true,"href":"https:\/\/mafondue.ch\/de\/wp-json\/wp\/v2\/product_tag?post=30626"}],"curies":[{"name":"wp","href":"https:\/\/api.w.org\/{rel}","templated":true}]}}