

{"id":30630,"date":"2020-08-18T10:05:09","date_gmt":"2020-08-18T08:05:09","guid":{"rendered":"https:\/\/mafondue.ch\/produit\/fondue-la-cabriolle-250g\/"},"modified":"2026-01-23T13:57:28","modified_gmt":"2026-01-23T12:57:28","slug":"fondue-la-cabriolle-250g","status":"publish","type":"product","link":"https:\/\/mafondue.ch\/de\/produkt\/fondue-la-cabriolle-250g\/","title":{"rendered":"Fondue ch\u00e8vre &#8222;La Cabriolle&#8220; | 250g"},"content":{"rendered":"<p><strong>Fondue Cabriole \u2013 250g<br \/>\nf\u00fcr 1 Person<\/strong><\/p>\n<p>Ein Fondue aus reinem Ziegenk\u00e4se. Hergestellt in Gruy\u00e8re. Wunderbar aromatisch und weich, mit einem nicht aggressiven Geschmack, ist das Fondue La Cabriolle du L\u00e9vanchy schmackhaft und sehr bek\u00f6mmlich. Die aus dem Greyerzerland stammende, authentische und handwerklich hergestellte Cabriolle du L\u00e9vanchy passt subtil zu Brot, Pellkartoffeln und frischen Weintrauben. Unsere garantiert reinen Ziegenk\u00e4se werden ausschlie\u00dflich f\u00fcr die Cabriolle gereift und stammen von der Alm L\u00e9vanchy in Grandvillard. La Cabriolle ist einfach zu verwenden und kann in wenigen Minuten zubereitet werden.<\/p>\n<p><strong>ZUTATEN: <\/strong> Schweizer Ziegenk\u00e4se mit halbfester Paste, halbfett, aus pasteurisierter <strong>MILCH<\/strong>, Wasser, Schmelzsalz (E452\/E339\/E331).<\/p>\n<p><strong>LAGERUNG:<\/strong> max. +5\u00b0C. Unter Schutzatmosph\u00e4re verpackt. Beim Einfrieren (bei -18 \u00b0C aufbewahren) wird das Mindesthaltbarkeitsdatum um 6 Monate verl\u00e4ngert. Verwendbar bis ( siehe Datum auf der Packung ).<\/p>\n<p><strong>DURCHSCHNITTLICHE NUTRITIVWERTE<\/strong> 100G: Energie 1457Kj (350kcal); Fett 26g, davon ges\u00e4ttigte Fetts\u00e4uren 13g; Kohlenhydrate 16g, davon Zucker 2.1g; Ballaststoffe 0g; Eiwei\u00df 14g; Salz 0.4g.<\/p>\n<p><strong>LIEFERUNGEN &amp; RETOUREN<\/strong>:Die Lieferungen werden von der Schweizerischen Post durchgef\u00fchrt. Bitte klicken Sie <a href=\"https:\/\/mafondue.ch\/de\/allgemeine-bedingungen\/\">hier<\/a>, um die verschiedenen Versandarten, -zeiten und -kosten zu sehen.  Wir liefern unsere Produkte nur in die Schweiz. Die vertraglichen Informationen werden per E-Mail an die von Ihnen angegebene Adresse best\u00e4tigt. Sie werden daher gebeten, alle Daten im Zusammenhang mit Ihrer Bestellung zu \u00fcberpr\u00fcfen. Bei Problemen bitten wir Sie, sich so schnell wie m\u00f6glich mit <a href=\"https:\/\/mafondue.ch\/de\/wer-sind-wir\/\"> uns <\/a> in Verbindung zu setzen.   <\/p>\n<p>&nbsp;<\/p>\n","protected":false},"excerpt":{"rendered":"<p>Ein Fondue aus reinem Ziegenk\u00e4se. Hergestellt in Gruy\u00e8re.<br \/>\nDas wunderbar aromatische und weiche Fondue La Cabriolle du L\u00e9vanchy mit seinem nicht aggressiven Geschmack ist schmackhaft und sehr bek\u00f6mmlich.<br \/>\nDas aus dem Greyerzerland stammende, authentische und handwerklich hergestellte La Cabriolle du L\u00e9vanchy passt subtil zu Brot, Pellkartoffeln und frischen Weintrauben.<\/p>\n<p>F\u00fcr <img loading=\"lazy\" decoding=\"async\" src=\"https:\/\/mafondue.ch\/skin\/frontend\/base\/default\/images\/pictoPersonne.png\" width=\"12\" height=\"28\">  Person(en)<\/p>\n","protected":false},"featured_media":35604,"comment_status":"closed","ping_status":"closed","template":"","meta":{"_et_pb_use_builder":"","_et_pb_old_content":"","_et_gb_content_width":""},"product_brand":[],"product_cat":[109,110],"product_tag":[],"class_list":{"0":"post-30630","1":"product","2":"type-product","3":"status-publish","4":"has-post-thumbnail","6":"product_cat-fondue-de","7":"product_cat-fondue-chevre-de","8":"product_shipping_class-produits-de","10":"first","11":"instock","12":"taxable","13":"shipping-taxable","14":"purchasable","15":"product-type-simple"},"_links":{"self":[{"href":"https:\/\/mafondue.ch\/de\/wp-json\/wp\/v2\/product\/30630","targetHints":{"allow":["GET"]}}],"collection":[{"href":"https:\/\/mafondue.ch\/de\/wp-json\/wp\/v2\/product"}],"about":[{"href":"https:\/\/mafondue.ch\/de\/wp-json\/wp\/v2\/types\/product"}],"replies":[{"embeddable":true,"href":"https:\/\/mafondue.ch\/de\/wp-json\/wp\/v2\/comments?post=30630"}],"wp:featuredmedia":[{"embeddable":true,"href":"https:\/\/mafondue.ch\/de\/wp-json\/wp\/v2\/media\/35604"}],"wp:attachment":[{"href":"https:\/\/mafondue.ch\/de\/wp-json\/wp\/v2\/media?parent=30630"}],"wp:term":[{"taxonomy":"product_brand","embeddable":true,"href":"https:\/\/mafondue.ch\/de\/wp-json\/wp\/v2\/product_brand?post=30630"},{"taxonomy":"product_cat","embeddable":true,"href":"https:\/\/mafondue.ch\/de\/wp-json\/wp\/v2\/product_cat?post=30630"},{"taxonomy":"product_tag","embeddable":true,"href":"https:\/\/mafondue.ch\/de\/wp-json\/wp\/v2\/product_tag?post=30630"}],"curies":[{"name":"wp","href":"https:\/\/api.w.org\/{rel}","templated":true}]}}