

{"id":30638,"date":"2020-08-28T20:25:24","date_gmt":"2020-08-28T18:25:24","guid":{"rendered":"https:\/\/mafondue.ch\/produit\/vacherin-fribourgeois-aop-village-300g\/"},"modified":"2025-03-11T15:09:29","modified_gmt":"2025-03-11T14:09:29","slug":"vacherin-fribourgeois-aop-village-300g","status":"publish","type":"product","link":"https:\/\/mafondue.ch\/de\/produkt\/vacherin-fribourgeois-aop-village-300g\/","title":{"rendered":"VACHERIN FRIBOURGEOIS AOP VILLAGE 300g"},"content":{"rendered":"<p><strong>Vacherin Fribourgeois AOP<\/strong><\/p>\n<p>Der Vacherin Fribourgeois AOP ist ein Halbhartk\u00e4se aus Kuhmilch und entfaltet im Mund einen rustikalen und klaren Charakter, der jedoch subtil fruchtig und duftend ist. Die elfenbeinfarbene Farbe dieses K\u00e4ses ist ebenso einzigartig wie sein Geschmack und seine Cremigkeit. Der Vacherin Fribourgeois AOP eignet sich sowohl als Dessertk\u00e4se als auch als Fonduek\u00e4se. Er ist ein reines Produkt aus der Region und stellt eine authentische, einfache und gesellige Mahlzeit dar. Der Vacherin Fribourgeois AOP ist ein AOP-K\u00e4se, der auf traditionelle Weise und nur im Kanton Freiburg hergestellt wird. Der milde Vacherin Fribourgeois ist ein Dessertk\u00e4se par excellence, der wegen seiner Cremigkeit sehr begehrt ist.<\/p>\n<p><strong>REIFEZEIT:<\/strong> Ein Vacherin fribourgeois muss 3 bis 4 Monate reifen und reifen.<\/p>\n<p><strong>LAGERUNG<\/strong>: Max. +5 \u00b0C. Unter Schutzatmosph\u00e4re verpackt. Bei Tiefk\u00fchlung (bei -18\u00b0C aufbewahren) verl\u00e4ngert sich das Mindesthaltbarkeitsdatum um 6 Monate. Verwendbar bis (siehe Datum auf der Packung).<\/p>\n<p><strong>DURCHSCHNITTLICHE NUTRITIVWERTE 100g<\/strong>: Energie 1520Kj (366kcal); Fett 30g, davon ges\u00e4ttigte Fetts\u00e4uren 19g; Kohlenhydrate 0g, davon Zucker 0g; Ballaststoffe 0g; Eiwei\u00df 2.4g; Salz 1.5g.<\/p>\n<p><strong>LIEFERUNGEN &amp; R\u00dcCKGABEN<\/strong>: Die Lieferungen werden von der Schweizerischen Post durchgef\u00fchrt. Bitte klicken Sie <a href=\"https:\/\/mafondue.ch\/de\/allgemeine-bedingungen\/\">hier<\/a>, um die verschiedenen Lieferarten, Lieferzeiten und -kosten zu sehen. Wir liefern unsere Produkte nur in die Schweiz. Die vertraglichen Informationen werden per E-Mail an die von Ihnen angegebene Adresse best\u00e4tigt. Sie werden daher gebeten, alle Daten im Zusammenhang mit Ihrer Bestellung zu \u00fcberpr\u00fcfen. Bei Problemen bitten wir Sie, sich so schnell wie m\u00f6glich mit uns in <a href=\"mailto:info@mafondue.ch\">Verbindung<\/a> zu setzen.<\/p>\n","protected":false},"excerpt":{"rendered":"<p>3 Reinigungsmonate Zu Auswahl: 300g&nbsp;<br \/><a href=\"https:\/\/vacherin-fribourgeois-aop.ch\/fr\" target=\"_blank\" rel=\"noopener noreferrer\"><img decoding=\"async\" alt=\"\" src=\"{{media url=\"wysiwyg\/t_l_chargement.png\"}}\" \/><\/a><\/p>\n","protected":false},"featured_media":40352,"comment_status":"closed","ping_status":"closed","template":"","meta":{"_et_pb_use_builder":"","_et_pb_old_content":"","_et_gb_content_width":""},"product_brand":[],"product_cat":[117,114],"product_tag":[],"class_list":{"0":"post-30638","1":"product","2":"type-product","3":"status-publish","4":"has-post-thumbnail","6":"product_cat-vacherin-de","7":"product_cat-fromage-de","8":"product_shipping_class-produits-de","10":"first","11":"instock","12":"taxable","13":"shipping-taxable","14":"purchasable","15":"product-type-simple"},"_links":{"self":[{"href":"https:\/\/mafondue.ch\/de\/wp-json\/wp\/v2\/product\/30638","targetHints":{"allow":["GET"]}}],"collection":[{"href":"https:\/\/mafondue.ch\/de\/wp-json\/wp\/v2\/product"}],"about":[{"href":"https:\/\/mafondue.ch\/de\/wp-json\/wp\/v2\/types\/product"}],"replies":[{"embeddable":true,"href":"https:\/\/mafondue.ch\/de\/wp-json\/wp\/v2\/comments?post=30638"}],"wp:featuredmedia":[{"embeddable":true,"href":"https:\/\/mafondue.ch\/de\/wp-json\/wp\/v2\/media\/40352"}],"wp:attachment":[{"href":"https:\/\/mafondue.ch\/de\/wp-json\/wp\/v2\/media?parent=30638"}],"wp:term":[{"taxonomy":"product_brand","embeddable":true,"href":"https:\/\/mafondue.ch\/de\/wp-json\/wp\/v2\/product_brand?post=30638"},{"taxonomy":"product_cat","embeddable":true,"href":"https:\/\/mafondue.ch\/de\/wp-json\/wp\/v2\/product_cat?post=30638"},{"taxonomy":"product_tag","embeddable":true,"href":"https:\/\/mafondue.ch\/de\/wp-json\/wp\/v2\/product_tag?post=30638"}],"curies":[{"name":"wp","href":"https:\/\/api.w.org\/{rel}","templated":true}]}}