

{"id":30641,"date":"2020-08-28T20:21:52","date_gmt":"2020-08-28T18:21:52","guid":{"rendered":"https:\/\/mafondue.ch\/produit\/le-gruyere-aop-reif-300g\/"},"modified":"2026-01-23T13:42:43","modified_gmt":"2026-01-23T12:42:43","slug":"le-gruyere-aop-reif-300g","status":"publish","type":"product","link":"https:\/\/mafondue.ch\/de\/produkt\/le-gruyere-aop-reif-300g\/","title":{"rendered":"Gesalzener Gruy\u00e8re AOP | 300g"},"content":{"rendered":"<p><strong>Gesalzener Gruy\u00e8re AOP<\/strong><\/p>\n<p>Gruy\u00e8re AOP ist ein Hartk\u00e4se aus <strong>ROHMILCH <\/strong>mit AOP-Zertifizierung, der in der Molkerei Grangeneuve hergestellt wird. Dieser K\u00e4se ist ein Schweizer Regionalprodukt, das wegen seiner Authentizit\u00e4t gesch\u00e4tzt wird. Gruy\u00e8re ist aufgrund seines subtilen und aromatischen Geschmacks ein Dessertk\u00e4se, der zur Zubereitung von Fondue verwendet wird.  <\/p>\n<p><strong>REIFEZEIT:<\/strong> Ein gesalzener Gruy\u00e8re braucht 11 bis 12 Monate, um zu reifen und zu reifen.<\/p>\n<p><strong>LAGERUNG:<\/strong> max. +5\u00b0C. Unter Schutzatmosph\u00e4re verpackt. Beim Einfrieren (bei -18 \u00b0C aufbewahren) wird das Mindesthaltbarkeitsdatum um 6 Monate verl\u00e4ngert. Verwendbar bis ( siehe Datum auf der Packung ).<\/p>\n<p><strong>Durchschnittliche N\u00e4hrwerte pro 100 g<\/strong>: Energie 1690 kJ (407 kcal); Fett 33 g, davon ges\u00e4ttigte Fetts\u00e4uren 21 g; Kohlenhydrate 0,5 g, davon Zucker 0,1 g; Ballaststoffe 0 g; Eiwei\u00df 27 g; Salz 1,5 g.<\/p>\n<p><strong>LIEFERUNGEN RETOUREN<\/strong>: Die Lieferungen werden von der Schweizerischen Post durchgef\u00fchrt. Bitte klicken Sie <a href=\"https:\/\/mafondue.ch\/de\/allgemeine-bedingungen\/\">hier<\/a>, um die verschiedenen Versandarten, -zeiten und -kosten zu sehen. Wir liefern unsere Produkte nur in die Schweiz. Die vertraglichen Informationen werden per E-Mail an die von Ihnen angegebene Adresse best\u00e4tigt. Sie werden daher gebeten, alle Daten im Zusammenhang mit Ihrer Bestellung zu \u00fcberpr\u00fcfen. Bei Problemen bitten wir Sie, sich so schnell wie m\u00f6glich mit <a href=\"mailto:info@mafondue.ch\"> uns <\/a> in Verbindung zu setzen.   <\/p>\n<p>&nbsp;<\/p>\n","protected":false},"excerpt":{"rendered":"<p>Der gesalzene Gruy\u00e8re AOC ca. 300g<\/p>\n","protected":false},"featured_media":40346,"comment_status":"closed","ping_status":"closed","template":"","meta":{"_et_pb_use_builder":"","_et_pb_old_content":"","_et_gb_content_width":""},"product_brand":[],"product_cat":[115,114],"product_tag":[],"class_list":{"0":"post-30641","1":"product","2":"type-product","3":"status-publish","4":"has-post-thumbnail","6":"product_cat-gruyere-aop-de","7":"product_cat-fromage-de","8":"product_shipping_class-produits-de","10":"first","11":"instock","12":"taxable","13":"shipping-taxable","14":"purchasable","15":"product-type-simple"},"_links":{"self":[{"href":"https:\/\/mafondue.ch\/de\/wp-json\/wp\/v2\/product\/30641","targetHints":{"allow":["GET"]}}],"collection":[{"href":"https:\/\/mafondue.ch\/de\/wp-json\/wp\/v2\/product"}],"about":[{"href":"https:\/\/mafondue.ch\/de\/wp-json\/wp\/v2\/types\/product"}],"replies":[{"embeddable":true,"href":"https:\/\/mafondue.ch\/de\/wp-json\/wp\/v2\/comments?post=30641"}],"wp:featuredmedia":[{"embeddable":true,"href":"https:\/\/mafondue.ch\/de\/wp-json\/wp\/v2\/media\/40346"}],"wp:attachment":[{"href":"https:\/\/mafondue.ch\/de\/wp-json\/wp\/v2\/media?parent=30641"}],"wp:term":[{"taxonomy":"product_brand","embeddable":true,"href":"https:\/\/mafondue.ch\/de\/wp-json\/wp\/v2\/product_brand?post=30641"},{"taxonomy":"product_cat","embeddable":true,"href":"https:\/\/mafondue.ch\/de\/wp-json\/wp\/v2\/product_cat?post=30641"},{"taxonomy":"product_tag","embeddable":true,"href":"https:\/\/mafondue.ch\/de\/wp-json\/wp\/v2\/product_tag?post=30641"}],"curies":[{"name":"wp","href":"https:\/\/api.w.org\/{rel}","templated":true}]}}