

{"id":30642,"date":"2020-08-28T20:21:05","date_gmt":"2020-08-28T18:21:05","guid":{"rendered":"https:\/\/mafondue.ch\/produit\/le-gruyere-aop-mittelreif-sale-500g\/"},"modified":"2026-01-23T13:43:48","modified_gmt":"2026-01-23T12:43:48","slug":"le-gruyere-aop-mittelreif-sale-500g","status":"publish","type":"product","link":"https:\/\/mafondue.ch\/de\/produkt\/le-gruyere-aop-mittelreif-sale-500g\/","title":{"rendered":"Der Gruy\u00e8re AOP halb gesalzen | 500g"},"content":{"rendered":"<p><strong>Der Gruy\u00e8re AOP halb gesalzen<\/strong><\/p>\n<p>Gruy\u00e8re AOP ist ein Hartk\u00e4se aus <strong>ROHMILCH<\/strong> mit AOP-Zertifizierung, der in der Molkerei D\u00e9forel hergestellt wird. Dieser K\u00e4se ist ein Schweizer Regionalprodukt, das wegen seiner Authentizit\u00e4t gesch\u00e4tzt wird. Gruy\u00e8re ist aufgrund seines subtilen und aromatischen Geschmacks ein Dessertk\u00e4se, der zur Zubereitung von Fondue verwendet wird.  <\/p>\n<p><strong>REIFEZEIT:<\/strong> Ein halbgesalzener Gruy\u00e8re braucht 9 bis 10 Monate, um zu reifen und zu reifen.<\/p>\n<p><strong>LAGERUNG:<\/strong> max. +5\u00b0C. Unter Schutzatmosph\u00e4re verpackt. Beim Einfrieren (bei -18 \u00b0C aufbewahren) wird das Mindesthaltbarkeitsdatum um 6 Monate verl\u00e4ngert. Verwendbar bis ( siehe Datum auf der Packung ).<\/p>\n<p><strong>DURCHSCHNITTLICHE N\u00c4HRWERTE 100g<\/strong>: Energie 1690Kj (407kcal); Fett 33g, davon ges\u00e4ttigte Fetts\u00e4uren 21g; Kohlenhydrate 0.5g, davon Zucker 0.1g; Ballaststoffe 0g; Eiweiss 27g; Salz 1.5g.<\/p>\n<p><strong>LIEFERUNGEN RETOUREN<\/strong>: Die Lieferungen werden von der Schweizerischen Post durchgef\u00fchrt. Bitte klicken Sie <a href=\"https:\/\/mafondue.ch\/de\/allgemeine-bedingungen\/\">hier<\/a>, um die verschiedenen Versandarten, -zeiten und -kosten zu sehen. Wir liefern unsere Produkte nur in die Schweiz. Die vertraglichen Informationen werden per E-Mail an die von Ihnen angegebene Adresse best\u00e4tigt. Sie werden daher gebeten, alle Daten im Zusammenhang mit Ihrer Bestellung zu \u00fcberpr\u00fcfen. Bei Problemen bitten wir Sie, sich so schnell wie m\u00f6glich mit <a href=\"mailto:info@mafondue.ch\"> uns <\/a> in Verbindung zu setzen.   <\/p>\n<p>&nbsp;<\/p>\n","protected":false},"excerpt":{"rendered":"<p>Der Gruy\u00e8re AOP halb gesalzen ca. 500g<\/p>\n","protected":false},"featured_media":40358,"comment_status":"closed","ping_status":"closed","template":"","meta":{"_et_pb_use_builder":"","_et_pb_old_content":"","_et_gb_content_width":""},"product_brand":[],"product_cat":[115,114],"product_tag":[],"class_list":{"0":"post-30642","1":"product","2":"type-product","3":"status-publish","4":"has-post-thumbnail","6":"product_cat-gruyere-aop-de","7":"product_cat-fromage-de","8":"product_shipping_class-produits-de","10":"first","11":"instock","12":"taxable","13":"shipping-taxable","14":"purchasable","15":"product-type-simple"},"_links":{"self":[{"href":"https:\/\/mafondue.ch\/de\/wp-json\/wp\/v2\/product\/30642","targetHints":{"allow":["GET"]}}],"collection":[{"href":"https:\/\/mafondue.ch\/de\/wp-json\/wp\/v2\/product"}],"about":[{"href":"https:\/\/mafondue.ch\/de\/wp-json\/wp\/v2\/types\/product"}],"replies":[{"embeddable":true,"href":"https:\/\/mafondue.ch\/de\/wp-json\/wp\/v2\/comments?post=30642"}],"wp:featuredmedia":[{"embeddable":true,"href":"https:\/\/mafondue.ch\/de\/wp-json\/wp\/v2\/media\/40358"}],"wp:attachment":[{"href":"https:\/\/mafondue.ch\/de\/wp-json\/wp\/v2\/media?parent=30642"}],"wp:term":[{"taxonomy":"product_brand","embeddable":true,"href":"https:\/\/mafondue.ch\/de\/wp-json\/wp\/v2\/product_brand?post=30642"},{"taxonomy":"product_cat","embeddable":true,"href":"https:\/\/mafondue.ch\/de\/wp-json\/wp\/v2\/product_cat?post=30642"},{"taxonomy":"product_tag","embeddable":true,"href":"https:\/\/mafondue.ch\/de\/wp-json\/wp\/v2\/product_tag?post=30642"}],"curies":[{"name":"wp","href":"https:\/\/api.w.org\/{rel}","templated":true}]}}