

{"id":30647,"date":"2020-08-19T17:25:53","date_gmt":"2020-08-19T15:25:53","guid":{"rendered":"https:\/\/mafondue.ch\/produit\/vacherin-fribourgeois-aop-500g\/"},"modified":"2026-01-23T13:53:30","modified_gmt":"2026-01-23T12:53:30","slug":"vacherin-fribourgeois-aop-500g","status":"publish","type":"product","link":"https:\/\/mafondue.ch\/de\/produkt\/vacherin-fribourgeois-aop-500g\/","title":{"rendered":"Vacherin Fribourgeois AOP | 500g"},"content":{"rendered":"<p><strong>Vacherin Fribourgeois AOP<\/strong><\/p>\n<p>Der Vacherin Fribourgeois AOP ist ein halbharter K\u00e4se aus Kuhmilch, der sich durch einen rustikalen und ehrlichen Charakter auszeichnet, aber dennoch subtil fruchtig und aromatisch ist. Die elfenbeinfarbene Rinde dieses K\u00e4ses ist ebenso einzigartig wie sein Geschmack und seine Cremigkeit. Der Vacherin Fribourgeois AOP, ein reines Produkt der Region, eignet sich sowohl als Dessertk\u00e4se als auch als Fonduek\u00e4se und sorgt f\u00fcr eine authentische, einfache und gesellige Mahlzeit. Der Vacherin Fribourgeois AOP ist ein traditionell hergestellter K\u00e4se mit gesch\u00fctzter Ursprungsbezeichnung, der ausschlie\u00dflich im Kanton Freiburg hergestellt wird. Der milde Vacherin Fribourgeois ist ein Dessertk\u00e4se par excellence, der wegen seiner Cremigkeit sehr begehrt ist.    <\/p>\n<p><strong>REIFE:<\/strong> Ein Vacherin Fribourgeois ben\u00f6tigt zwischen 3 und 4 Monaten Reifezeit.<\/p>\n<p><strong>LAGERUNG:<\/strong> max. +5\u00b0C. Unter Schutzatmosph\u00e4re verpackt. Beim Einfrieren (bei -18 \u00b0C aufbewahren) wird das Mindesthaltbarkeitsdatum um 6 Monate verl\u00e4ngert. Verwendbar bis ( siehe Datum auf der Packung ).<\/p>\n<p><strong>DURCHSCHNITTLICHE NUTRITIVWERTE 100g:<\/strong> Energie 1520Kj (366kcal); Fett 30g, davon ges\u00e4ttigte Fetts\u00e4uren 19g; Kohlenhydrate 0g, davon Zucker 0g; Ballaststoffe 0g; Eiwei\u00df 2.4g; Salz 1.5g.<\/p>\n<p><strong>LIEFERUNGEN RETOUREN<\/strong>: Die Lieferungen werden von der Schweizerischen Post durchgef\u00fchrt. Bitte klicken Sie hier, um die verschiedenen Versandarten, -zeiten und -kosten zu sehen. Wir liefern unsere Produkte nur in die Schweiz. Die vertraglichen Informationen werden per E-Mail an die von Ihnen angegebene Adresse best\u00e4tigt. Sie werden daher gebeten, alle Daten im Zusammenhang mit Ihrer Bestellung zu \u00fcberpr\u00fcfen. Bei Problemen bitten wir Sie, sich so schnell wie m\u00f6glich mit uns in Verbindung zu setzen.<\/p>\n<p><img loading=\"lazy\" decoding=\"async\" class=\"alignnone wp-image-60920\" src=\"https:\/\/mafondue.ch\/wp-content\/uploads\/2020\/08\/logofreelactosenoirblanc-300x300.png\" alt=\"\" width=\"90\" height=\"90\"><\/p>\n","protected":false},"excerpt":{"rendered":"<p>Vacherin Fribourgeois, 3 Monate gereift<\/p>\n","protected":false},"featured_media":40355,"comment_status":"closed","ping_status":"closed","template":"","meta":{"_et_pb_use_builder":"","_et_pb_old_content":"","_et_gb_content_width":""},"product_brand":[],"product_cat":[117,114],"product_tag":[],"class_list":{"0":"post-30647","1":"product","2":"type-product","3":"status-publish","4":"has-post-thumbnail","6":"product_cat-vacherin-de","7":"product_cat-fromage-de","8":"product_shipping_class-produits-de","10":"first","11":"instock","12":"taxable","13":"shipping-taxable","14":"purchasable","15":"product-type-simple"},"_links":{"self":[{"href":"https:\/\/mafondue.ch\/de\/wp-json\/wp\/v2\/product\/30647","targetHints":{"allow":["GET"]}}],"collection":[{"href":"https:\/\/mafondue.ch\/de\/wp-json\/wp\/v2\/product"}],"about":[{"href":"https:\/\/mafondue.ch\/de\/wp-json\/wp\/v2\/types\/product"}],"replies":[{"embeddable":true,"href":"https:\/\/mafondue.ch\/de\/wp-json\/wp\/v2\/comments?post=30647"}],"wp:featuredmedia":[{"embeddable":true,"href":"https:\/\/mafondue.ch\/de\/wp-json\/wp\/v2\/media\/40355"}],"wp:attachment":[{"href":"https:\/\/mafondue.ch\/de\/wp-json\/wp\/v2\/media?parent=30647"}],"wp:term":[{"taxonomy":"product_brand","embeddable":true,"href":"https:\/\/mafondue.ch\/de\/wp-json\/wp\/v2\/product_brand?post=30647"},{"taxonomy":"product_cat","embeddable":true,"href":"https:\/\/mafondue.ch\/de\/wp-json\/wp\/v2\/product_cat?post=30647"},{"taxonomy":"product_tag","embeddable":true,"href":"https:\/\/mafondue.ch\/de\/wp-json\/wp\/v2\/product_tag?post=30647"}],"curies":[{"name":"wp","href":"https:\/\/api.w.org\/{rel}","templated":true}]}}