

{"id":30664,"date":"2020-08-19T17:18:16","date_gmt":"2020-08-19T15:18:16","guid":{"rendered":"https:\/\/mafondue.ch\/produit\/raclette-val30-1-2-kaserad\/"},"modified":"2025-11-24T14:22:04","modified_gmt":"2025-11-24T13:22:04","slug":"raclette-val14-1-2-kaserad","status":"publish","type":"product","link":"https:\/\/mafondue.ch\/de\/produkt\/raclette-val14-1-2-kaserad\/","title":{"rendered":"Raclette VAL14 | 1\/2 Schleifscheibe"},"content":{"rendered":"<p><strong>Raclette VAL14 &#8211; Halbe Schleifscheibe<\/strong><\/p>\n<p><strong>Herstellungsregion:<\/strong> Bern<\/p>\n<p><strong>Beschreibung: <\/strong>Aromatischer, fetter Halbhartk\u00e4se aus pasteurisierter Milch, frei von Zusatzstoffen. Er \u00fcberzeugt durch sein einwandfreies Schmelzverhalten. <\/p>\n<p><strong>Herstellungsverfahren:<\/strong> Die Herstellung von Raclette basiert auf einem althergebrachten Rezept und erfordert handwerkliches K\u00f6nnen. Der K\u00e4se wird dann bis zu seinem idealen Reifepunkt gepflegt. Diese nat\u00fcrliche Flora bleibt bei K\u00e4se aus Rohmilch, die nur auf 37 \u00b0C erhitzt wird, vollst\u00e4ndig erhalten.  <\/p>\n<p><strong>LAGERUNG:<\/strong> max. +5\u00b0C. Unter Schutzatmosph\u00e4re verpackt. Beim Einfrieren (bei -18 \u00b0C aufbewahren) wird das Mindesthaltbarkeitsdatum um 6 Monate verl\u00e4ngert. Verwendbar bis ( siehe Datum auf der Packung ).<\/p>\n<p><strong>DURCHSCHNITTLICHE N\u00c4HRWERTE 100g<\/strong>: Energie 1430Kj (343kcal); Fett 27g, davon ges\u00e4ttigte Fetts\u00e4uren 16g; Glucides &lt;1g, davon Zucker &lt;1g; Ballaststoffe 0g; Eiwei\u00df 25g; Salz 1.5g.<\/p>\n<p><strong>Lieferung &amp; R\u00fccksendungen <\/strong>Die Lieferungen werden von der Schweizerischen Post durchgef\u00fchrt. Bitte klicken Sie <a href=\"https:\/\/mafondue.ch\/de\/allgemeine-bedingungen\/\">hier<\/a>, um die verschiedenen Versandarten, -zeiten und -kosten zu sehen. Wir liefern unsere Produkte nur in die Schweiz. Die vertraglichen Informationen werden per E-Mail an die von Ihnen angegebene Adresse best\u00e4tigt. Sie werden daher gebeten, alle Daten im Zusammenhang mit Ihrer Bestellung zu \u00fcberpr\u00fcfen. Bei Problemen bitten wir Sie, sich so schnell wie m\u00f6glich mit <a href=\"https:\/\/mafondue.ch\/de\/wer-sind-wir\/\"> uns <\/a> in Verbindung zu setzen.   <\/p>\n","protected":false},"excerpt":{"rendered":"<p>Raclette-K\u00e4se VAL14<br \/>\nHerkunft &#8211; Laiteries fribourgeoises.<br \/>\nAromatischer, fetter Halbhartk\u00e4se aus thermisierter Milch, frei von Zusatzstoffen. Er \u00fcberzeugt durch sein einwandfreies Schmelzverhalten. <\/p>\n","protected":false},"featured_media":255412,"comment_status":"closed","ping_status":"closed","template":"","meta":{"_et_pb_use_builder":"","_et_pb_old_content":"","_et_gb_content_width":""},"product_brand":[],"product_cat":[119,120,233],"product_tag":[],"class_list":{"0":"post-30664","1":"product","2":"type-product","3":"status-publish","4":"has-post-thumbnail","6":"product_cat-raclette-de","7":"product_cat-schweizer-raclette-de","8":"product_cat-val14-stueck-de","9":"product_shipping_class-produits-de","11":"first","12":"instock","13":"taxable","14":"shipping-taxable","15":"purchasable","16":"product-type-simple"},"_links":{"self":[{"href":"https:\/\/mafondue.ch\/de\/wp-json\/wp\/v2\/product\/30664","targetHints":{"allow":["GET"]}}],"collection":[{"href":"https:\/\/mafondue.ch\/de\/wp-json\/wp\/v2\/product"}],"about":[{"href":"https:\/\/mafondue.ch\/de\/wp-json\/wp\/v2\/types\/product"}],"replies":[{"embeddable":true,"href":"https:\/\/mafondue.ch\/de\/wp-json\/wp\/v2\/comments?post=30664"}],"wp:featuredmedia":[{"embeddable":true,"href":"https:\/\/mafondue.ch\/de\/wp-json\/wp\/v2\/media\/255412"}],"wp:attachment":[{"href":"https:\/\/mafondue.ch\/de\/wp-json\/wp\/v2\/media?parent=30664"}],"wp:term":[{"taxonomy":"product_brand","embeddable":true,"href":"https:\/\/mafondue.ch\/de\/wp-json\/wp\/v2\/product_brand?post=30664"},{"taxonomy":"product_cat","embeddable":true,"href":"https:\/\/mafondue.ch\/de\/wp-json\/wp\/v2\/product_cat?post=30664"},{"taxonomy":"product_tag","embeddable":true,"href":"https:\/\/mafondue.ch\/de\/wp-json\/wp\/v2\/product_tag?post=30664"}],"curies":[{"name":"wp","href":"https:\/\/api.w.org\/{rel}","templated":true}]}}