

{"id":30666,"date":"2020-08-13T13:07:36","date_gmt":"2020-08-13T11:07:36","guid":{"rendered":"https:\/\/mafondue.ch\/produit\/raclette-val30-500g-scheiben\/"},"modified":"2025-02-10T13:07:11","modified_gmt":"2025-02-10T12:07:11","slug":"raclette-val30-500g-scheiben","status":"publish","type":"product","link":"https:\/\/mafondue.ch\/de\/produkt\/raclette-val30-500g-scheiben\/","title":{"rendered":"Raclette VAL14 | 500g | Scheiben"},"content":{"rendered":"<p><strong>Raclette VAL14 &#8211; 500g in Scheiben geschnitten<\/strong><strong><br \/>\nf\u00fcr 2 Personen<\/strong> <\/p>\n<p><strong>Herstellungsregion:<\/strong> Bern<\/p>\n<p><strong>Beschreibung: <\/strong>Aromatischer, fetter Halbhartk\u00e4se aus pasteurisierter Milch, frei von Zusatzstoffen. Er \u00fcberzeugt durch sein einwandfreies Schmelzverhalten. <\/p>\n<p><strong>Herstellungsverfahren:<\/strong> Die Herstellung von Raclette basiert auf einem althergebrachten Rezept und erfordert handwerkliches K\u00f6nnen. Der K\u00e4se wird dann bis zu seinem idealen Reifepunkt gepflegt. Diese nat\u00fcrliche Flora bleibt bei K\u00e4se aus Rohmilch, die nur auf 37 \u00b0C erhitzt wird, vollst\u00e4ndig erhalten.  <\/p>\n<p><strong>LAGERUNG:<\/strong> max. +5\u00b0C. Unter Schutzatmosph\u00e4re verpackt. Beim Einfrieren (bei -18 \u00b0C aufbewahren) wird das Mindesthaltbarkeitsdatum um 6 Monate verl\u00e4ngert. Verwendbar bis ( siehe Datum auf der Packung ).<\/p>\n<p><strong>DURCHSCHNITTLICHE N\u00c4HRWERTE 100g<\/strong>: Energie 1430Kj (343kcal); Fett 27g, davon ges\u00e4ttigte Fetts\u00e4uren 16g; Glucides &lt;1g, davon Zucker &lt;1g; Ballaststoffe 0g; Eiwei\u00df 25g; Salz 1.5g.<\/p>\n<p><strong>Lieferung &amp; R\u00fccksendungen <\/strong>Die Lieferungen werden von der Schweizerischen Post durchgef\u00fchrt. Bitte klicken Sie <a href=\"https:\/\/mafondue.ch\/de\/allgemeine-bedingungen\/\">hier<\/a>, um die verschiedenen Versandarten, -zeiten und -kosten zu sehen. Wir liefern unsere Produkte nur in die Schweiz. Die vertraglichen Informationen werden per E-Mail an die von Ihnen angegebene Adresse best\u00e4tigt. Sie werden daher gebeten, alle Daten im Zusammenhang mit Ihrer Bestellung zu \u00fcberpr\u00fcfen. Bei Problemen bitten wir Sie, sich so schnell wie m\u00f6glich mit <a href=\"https:\/\/mafondue.ch\/qui-sommes-nous\/\"> uns <\/a> in Verbindung zu setzen.   <\/p>\n<p>&nbsp;<\/p>\n","protected":false},"excerpt":{"rendered":"<p>Bezeichnung: Raclettek\u00e4se VAL14 &#8211; 500g in Scheiben.<br \/>\nHerstellungsregion: Berner Molkerei.<br \/>\nBeschreibung: Aromatischer, fetter Halbhartk\u00e4se aus pasteurisierter Milch, frei von Zusatzstoffen. Er \u00fcberzeugt durch sein einwandfreies Schmelzverhalten. <\/p>\n","protected":false},"featured_media":35793,"comment_status":"closed","ping_status":"closed","template":"","meta":{"_et_pb_use_builder":"off","_et_pb_old_content":"<strong>Bezeichnung: <\/strong>Raclette-K\u00e4se VAL14 - 300g in Scheibenc Herstellungsregion: Laiterie fribourgeoise\n<strong>Beschreibung:<\/strong> Aromatischer Vollfett-Halbhartk\u00e4se aus thermisierter Milch, frei von Zusatzstoffen. Er \u00fcberzeugt durch sein einwandfreies Schmelzverhalten. \n<strong>Herstellungsverfahren:<\/strong> Die Herstellung von Raclette basiert auf einem althergebrachten Rezept und erfordert handwerkliches K\u00f6nnen. Der K\u00e4se wird dann bis zu seinem idealen Reifepunkt gepflegt. Diese nat\u00fcrliche Flora bleibt bei K\u00e4se aus Rohmilch, die nur auf 37 \u00b0C erhitzt wird, vollst\u00e4ndig erhalten.  \n<strong>Hinweise auf Allergene:<\/strong> Enth\u00e4lt MILCH.\nBei maximal 5\u00b0C aufbewahren\n\n\u2013\n\n<em>VALEURS NUTRITIVES MOYENNES 100G \/ MOYENNES VALEURS NUTRITIVES 100G : Energie 1430Kj (343kcal) ; Lipides \/ Graisses 27g, dont acides gras satur\u00e9s \/ dont acides gras satur\u00e9s 16g ; Glucides \/ Kohlenhydrate <1g, dont sucres \/ dont sucre <1g ; Fibres alimentaires \/ Nahrungsfasern 0g ; Prot\u00e9ines \/ Eiweiss 25g ; Sel \/ Salz 1.5g.<\/em>\n\n \n\n<strong>Lieferung & R\u00fccksendungen<\/strong>\n\nDie Lieferungen werden von der Schweizerischen Post durchgef\u00fchrt. Bitte klicken Sie <a href=\"https:\/\/mafondue.ch\/de\/allgemeine-bedingungen\/\">hier<\/a>, um die verschiedenen Versandarten, -zeiten und -kosten zu sehen. Wir liefern unsere Produkte nur in die Schweiz. Die vertraglichen Informationen werden per E-Mail an die von Ihnen angegebene Adresse best\u00e4tigt. Sie werden daher gebeten, alle Daten im Zusammenhang mit Ihrer Bestellung zu \u00fcberpr\u00fcfen. Bei Problemen bitten wir Sie, sich so schnell wie m\u00f6glich mit <a href=\"https:\/\/mafondue.ch\/qui-sommes-nous\/\"> uns <\/a> in Verbindung zu setzen.   ","_et_gb_content_width":""},"product_brand":[],"product_cat":[119,120],"product_tag":[],"class_list":{"0":"post-30666","1":"product","2":"type-product","3":"status-publish","4":"has-post-thumbnail","6":"product_cat-raclette-de","7":"product_cat-schweizer-raclette-de","8":"product_shipping_class-produits-de","10":"first","11":"instock","12":"taxable","13":"shipping-taxable","14":"purchasable","15":"product-type-simple"},"_links":{"self":[{"href":"https:\/\/mafondue.ch\/de\/wp-json\/wp\/v2\/product\/30666","targetHints":{"allow":["GET"]}}],"collection":[{"href":"https:\/\/mafondue.ch\/de\/wp-json\/wp\/v2\/product"}],"about":[{"href":"https:\/\/mafondue.ch\/de\/wp-json\/wp\/v2\/types\/product"}],"replies":[{"embeddable":true,"href":"https:\/\/mafondue.ch\/de\/wp-json\/wp\/v2\/comments?post=30666"}],"wp:featuredmedia":[{"embeddable":true,"href":"https:\/\/mafondue.ch\/de\/wp-json\/wp\/v2\/media\/35793"}],"wp:attachment":[{"href":"https:\/\/mafondue.ch\/de\/wp-json\/wp\/v2\/media?parent=30666"}],"wp:term":[{"taxonomy":"product_brand","embeddable":true,"href":"https:\/\/mafondue.ch\/de\/wp-json\/wp\/v2\/product_brand?post=30666"},{"taxonomy":"product_cat","embeddable":true,"href":"https:\/\/mafondue.ch\/de\/wp-json\/wp\/v2\/product_cat?post=30666"},{"taxonomy":"product_tag","embeddable":true,"href":"https:\/\/mafondue.ch\/de\/wp-json\/wp\/v2\/product_tag?post=30666"}],"curies":[{"name":"wp","href":"https:\/\/api.w.org\/{rel}","templated":true}]}}