

{"id":30668,"date":"2020-08-28T20:56:43","date_gmt":"2020-08-28T18:56:43","guid":{"rendered":"https:\/\/mafondue.ch\/produit\/greyerzercaramels\/"},"modified":"2025-03-11T14:38:40","modified_gmt":"2025-03-11T13:38:40","slug":"greyerzercaramels","status":"publish","type":"product","link":"https:\/\/mafondue.ch\/de\/produkt\/greyerzercaramels\/","title":{"rendered":"Zartschmelzende Caramels mit Gruy\u00e8re-Doppelrahm"},"content":{"rendered":"<p><strong>Karamellbonbons<\/strong><\/p>\n<p>K\u00f6stliche, handwerklich hergestellte Karamellbonbons aus La Gruy\u00e8re. Genie\u00dfen Sie sie in vollen Z\u00fcgen! Eine T\u00fcte mit 100 Gramm.  <\/p>\n<p><strong>ZUTATEN: <\/strong>Gezuckerte Schweizer Vollmilch 72%, Gruy\u00e8re-Doppelrahm 23%, Butter 4%, Glukose 1%.<\/p>\n<p><strong>Enth\u00e4lt Lactose<\/strong><\/p>\n<p><strong>HALTBARKEIT:<\/strong> Siehe das Datum auf dem Beutel.<\/p>\n<p><strong>DURCHSCHNITTLICHE N\u00c4HRWERTE 100g: <\/strong>Energie 1820kj (430kcal); Fett 3.6g, davon ges\u00e4ttigte Fetts\u00e4uren 0g; Kohlenhydrate 79.3g, davon Zucker 0g; Ballaststoffe 0g; Eiweiss 0.4g; Salz 0.3.<\/p>\n<p><strong>LIEFERUNGEN RETOUREN<\/strong>: Die Lieferungen werden von der Schweizerischen Post durchgef\u00fchrt. Bitte klicken Sie hier, um die verschiedenen Versandarten, -zeiten und -kosten zu sehen. Wir liefern unsere Produkte nur in die Schweiz. Die vertraglichen Informationen werden per E-Mail an die von Ihnen angegebene Adresse best\u00e4tigt. Sie werden daher gebeten, alle Daten im Zusammenhang mit Ihrer Bestellung zu \u00fcberpr\u00fcfen. Bei Problemen bitten wir Sie, sich so schnell wie m\u00f6glich mit uns in Verbindung zu setzen.<\/p>\n","protected":false},"excerpt":{"rendered":"<p>K\u00f6stliche, handwerklich hergestellte Karamellbonbons, die von kleinen und gro\u00dfen Naschkatzen in vollen Z\u00fcgen genossen werden k\u00f6nnen!<br \/>\nEine T\u00fcte mit 100 Gramm leckerer Karamellbonbons.<\/p>\n","protected":false},"featured_media":29878,"comment_status":"closed","ping_status":"closed","template":"","meta":{"_et_pb_use_builder":"off","_et_pb_old_content":"K\u00f6stliche, handwerklich hergestellte Karamellbonbons aus La Gruy\u00e8re. Ohne M\u00e4\u00dfigung zu genie\u00dfen! Ein Beutel mit 100 g. Aufbewahrung: 2 Monate   ","_et_gb_content_width":""},"product_brand":[],"product_cat":[105,107],"product_tag":[],"class_list":{"0":"post-30668","1":"product","2":"type-product","3":"status-publish","4":"has-post-thumbnail","6":"product_cat-dessert-de","7":"product_cat-gourmandise-de","8":"product_shipping_class-produits-de","10":"first","11":"instock","12":"taxable","13":"shipping-taxable","14":"purchasable","15":"product-type-simple"},"_links":{"self":[{"href":"https:\/\/mafondue.ch\/de\/wp-json\/wp\/v2\/product\/30668","targetHints":{"allow":["GET"]}}],"collection":[{"href":"https:\/\/mafondue.ch\/de\/wp-json\/wp\/v2\/product"}],"about":[{"href":"https:\/\/mafondue.ch\/de\/wp-json\/wp\/v2\/types\/product"}],"replies":[{"embeddable":true,"href":"https:\/\/mafondue.ch\/de\/wp-json\/wp\/v2\/comments?post=30668"}],"wp:featuredmedia":[{"embeddable":true,"href":"https:\/\/mafondue.ch\/de\/wp-json\/wp\/v2\/media\/29878"}],"wp:attachment":[{"href":"https:\/\/mafondue.ch\/de\/wp-json\/wp\/v2\/media?parent=30668"}],"wp:term":[{"taxonomy":"product_brand","embeddable":true,"href":"https:\/\/mafondue.ch\/de\/wp-json\/wp\/v2\/product_brand?post=30668"},{"taxonomy":"product_cat","embeddable":true,"href":"https:\/\/mafondue.ch\/de\/wp-json\/wp\/v2\/product_cat?post=30668"},{"taxonomy":"product_tag","embeddable":true,"href":"https:\/\/mafondue.ch\/de\/wp-json\/wp\/v2\/product_tag?post=30668"}],"curies":[{"name":"wp","href":"https:\/\/api.w.org\/{rel}","templated":true}]}}