

{"id":30846,"date":"2020-08-28T15:55:55","date_gmt":"2020-08-28T13:55:55","guid":{"rendered":"https:\/\/mafondue.ch\/produit\/kocher-stockli\/"},"modified":"2025-03-11T15:49:45","modified_gmt":"2025-03-11T14:49:45","slug":"kocher-stockli","status":"publish","type":"product","link":"https:\/\/mafondue.ch\/de\/produkt\/kocher-stockli\/","title":{"rendered":"Kocher &#8222;St\u00f6ckli"},"content":{"rendered":"<p><strong>Kocher &#8222;St\u00f6chli&#8220; <\/strong><\/p>\n<p>Mithilfe von Brennspiritus h\u00e4lt dieses Rechaud Ihr Fondue w\u00e4hrend Ihrer Mahlzeit perfekt. Der beste existierende Kocher.<\/p>\n<p><strong>LIEFERUNGEN &amp; RETOUREN<\/strong>:Die Lieferungen werden von der Schweizerischen Post durchgef\u00fchrt. Bitte klicken Sie <a href=\"https:\/\/mafondue.ch\/de\/allgemeine-bedingungen\/\">hier<\/a>, um die verschiedenen Versandarten, -zeiten und -kosten zu sehen.  Wir liefern unsere Produkte nur in die Schweiz. Die vertraglichen Informationen werden per E-Mail an die von Ihnen angegebene Adresse best\u00e4tigt. Sie werden daher gebeten, alle Daten im Zusammenhang mit Ihrer Bestellung zu \u00fcberpr\u00fcfen. Bei Problemen bitten wir Sie, sich so schnell wie m\u00f6glich mit <a href=\"https:\/\/mafondue.ch\/qui-sommes-nous\/\"> uns <\/a> in Verbindung zu setzen.   <\/p>\n","protected":false},"excerpt":{"rendered":"<p>mit Brennspiritus. Der beste existierende Kocher.<\/p>\n","protected":false},"featured_media":35494,"comment_status":"closed","ping_status":"closed","template":"","meta":{"_et_pb_use_builder":"","_et_pb_old_content":"","_et_gb_content_width":""},"product_brand":[],"product_cat":[101,102],"product_tag":[],"class_list":{"0":"post-30846","1":"product","2":"type-product","3":"status-publish","4":"has-post-thumbnail","6":"product_cat-accessoire-de","7":"product_cat-accessoire-de-2","8":"product_shipping_class-produits-de","10":"first","11":"instock","12":"taxable","13":"shipping-taxable","14":"purchasable","15":"product-type-simple"},"_links":{"self":[{"href":"https:\/\/mafondue.ch\/de\/wp-json\/wp\/v2\/product\/30846","targetHints":{"allow":["GET"]}}],"collection":[{"href":"https:\/\/mafondue.ch\/de\/wp-json\/wp\/v2\/product"}],"about":[{"href":"https:\/\/mafondue.ch\/de\/wp-json\/wp\/v2\/types\/product"}],"replies":[{"embeddable":true,"href":"https:\/\/mafondue.ch\/de\/wp-json\/wp\/v2\/comments?post=30846"}],"wp:featuredmedia":[{"embeddable":true,"href":"https:\/\/mafondue.ch\/de\/wp-json\/wp\/v2\/media\/35494"}],"wp:attachment":[{"href":"https:\/\/mafondue.ch\/de\/wp-json\/wp\/v2\/media?parent=30846"}],"wp:term":[{"taxonomy":"product_brand","embeddable":true,"href":"https:\/\/mafondue.ch\/de\/wp-json\/wp\/v2\/product_brand?post=30846"},{"taxonomy":"product_cat","embeddable":true,"href":"https:\/\/mafondue.ch\/de\/wp-json\/wp\/v2\/product_cat?post=30846"},{"taxonomy":"product_tag","embeddable":true,"href":"https:\/\/mafondue.ch\/de\/wp-json\/wp\/v2\/product_tag?post=30846"}],"curies":[{"name":"wp","href":"https:\/\/api.w.org\/{rel}","templated":true}]}}