

{"id":30900,"date":"2020-08-28T21:07:23","date_gmt":"2020-08-28T19:07:23","guid":{"rendered":"https:\/\/mafondue.ch\/produit\/villars-mit-ganzen-mandeln-und-nougat\/"},"modified":"2025-03-11T14:23:17","modified_gmt":"2025-03-11T13:23:17","slug":"villars-mit-ganzen-mandeln-und-nougat","status":"publish","type":"product","link":"https:\/\/mafondue.ch\/de\/produkt\/villars-mit-ganzen-mandeln-und-nougat\/","title":{"rendered":"Mandel- &amp; Nougatmilch"},"content":{"rendered":"<p><strong>Villars Milchschokolade Mandeln &amp; Nougat &#8211; 180g<\/strong><\/p>\n<p>Schweizer Milchschokolade mit Mandeln und Nougat aus Mont\u00e9limar. Gourmandise und Gro\u00dfz\u00fcgigkeit in einer Schweizer Premium-Schokolade.<br \/>\nNeues Sortiment an Feinschmeckerbl\u00f6cken. Entdecken Sie unser Sortiment aus 6 originellen und schmackhaften Rezepten, die ganze Trockenfr\u00fcchte mit k\u00f6stlichen Keksst\u00fccken, Nougat oder kandierten Fr\u00fcchten kombinieren. Dickere Schokoladenquadrate mit reichhaltigen Zutaten f\u00fcr ein Maximum an Gourmet-Erlebnissen..   <\/p>\n<p><strong><em>ZUTATEN<\/em>:<\/strong> Zucker, Kakaobutter, Vollmilchpulver, Kakaomasse, Molkenpulver, Butterschmalz, nat\u00fcrliches Vanillearoma, Mandeln, Nougat. Kakao: 32 % mindestens. <\/p>\n<p><strong>KANN SPUREN VON:<\/strong> Haselnuss, Mandel, Walnuss, Pekannuss, Cashewnuss, Pistazie, Soja, Ei, Weizen und Gerste ENTHALTEN.<\/p>\n<p><strong><em>DURCHSCHNITTLICHE NUTRITIVWERTE 100g<\/em><\/strong>: <em>Energie 2345Kj (560 kcal); Fett 40g, davon ges\u00e4ttigte Fetts\u00e4uren 24g; Kohlenhydrate 48g, davon Zucker 48g; Ballaststoffe 1g; Eiwei\u00df 7g; Salz 0.33g.<\/em> <\/p>\n<p><strong>LIEFERUNGEN RETOUREN<\/strong>: Die Lieferungen werden von der Schweizerischen Post durchgef\u00fchrt. Bitte klicken Sie hier, um die verschiedenen Versandarten, -zeiten und -kosten zu sehen. Wir liefern unsere Produkte nur in die Schweiz. Die vertraglichen Informationen werden per E-Mail an die von Ihnen angegebene Adresse best\u00e4tigt. Sie werden daher gebeten, alle Daten im Zusammenhang mit Ihrer Bestellung zu \u00fcberpr\u00fcfen. Bei Problemen bitten wir Sie, sich so schnell wie m\u00f6glich mit uns in Verbindung zu setzen.<\/p>\n","protected":false},"excerpt":{"rendered":"<p>VILLARS Milch Mandeln &amp; Nougat 180g. Schweizer Milchschokolade mit Mandeln und Nougat aus Mont\u00e9limar. Gourmandise und Gro\u00dfz\u00fcgigkeit in einer Schweizer Premium-Schokolade.<\/p>\n","protected":false},"featured_media":35449,"comment_status":"closed","ping_status":"closed","template":"","meta":{"_et_pb_use_builder":"","_et_pb_old_content":"","_et_gb_content_width":""},"product_brand":[],"product_cat":[105,106],"product_tag":[],"class_list":{"0":"post-30900","1":"product","2":"type-product","3":"status-publish","4":"has-post-thumbnail","6":"product_cat-dessert-de","7":"product_cat-chocolat-de","8":"product_shipping_class-produits-de","10":"first","11":"instock","12":"taxable","13":"shipping-taxable","14":"purchasable","15":"product-type-simple"},"_links":{"self":[{"href":"https:\/\/mafondue.ch\/de\/wp-json\/wp\/v2\/product\/30900","targetHints":{"allow":["GET"]}}],"collection":[{"href":"https:\/\/mafondue.ch\/de\/wp-json\/wp\/v2\/product"}],"about":[{"href":"https:\/\/mafondue.ch\/de\/wp-json\/wp\/v2\/types\/product"}],"replies":[{"embeddable":true,"href":"https:\/\/mafondue.ch\/de\/wp-json\/wp\/v2\/comments?post=30900"}],"wp:featuredmedia":[{"embeddable":true,"href":"https:\/\/mafondue.ch\/de\/wp-json\/wp\/v2\/media\/35449"}],"wp:attachment":[{"href":"https:\/\/mafondue.ch\/de\/wp-json\/wp\/v2\/media?parent=30900"}],"wp:term":[{"taxonomy":"product_brand","embeddable":true,"href":"https:\/\/mafondue.ch\/de\/wp-json\/wp\/v2\/product_brand?post=30900"},{"taxonomy":"product_cat","embeddable":true,"href":"https:\/\/mafondue.ch\/de\/wp-json\/wp\/v2\/product_cat?post=30900"},{"taxonomy":"product_tag","embeddable":true,"href":"https:\/\/mafondue.ch\/de\/wp-json\/wp\/v2\/product_tag?post=30900"}],"curies":[{"name":"wp","href":"https:\/\/api.w.org\/{rel}","templated":true}]}}