

{"id":30912,"date":"2020-08-28T21:02:44","date_gmt":"2020-08-28T19:02:44","guid":{"rendered":"https:\/\/mafondue.ch\/produit\/villars-milch-pur-100g\/"},"modified":"2025-03-11T14:30:43","modified_gmt":"2025-03-11T13:30:43","slug":"villars-milch-pur-100g","status":"publish","type":"product","link":"https:\/\/mafondue.ch\/de\/produkt\/villars-milch-pur-100g\/","title":{"rendered":"Reine Milch"},"content":{"rendered":"<p><strong>Villars-Schokolade aus reiner Milch &#8211; 100g<\/strong><\/p>\n<p>Mit ihrem cremigen Charakter, ihrer intensiven Milch und ihrer cremigen S\u00fc\u00dfe offenbart Lait Pur die Quintessenz der Schweizer Milchschokolade.<\/p>\n<p><strong><em>ZUTATEN:<\/em><\/strong> Zucker, Kakaobutter, Vollmilchpulver, Kakaomasse, Molkenpulver, Butterschmalz, nat\u00fcrliches Vanillearoma. Kakao: 32 % mindestens. <\/p>\n<p><strong>KANN SPUREN VON:<\/strong> Haselnuss, Mandel, Walnuss, Pekannuss, Cashewnuss, Pistazie, Soja, Ei, Weizen und Gerste ENTHALTEN.<\/p>\n<p><strong>DURCHSCHNITTLICHE NUTRITIVWERTE 100g:<\/strong> Energie 2315Kj (555 kcal); Fett 40g, davon ges\u00e4ttigte Fetts\u00e4uren 24g; Kohlenhydrate 48g, davon Zucker 48g; Ballaststoffe 1g; Eiwei\u00df 7g; Salz 0.33g.<\/p>\n<p><strong>LIEFERUNGEN RETOUREN<\/strong>: Die Lieferungen werden von der Schweizerischen Post durchgef\u00fchrt. Bitte klicken Sie hier, um die verschiedenen Versandarten, -zeiten und -kosten zu sehen. Wir liefern unsere Produkte nur in die Schweiz. Die vertraglichen Informationen werden per E-Mail an die von Ihnen angegebene Adresse best\u00e4tigt. Sie werden daher gebeten, alle Daten im Zusammenhang mit Ihrer Bestellung zu \u00fcberpr\u00fcfen. Bei Problemen bitten wir Sie, sich so schnell wie m\u00f6glich mit uns in Verbindung zu setzen.<\/p>\n","protected":false},"excerpt":{"rendered":"<p>Mit ihrem cremigen Charakter, ihrer intensiven Milch und ihrer cremigen S\u00fc\u00dfe offenbart Lait Pur die Quintessenz der Schweizer Milchschokolade.<\/p>\n","protected":false},"featured_media":35456,"comment_status":"closed","ping_status":"closed","template":"","meta":{"_et_pb_use_builder":"","_et_pb_old_content":"","_et_gb_content_width":""},"product_brand":[],"product_cat":[105,106],"product_tag":[],"class_list":{"0":"post-30912","1":"product","2":"type-product","3":"status-publish","4":"has-post-thumbnail","6":"product_cat-dessert-de","7":"product_cat-chocolat-de","8":"product_shipping_class-produits-de","10":"first","11":"instock","12":"taxable","13":"shipping-taxable","14":"purchasable","15":"product-type-simple"},"_links":{"self":[{"href":"https:\/\/mafondue.ch\/de\/wp-json\/wp\/v2\/product\/30912","targetHints":{"allow":["GET"]}}],"collection":[{"href":"https:\/\/mafondue.ch\/de\/wp-json\/wp\/v2\/product"}],"about":[{"href":"https:\/\/mafondue.ch\/de\/wp-json\/wp\/v2\/types\/product"}],"replies":[{"embeddable":true,"href":"https:\/\/mafondue.ch\/de\/wp-json\/wp\/v2\/comments?post=30912"}],"wp:featuredmedia":[{"embeddable":true,"href":"https:\/\/mafondue.ch\/de\/wp-json\/wp\/v2\/media\/35456"}],"wp:attachment":[{"href":"https:\/\/mafondue.ch\/de\/wp-json\/wp\/v2\/media?parent=30912"}],"wp:term":[{"taxonomy":"product_brand","embeddable":true,"href":"https:\/\/mafondue.ch\/de\/wp-json\/wp\/v2\/product_brand?post=30912"},{"taxonomy":"product_cat","embeddable":true,"href":"https:\/\/mafondue.ch\/de\/wp-json\/wp\/v2\/product_cat?post=30912"},{"taxonomy":"product_tag","embeddable":true,"href":"https:\/\/mafondue.ch\/de\/wp-json\/wp\/v2\/product_tag?post=30912"}],"curies":[{"name":"wp","href":"https:\/\/api.w.org\/{rel}","templated":true}]}}