

{"id":30918,"date":"2020-08-28T20:57:27","date_gmt":"2020-08-28T18:57:27","guid":{"rendered":"https:\/\/mafondue.ch\/produit\/meringues-meier-12-stuck\/"},"modified":"2025-03-11T14:34:44","modified_gmt":"2025-03-11T13:34:44","slug":"meringues-meier-12-stuck","status":"publish","type":"product","link":"https:\/\/mafondue.ch\/de\/produkt\/meringues-meier-12-stuck\/","title":{"rendered":"MERINGUES Meier 12 St\u00fcck"},"content":{"rendered":"<p><strong>MERINGUES Meier <\/strong><b>12 St\u00fcck<\/b><\/p>\n<p><strong>ACHTUNG: Wir weisen Sie darauf hin, dass dieses Produkt beim Transport durch die Post besch\u00e4digt werden kann.<br \/>\nWir \u00fcbernehmen keine Verantwortung f\u00fcr Sch\u00e4den, die w\u00e4hrend des Transports entstehen. Bitte nehmen Sie dies zur Kenntnis.<br \/>\nVielen Dank f\u00fcr Ihr Verst\u00e4ndnis.  <\/strong><\/p>\n<p>Handwerkliche Herstellung von Meringues.<\/p>\n<p><strong>ZUTATEN:<\/strong> Zucker, Eiwei\u00df 5 % (von Eiern aus Bodenhaltung).<br \/>\n<em>Verwendbar bis ( siehe Datum auf der Packung ).<\/em><\/p>\n<p><strong>LAGERUNG:<\/strong> Bei Raumtemperatur und vor Licht und Feuchtigkeit gesch\u00fctzt aufbewahren, siehe Datum auf der Packung.<\/p>\n<p><em><strong>DURCHSCHNITTLICHE N\u00c4HRWERTE 100g<\/strong>: Energie 1683Kj (396kcal); Fet&lt;0.5g, davon ges\u00e4ttigte Fetts\u00e4uren 0g; Kohlenhydrate 94g, davon Zucker 94g; Ballaststoffe 0g; Eiweiss 5g; Salz 0g.<\/em><\/p>\n<p><strong>LIEFERUNGEN RETOUREN<\/strong>: Die Lieferungen werden von der Schweizerischen Post durchgef\u00fchrt. Bitte klicken Sie hier, um die verschiedenen Versandarten, -zeiten und -kosten zu sehen. Wir liefern unsere Produkte nur in die Schweiz. Die vertraglichen Informationen werden per E-Mail an die von Ihnen angegebene Adresse best\u00e4tigt. Sie werden daher gebeten, alle Daten im Zusammenhang mit Ihrer Bestellung zu \u00fcberpr\u00fcfen. Bei Problemen bitten wir Sie, sich so schnell wie m\u00f6glich mit uns in Verbindung zu setzen.<\/p>\n","protected":false},"excerpt":{"rendered":"<p>Die besten Meringues, zweifellos!<\/p>\n","protected":false},"featured_media":37398,"comment_status":"closed","ping_status":"closed","template":"","meta":{"_et_pb_use_builder":"","_et_pb_old_content":"","_et_gb_content_width":""},"product_brand":[],"product_cat":[105,107],"product_tag":[],"class_list":{"0":"post-30918","1":"product","2":"type-product","3":"status-publish","4":"has-post-thumbnail","6":"product_cat-dessert-de","7":"product_cat-gourmandise-de","8":"product_shipping_class-produits-de","10":"first","11":"instock","12":"taxable","13":"shipping-taxable","14":"purchasable","15":"product-type-simple"},"_links":{"self":[{"href":"https:\/\/mafondue.ch\/de\/wp-json\/wp\/v2\/product\/30918","targetHints":{"allow":["GET"]}}],"collection":[{"href":"https:\/\/mafondue.ch\/de\/wp-json\/wp\/v2\/product"}],"about":[{"href":"https:\/\/mafondue.ch\/de\/wp-json\/wp\/v2\/types\/product"}],"replies":[{"embeddable":true,"href":"https:\/\/mafondue.ch\/de\/wp-json\/wp\/v2\/comments?post=30918"}],"wp:featuredmedia":[{"embeddable":true,"href":"https:\/\/mafondue.ch\/de\/wp-json\/wp\/v2\/media\/37398"}],"wp:attachment":[{"href":"https:\/\/mafondue.ch\/de\/wp-json\/wp\/v2\/media?parent=30918"}],"wp:term":[{"taxonomy":"product_brand","embeddable":true,"href":"https:\/\/mafondue.ch\/de\/wp-json\/wp\/v2\/product_brand?post=30918"},{"taxonomy":"product_cat","embeddable":true,"href":"https:\/\/mafondue.ch\/de\/wp-json\/wp\/v2\/product_cat?post=30918"},{"taxonomy":"product_tag","embeddable":true,"href":"https:\/\/mafondue.ch\/de\/wp-json\/wp\/v2\/product_tag?post=30918"}],"curies":[{"name":"wp","href":"https:\/\/api.w.org\/{rel}","templated":true}]}}