

{"id":33322,"date":"2020-08-28T15:33:30","date_gmt":"2020-08-28T13:33:30","guid":{"rendered":"https:\/\/mafondue.ch\/produit\/fondue-p-rochat\/"},"modified":"2026-01-23T13:48:20","modified_gmt":"2026-01-23T12:48:20","slug":"fondue-p-rochat","status":"publish","type":"product","link":"https:\/\/mafondue.ch\/de\/produkt\/fondue-p-rochat\/","title":{"rendered":"Fondue Rochat | 400g"},"content":{"rendered":"<p><strong>Fondue Rochat &#8211; 400g<br \/>\nf\u00fcr 2 Personen <\/strong><\/p>\n<p>Eine k\u00f6stliche Mischung aus halb und halb, die von Monsieur Philippe Rochat, einem gro\u00dfen Sternekoch, zusammengestellt wurde. Eine wunderbare Zusammenarbeit, die wir Ihnen gerne vorstellen.<\/p>\n<p><strong>INGR\u00c9DIENTS: <\/strong>Gruy\u00e8re AOP (fetter Hartk\u00e4se aus <strong>ROHMILCH<\/strong>, Schweiz), Vacherin Fribourgeois AOP (fetter Halbhartk\u00e4se aus thermisierter <strong>MILCH<\/strong>, Schweiz), St\u00e4rke, Knoblauch. Schweizer Produkt.<\/p>\n<p><strong>LAGERUNG:<\/strong> max. +5\u00b0C. Unter Schutzatmosph\u00e4re verpackt. Beim Einfrieren (bei -18 \u00b0C aufbewahren) wird das Mindesthaltbarkeitsdatum um 6 Monate verl\u00e4ngert. Verwendbar bis ( siehe Datum auf der Packung ).<\/p>\n<p><strong>DURCHSCHNITTLICHE NUTRITIVWERTE 100g<\/strong>: Energie 1590Kj (380kcal) ; Fett 30g, davon ges\u00e4ttigte Fetts\u00e4uren 18g ; Kohlenhydrate 0g, davon Zucker 0g ; Ballaststoffe 0g ; Eiwei\u00df 28g ; Salz 1.5g.<\/p>\n<p><strong>LIEFERUNGEN &amp; RETOUREN<\/strong>:Die Lieferungen werden von der Schweizerischen Post durchgef\u00fchrt. Bitte klicken Sie <a href=\"https:\/\/mafondue.ch\/de\/allgemeine-bedingungen\/\">hier<\/a>, um die verschiedenen Versandarten, -zeiten und -kosten zu sehen.  Wir liefern unsere Produkte nur in die Schweiz. Die vertraglichen Informationen werden per E-Mail an die von Ihnen angegebene Adresse best\u00e4tigt. Sie werden daher gebeten, alle Daten im Zusammenhang mit Ihrer Bestellung zu \u00fcberpr\u00fcfen. Bei Problemen bitten wir Sie, sich so schnell wie m\u00f6glich mit <a href=\"https:\/\/mafondue.ch\/de\/wer-sind-wir\/\"> uns <\/a> in Verbindung zu setzen.   <\/p>\n<p>&nbsp;<\/p>\n","protected":false},"excerpt":{"rendered":"<p>Das Erbe eines gro\u00dfen K\u00fcchenchefs Rezept ausgearbeitet von Herrn Philippe ROCHAT in den R\u00e4umlichkeiten der Laiterie Moderne. Mischung halb und halb F\u00fcr 2 Personen Portion 400g<\/p>\n","protected":false},"featured_media":255535,"comment_status":"closed","ping_status":"closed","template":"","meta":{"_et_pb_use_builder":"","_et_pb_old_content":"","_et_gb_content_width":""},"product_brand":[],"product_cat":[157,109,223,111,118],"product_tag":[],"class_list":{"0":"post-33322","1":"product","2":"type-product","3":"status-publish","4":"has-post-thumbnail","6":"product_cat-black-friday-de","7":"product_cat-fondue-de","8":"product_cat-fondue-halb-und-halb-400g","9":"product_cat-fondue-moitie-moitie-de","10":"product_cat-promotion-de","11":"product_shipping_class-produits-de","13":"first","14":"instock","15":"taxable","16":"shipping-taxable","17":"purchasable","18":"product-type-simple"},"_links":{"self":[{"href":"https:\/\/mafondue.ch\/de\/wp-json\/wp\/v2\/product\/33322","targetHints":{"allow":["GET"]}}],"collection":[{"href":"https:\/\/mafondue.ch\/de\/wp-json\/wp\/v2\/product"}],"about":[{"href":"https:\/\/mafondue.ch\/de\/wp-json\/wp\/v2\/types\/product"}],"replies":[{"embeddable":true,"href":"https:\/\/mafondue.ch\/de\/wp-json\/wp\/v2\/comments?post=33322"}],"wp:featuredmedia":[{"embeddable":true,"href":"https:\/\/mafondue.ch\/de\/wp-json\/wp\/v2\/media\/255535"}],"wp:attachment":[{"href":"https:\/\/mafondue.ch\/de\/wp-json\/wp\/v2\/media?parent=33322"}],"wp:term":[{"taxonomy":"product_brand","embeddable":true,"href":"https:\/\/mafondue.ch\/de\/wp-json\/wp\/v2\/product_brand?post=33322"},{"taxonomy":"product_cat","embeddable":true,"href":"https:\/\/mafondue.ch\/de\/wp-json\/wp\/v2\/product_cat?post=33322"},{"taxonomy":"product_tag","embeddable":true,"href":"https:\/\/mafondue.ch\/de\/wp-json\/wp\/v2\/product_tag?post=33322"}],"curies":[{"name":"wp","href":"https:\/\/api.w.org\/{rel}","templated":true}]}}