

{"id":41270,"date":"2021-02-01T10:20:36","date_gmt":"2021-02-01T09:20:37","guid":{"rendered":"https:\/\/mafondue.ch\/?post_type=product&#038;p=41270"},"modified":"2025-03-11T13:58:04","modified_gmt":"2025-03-11T12:58:04","slug":"buller-nusskuchen-grand-copie","status":"publish","type":"product","link":"https:\/\/mafondue.ch\/de\/produkt\/buller-nusskuchen-grand-copie\/","title":{"rendered":"Bullois-Kuchen"},"content":{"rendered":"<p>Der \u201eg\u00e2teau bullois\u201c ist ein k\u00f6stlicher Kuchen aus mit Schokolade \u00fcberzogenen Waln\u00fcssen, ein typisches Produkt der Region Bulle.<\/p>\n<p>Gewicht ca. 380 g.<\/p>\n<p><em><strong>ZUTATEN:<br \/>\n<\/strong>M\u00fcrbeteig : <strong>Weizen<\/strong>-Mehl aus Freiburg (<strong>Gersten<\/strong>malzmehl, <strong>Weizen<\/strong>gluten, Vitamin C), <b>Vollei<\/b> EU (Bodenhaltung), Zucker, Palmfett, Wasser, Palmkernfett, Kokosfett, <strong>BUTTER<\/strong> (10%), Raps\u00f6l, Emulgatoren (E471, E472c), Kochsalz, S\u00e4uerungsmittel (Milchs\u00e4ure), Farbstoff (Beta Carotin), Aroma (MILCH), Backtriebmittel (E503ii\/E504), jodiertes Kochsalz.<br \/>\n<\/em><em>Bullois-Masse: <strong>VOLLST\u00c4NDIGE KREME<\/strong> 35%, Zucker, <strong>N\u00dcSSE<\/strong> 15%, Glukosesirup<br \/>\n<\/em><em>Zu verbrauchen bis ( siehe Datum auf der Packung ) Schweizer Produkt<br \/>\n<\/em><em><strong>DURCHSCHNITTLICHE N\u00c4HRWERTE 100g<\/strong>: Energie 2133Kj (511kcal); Fett 30g, davon ges\u00e4ttigte Fetts\u00e4uren 11g; Kohlenhydrate 52g, davon Zucker 29g; Ballaststoffe 2.5g; Eiwei\u00df 7g; Salz 0.05g<\/em><\/p>\n","protected":false},"excerpt":{"rendered":"<p>Ausgezeichnet!<\/p>\n","protected":false},"featured_media":29274,"comment_status":"closed","ping_status":"closed","template":"","meta":{"_et_pb_use_builder":"","_et_pb_old_content":"","_et_gb_content_width":""},"product_brand":[],"product_cat":[105,107],"product_tag":[],"class_list":{"0":"post-41270","1":"product","2":"type-product","3":"status-publish","4":"has-post-thumbnail","6":"product_cat-dessert-de","7":"product_cat-gourmandise-de","8":"product_shipping_class-produits-de","10":"first","11":"instock","12":"taxable","13":"shipping-taxable","14":"purchasable","15":"product-type-simple"},"_links":{"self":[{"href":"https:\/\/mafondue.ch\/de\/wp-json\/wp\/v2\/product\/41270","targetHints":{"allow":["GET"]}}],"collection":[{"href":"https:\/\/mafondue.ch\/de\/wp-json\/wp\/v2\/product"}],"about":[{"href":"https:\/\/mafondue.ch\/de\/wp-json\/wp\/v2\/types\/product"}],"replies":[{"embeddable":true,"href":"https:\/\/mafondue.ch\/de\/wp-json\/wp\/v2\/comments?post=41270"}],"wp:featuredmedia":[{"embeddable":true,"href":"https:\/\/mafondue.ch\/de\/wp-json\/wp\/v2\/media\/29274"}],"wp:attachment":[{"href":"https:\/\/mafondue.ch\/de\/wp-json\/wp\/v2\/media?parent=41270"}],"wp:term":[{"taxonomy":"product_brand","embeddable":true,"href":"https:\/\/mafondue.ch\/de\/wp-json\/wp\/v2\/product_brand?post=41270"},{"taxonomy":"product_cat","embeddable":true,"href":"https:\/\/mafondue.ch\/de\/wp-json\/wp\/v2\/product_cat?post=41270"},{"taxonomy":"product_tag","embeddable":true,"href":"https:\/\/mafondue.ch\/de\/wp-json\/wp\/v2\/product_tag?post=41270"}],"curies":[{"name":"wp","href":"https:\/\/api.w.org\/{rel}","templated":true}]}}