

{"id":42340,"date":"2021-02-26T08:53:45","date_gmt":"2021-02-26T07:53:45","guid":{"rendered":"https:\/\/mafondue.ch\/produit\/fondue-corbyre-440g\/"},"modified":"2025-03-11T13:53:11","modified_gmt":"2025-03-11T12:53:11","slug":"fondue-corbyre-440g","status":"publish","type":"product","link":"https:\/\/mafondue.ch\/de\/produkt\/fondue-corbyre-440g\/","title":{"rendered":"Fondue Corbyre | 440g"},"content":{"rendered":"<p>Fondue mit 50 % Gruy\u00e8re AOP und 50 % Raclette du Valais AOP Alpage de Corbyre.<br \/>\nAlpage de Corbyre, oberhalb von Crans Montana, gef\u00fchrt von St\u00e9phane Robyr (Besitzer der Laiterie Le Terroir in Crans).<br \/>\n4 Mal in Folge Goldmedaille f\u00fcr seinen Raclettek\u00e4se, davon zweimal die beste Note des Kantons.<br \/>\nEine au\u00dfergew\u00f6hnliche Mischung, die Sie begeistern wird. Ohne jede M\u00e4\u00dfigung zu testen.<\/p>\n<p><em>ZUTATEN: Gruy\u00e8re AOP (fetter Hartk\u00e4se aus <strong>ROHMILCH<\/strong>, Schweiz), Raclette du Valais AOP (fetter Halbhartk\u00e4se aus <strong>ROHMILCH<\/strong>, Schweiz), St\u00e4rke, Knoblauch.<\/em><\/p>\n<p><em>Aufbewahren bei max. +5\u00b0C. Unter Schutzatmosph\u00e4re verpackt. Beim Einfrieren (bei -18 \u00b0C aufbewahren) verl\u00e4ngert sich das Haltbarkeitsdatum um 6 Monate. Zu verbrauchen bis ( siehe Datum auf der Packung ) Schweizer Produkt<\/em><\/p>\n<p><em>DURCHSCHNITTLICHE NUTRITIVWERTE 100G: Energie 1590Kj (380kcal); Fett 30g, davon ges\u00e4ttigte Fetts\u00e4uren 18g; Kohlenhydrate 0g, davon Zucker 0g; Ballaststoffe 0g; Eiwei\u00df 28g; Salz<\/em><\/p>\n","protected":false},"excerpt":{"rendered":"<p>Fondue mit 50% Gruy\u00e8re AOP und 50% Raclette du Valais AOP Alpage de Corbyre.<\/p>\n","protected":false},"featured_media":64483,"comment_status":"closed","ping_status":"closed","template":"","meta":{"_et_pb_use_builder":"","_et_pb_old_content":"","_et_gb_content_width":""},"product_brand":[],"product_cat":[109,223,226,111],"product_tag":[],"class_list":{"0":"post-42340","1":"product","2":"type-product","3":"status-publish","4":"has-post-thumbnail","6":"product_cat-fondue-de","7":"product_cat-fondue-halb-und-halb-400g","8":"product_cat-limitierte-auflage","9":"product_cat-fondue-moitie-moitie-de","10":"product_shipping_class-produits-de","12":"first","13":"instock","14":"taxable","15":"shipping-taxable","16":"purchasable","17":"product-type-simple"},"_links":{"self":[{"href":"https:\/\/mafondue.ch\/de\/wp-json\/wp\/v2\/product\/42340","targetHints":{"allow":["GET"]}}],"collection":[{"href":"https:\/\/mafondue.ch\/de\/wp-json\/wp\/v2\/product"}],"about":[{"href":"https:\/\/mafondue.ch\/de\/wp-json\/wp\/v2\/types\/product"}],"replies":[{"embeddable":true,"href":"https:\/\/mafondue.ch\/de\/wp-json\/wp\/v2\/comments?post=42340"}],"wp:featuredmedia":[{"embeddable":true,"href":"https:\/\/mafondue.ch\/de\/wp-json\/wp\/v2\/media\/64483"}],"wp:attachment":[{"href":"https:\/\/mafondue.ch\/de\/wp-json\/wp\/v2\/media?parent=42340"}],"wp:term":[{"taxonomy":"product_brand","embeddable":true,"href":"https:\/\/mafondue.ch\/de\/wp-json\/wp\/v2\/product_brand?post=42340"},{"taxonomy":"product_cat","embeddable":true,"href":"https:\/\/mafondue.ch\/de\/wp-json\/wp\/v2\/product_cat?post=42340"},{"taxonomy":"product_tag","embeddable":true,"href":"https:\/\/mafondue.ch\/de\/wp-json\/wp\/v2\/product_tag?post=42340"}],"curies":[{"name":"wp","href":"https:\/\/api.w.org\/{rel}","templated":true}]}}