

{"id":63185,"date":"2022-09-27T09:22:48","date_gmt":"2022-09-27T07:22:49","guid":{"rendered":"https:\/\/mafondue.ch\/?post_type=product&#038;p=63185"},"modified":"2024-06-13T13:45:46","modified_gmt":"2024-06-13T11:45:46","slug":"fonduehcprilly","status":"publish","type":"product","link":"https:\/\/mafondue.ch\/de\/produkt\/fonduehcprilly\/","title":{"rendered":"Fondue HC Prilly | 400g"},"content":{"rendered":"<p><strong>Fondue Moiti\u00e9-moiti\u00e9 Suisse \u2013 400g<br \/>\nf\u00fcr 2 Personen <\/strong><\/p>\n<p><strong>ZUTATEN:<\/strong> 49% Gruy\u00e8re AOP (Hartk\u00e4se aus <strong>ROHMILCH<\/strong>, Schweiz), 49% Vacherin fribourgeois (halbfester, fetter K\u00e4se aus thermisierter <strong>MILCH<\/strong>, Schweiz), 2% St\u00e4rke und Knoblauch.<\/p>\n<p><strong>LAGERUNG:<\/strong> max. +5\u00b0C. Unter Schutzatmosph\u00e4re verpackt. Beim Einfrieren (bei -18 \u00b0C aufbewahren) wird das Mindesthaltbarkeitsdatum um 6 Monate verl\u00e4ngert. Verwendbar bis ( siehe Datum auf der Packung ).<\/p>\n<p><strong>VALEURS NUTRITIVES MOYENNES 100G:<\/strong> Energie 1590Kj (380kcal); Fett 30g, davon ges\u00e4ttigte Fetts\u00e4uren 18g; Kohlenhydrate 0g, davon Zucker 0g; Ballaststoffe 0g; Eiwei\u00df 28g; Salz 1.5g.<\/p>\n<p><strong>LIEFERUNGEN &amp; RETOUREN<\/strong>:Die Lieferungen werden von der Schweizerischen Post durchgef\u00fchrt. Bitte klicken Sie <a href=\"https:\/\/mafondue.ch\/de\/allgemeine-bedingungen\/\">hier<\/a>, um die verschiedenen Versandarten, -zeiten und -kosten zu sehen. Wir liefern unsere Produkte nur in die Schweiz. Die vertraglichen Informationen werden per E-Mail an die von Ihnen angegebene Adresse best\u00e4tigt. Sie werden daher gebeten, alle Daten im Zusammenhang mit Ihrer Bestellung zu \u00fcberpr\u00fcfen. Bei Problemen bitten wir Sie, sich so schnell wie m\u00f6glich mit <a href=\"https:\/\/mafondue.ch\/qui-sommes-nous\/\"> uns <\/a> in Verbindung zu setzen.<\/p>\n<p>&nbsp;<\/p>\n","protected":false},"excerpt":{"rendered":"<p>Zubereitung von K\u00e4se<br \/>\nF\u00fcr <img loading=\"lazy\" decoding=\"async\" src=\"https:\/\/mafondue.ch\/skin\/frontend\/base\/default\/images\/pictoPersonne.png\" width=\"12\" height=\"28\"> <img loading=\"lazy\" decoding=\"async\" src=\"https:\/\/mafondue.ch\/skin\/frontend\/base\/default\/images\/pictoPersonne.png\" width=\"12\" height=\"28\"> Person(en)<\/p>\n","protected":false},"featured_media":63188,"comment_status":"closed","ping_status":"closed","template":"","meta":{"_et_pb_use_builder":"","_et_pb_old_content":"<p>Fondue concoct\u00e9 par Edgard Bovier, Chef \u00e9toil\u00e9 du Palace de Lausanne. En f\u00e9vrier 2019, il ouvre \u00e0 nouveau le restaurant du Cerf \u00e0 Rougemont et pour cette occasion, il collabore avec la Laiterie Moderne et son Ma\u00eetre Fromager pour cr\u00e9er deux nouvelles fondues dont celle qui est pr\u00e9sent\u00e9e ici : Fondue EDGARD COLLECTION. Cette fondue contient du Vacherin Fribourgeois AOP, du Gruy\u00e8re AOP et Etivaz AOP. Le design innovant de l'emballage a \u00e9t\u00e9 confi\u00e9 \u00e0 une jeune artiste confirm\u00e9, Luna Ribes. Nous sommes fiers de participer \u00e0 ce magnifique projet. A d\u00e9guster sans aucune mod\u00e9ration...<\/p><p>Ingr\u00e9dients : Le Gruy\u00e8re AOP (25%), L'Etivaz AOP (25%), Vacherin Fribourgeois AOP (50%)<\/p><p>A conserver \u00e0 max. +5\u00b0C.<\/p><p>Conditionn\u00e9e sous atmosph\u00e8re protectrice. Sous cong\u00e9lation (\u00e0 conserver \u00e0 -18\u00b0C), la date limite de consomation est prolong\u00e9e de 6 mois. \u00c0 consommer jusqu\u2019au ( voir la date sur le sachet ) Produit Suisse<\/p><p>VALEURS NUTRITIVES MOYENNES 100G \/ MITTLERE N\u00c4HRSTOFFWERTE 100G: Energie 1590Kj (380kcal); Lipide \/ Fett 30g, dont acides gras satur\u00e9s \/ davon ges\u00e4ttigte Fetts\u00e4uren 18g; Glucides \/ Kohlenhydrate 0g, dont sucres \/ davon Zucker 0g; Fibre alimentaires \/ Nahrungsfasern 0g; Prot\u00e9ines \/ Eiweiss 28g; Sel \/ Salz 1.5g.<\/p><p>\u00a0<\/p>","_et_gb_content_width":""},"product_brand":[],"product_cat":[109,111],"product_tag":[],"class_list":{"0":"post-63185","1":"product","2":"type-product","3":"status-publish","4":"has-post-thumbnail","6":"product_cat-fondue-de","7":"product_cat-fondue-moitie-moitie-de","8":"product_shipping_class-produits-de","10":"first","11":"instock","12":"taxable","13":"shipping-taxable","14":"purchasable","15":"product-type-simple"},"_links":{"self":[{"href":"https:\/\/mafondue.ch\/de\/wp-json\/wp\/v2\/product\/63185","targetHints":{"allow":["GET"]}}],"collection":[{"href":"https:\/\/mafondue.ch\/de\/wp-json\/wp\/v2\/product"}],"about":[{"href":"https:\/\/mafondue.ch\/de\/wp-json\/wp\/v2\/types\/product"}],"replies":[{"embeddable":true,"href":"https:\/\/mafondue.ch\/de\/wp-json\/wp\/v2\/comments?post=63185"}],"wp:featuredmedia":[{"embeddable":true,"href":"https:\/\/mafondue.ch\/de\/wp-json\/wp\/v2\/media\/63188"}],"wp:attachment":[{"href":"https:\/\/mafondue.ch\/de\/wp-json\/wp\/v2\/media?parent=63185"}],"wp:term":[{"taxonomy":"product_brand","embeddable":true,"href":"https:\/\/mafondue.ch\/de\/wp-json\/wp\/v2\/product_brand?post=63185"},{"taxonomy":"product_cat","embeddable":true,"href":"https:\/\/mafondue.ch\/de\/wp-json\/wp\/v2\/product_cat?post=63185"},{"taxonomy":"product_tag","embeddable":true,"href":"https:\/\/mafondue.ch\/de\/wp-json\/wp\/v2\/product_tag?post=63185"}],"curies":[{"name":"wp","href":"https:\/\/api.w.org\/{rel}","templated":true}]}}