

{"id":69202,"date":"2023-05-23T09:33:45","date_gmt":"2023-05-23T07:33:45","guid":{"rendered":"https:\/\/mafondue.ch\/produit\/wander-set\/"},"modified":"2025-03-11T13:20:55","modified_gmt":"2025-03-11T12:20:55","slug":"wander-set","status":"publish","type":"product","link":"https:\/\/mafondue.ch\/de\/produkt\/wander-set\/","title":{"rendered":"Wander Set"},"content":{"rendered":"<blockquote>\n<p>Wo du willst und wann du willst!<\/p>\n<\/blockquote>\n<p>Genie\u00dfen Sie ein k\u00f6stliches Fondue im Freien mit unserem Rando-Paket bestehend aus :<\/p>\n<ul>\n<li>1x KitFondue f\u00fcr 2 Personen\n<ul>\n<li>Zerlegbares Rechaud aus Edelstahl<\/li>\n<li>Caquelon aus Edelstahl 800ml<\/li>\n<li>1 wiederverschlie\u00dfbarer Pastenbrenner<\/li>\n<\/ul>\n<\/li>\n<li>1x Schweizer Fondue &#8211; Das Beste aus der Schweiz in einem Beutel.<\/li>\n<li>100% Swiss made<\/li>\n<\/ul>\n<p>Das ideale Paket f\u00fcr unsere Outdoor-Liebhaber!<\/p>\n","protected":false},"excerpt":{"rendered":"<p>Wo du willst und wann du willst! Genie\u00dfen Sie ein k\u00f6stliches Fondue im Freien mit unserem Rando-Paket bestehend aus : 1x KitFondue f\u00fcr 2 Personen Zerlegbares Rechaud aus Edelstahl Caquelon aus Edelstahl 800ml 1 wiederverschlie\u00dfbarer Pastenbrenner 1x Schweizer Fondue &#8211; Das Beste aus der Schweiz in einem Beutel. 100% Swiss made Das ideale Paket f\u00fcr [&hellip;]<\/p>\n","protected":false},"featured_media":251462,"comment_status":"closed","ping_status":"closed","template":"","meta":{"_et_pb_use_builder":"off","_et_pb_old_content":"<blockquote>\r\n<p>Wo du willst und wann du willst!<\/p>\r\n<\/blockquote>\r\n<p>Genie\u00dfen Sie ein k\u00f6stliches Fondue im Freien mit unserem Rando-Paket bestehend aus :<\/p>\r\n<ul>\r\n<li>1x KitFondue f\u00fcr 2 Personen\r\n<ul>\r\n<li>Zerlegbares Rechaud aus Edelstahl<\/li>\r\n<li>Caquelon aus Edelstahl 800ml<\/li>\r\n<li>1 wiederverschlie\u00dfbarer Pastenbrenner<\/li>\r\n<\/ul>\r\n<\/li>\r\n<li>1x Schweizer Fondue - Das Beste aus der Schweiz in einem Beutel.<\/li>\r\n<li>100% Swiss made<\/li>\r\n<\/ul>\r\n<p>Das ideale Paket f\u00fcr unsere Outdoor-Liebhaber!<\/p>","_et_gb_content_width":""},"product_brand":[],"product_cat":[101],"product_tag":[],"class_list":{"0":"post-69202","1":"product","2":"type-product","3":"status-publish","4":"has-post-thumbnail","6":"product_cat-accessoire-de","7":"product_shipping_class-produits-de","9":"first","10":"instock","11":"taxable","12":"shipping-taxable","13":"purchasable","14":"product-type-simple"},"_links":{"self":[{"href":"https:\/\/mafondue.ch\/de\/wp-json\/wp\/v2\/product\/69202","targetHints":{"allow":["GET"]}}],"collection":[{"href":"https:\/\/mafondue.ch\/de\/wp-json\/wp\/v2\/product"}],"about":[{"href":"https:\/\/mafondue.ch\/de\/wp-json\/wp\/v2\/types\/product"}],"replies":[{"embeddable":true,"href":"https:\/\/mafondue.ch\/de\/wp-json\/wp\/v2\/comments?post=69202"}],"wp:featuredmedia":[{"embeddable":true,"href":"https:\/\/mafondue.ch\/de\/wp-json\/wp\/v2\/media\/251462"}],"wp:attachment":[{"href":"https:\/\/mafondue.ch\/de\/wp-json\/wp\/v2\/media?parent=69202"}],"wp:term":[{"taxonomy":"product_brand","embeddable":true,"href":"https:\/\/mafondue.ch\/de\/wp-json\/wp\/v2\/product_brand?post=69202"},{"taxonomy":"product_cat","embeddable":true,"href":"https:\/\/mafondue.ch\/de\/wp-json\/wp\/v2\/product_cat?post=69202"},{"taxonomy":"product_tag","embeddable":true,"href":"https:\/\/mafondue.ch\/de\/wp-json\/wp\/v2\/product_tag?post=69202"}],"curies":[{"name":"wp","href":"https:\/\/api.w.org\/{rel}","templated":true}]}}