

{"id":30141,"date":"2020-09-07T11:40:24","date_gmt":"2020-09-07T09:40:24","guid":{"rendered":"https:\/\/mafondue.ch\/edgar-bovier\/"},"modified":"2025-02-13T12:22:03","modified_gmt":"2025-02-13T11:22:03","slug":"edgar-bovier","status":"publish","type":"page","link":"https:\/\/mafondue.ch\/it\/edgar-bovier\/","title":{"rendered":"Edgard Bovier"},"content":{"rendered":"<p>[et_pb_section fb_built=&#8221;1&#8243; module_class=&#8221;dark-section&#8221; _builder_version=&#8221;4.16&#8243; _module_preset=&#8221;default&#8221; background_enable_color=&#8221;off&#8221; background_image=&#8221;https:\/\/mafondue.ch\/wp-content\/uploads\/2020\/08\/EdgardBovier-1.jpg&#8221; min_height=&#8221;350px&#8221; da_disable_devices=&#8221;off|off|off&#8221; global_colors_info=&#8221;{}&#8221; da_is_popup=&#8221;off&#8221; da_exit_intent=&#8221;off&#8221; da_has_close=&#8221;on&#8221; da_alt_close=&#8221;off&#8221; da_dark_close=&#8221;off&#8221; da_not_modal=&#8221;on&#8221; da_is_singular=&#8221;off&#8221; da_with_loader=&#8221;off&#8221; da_has_shadow=&#8221;on&#8221;][et_pb_row column_structure=&#8221;1_2,1_2&#8243; _builder_version=&#8221;4.16&#8243; _module_preset=&#8221;default&#8221; global_colors_info=&#8221;{}&#8221;][et_pb_column type=&#8221;1_2&#8243; _builder_version=&#8221;4.16&#8243; _module_preset=&#8221;default&#8221; global_colors_info=&#8221;{}&#8221;][\/et_pb_column][et_pb_column type=&#8221;1_2&#8243; _builder_version=&#8221;4.16&#8243; _module_preset=&#8221;default&#8221; global_colors_info=&#8221;{}&#8221;][et_pb_image src=&#8221;https:\/\/mafondue.ch\/wp-content\/uploads\/\/2020\/08\/Edgard-logo-white.svg&#8221; title_text=&#8221;Edgard-logo-white&#8221; _builder_version=&#8221;4.16&#8243; _module_preset=&#8221;default&#8221; width=&#8221;75%&#8221; global_colors_info=&#8221;{}&#8221;][\/et_pb_image][et_pb_text _builder_version=&#8221;4.16&#8243; _module_preset=&#8221;default&#8221; custom_margin=&#8221;-20px||||false|false&#8221; locked=&#8221;off&#8221; global_colors_info=&#8221;{}&#8221;]<\/p>\n<h4>Ci\u00f2 che conta \u00e8 la qualit\u00e0 del prodotto<\/h4>\n<p>[\/et_pb_text][\/et_pb_column][\/et_pb_row][\/et_pb_section][et_pb_section fb_built=&#8221;1&#8243; module_class=&#8221;light-section&#8221; _builder_version=&#8221;4.16&#8243; _module_preset=&#8221;default&#8221; custom_padding=&#8221;||6px|||&#8221; da_disable_devices=&#8221;off|off|off&#8221; locked=&#8221;off&#8221; global_colors_info=&#8221;{}&#8221; da_is_popup=&#8221;off&#8221; da_exit_intent=&#8221;off&#8221; da_has_close=&#8221;on&#8221; da_alt_close=&#8221;off&#8221; da_dark_close=&#8221;off&#8221; da_not_modal=&#8221;on&#8221; da_is_singular=&#8221;off&#8221; da_with_loader=&#8221;off&#8221; da_has_shadow=&#8221;on&#8221;][et_pb_row _builder_version=&#8221;4.16&#8243; _module_preset=&#8221;default&#8221; global_colors_info=&#8221;{}&#8221;][et_pb_column type=&#8221;4_4&#8243; _builder_version=&#8221;4.16&#8243; _module_preset=&#8221;default&#8221; global_colors_info=&#8221;{}&#8221;][et_pb_text _builder_version=&#8221;4.16&#8243; _module_preset=&#8221;default&#8221; text_orientation=&#8221;center&#8221; width=&#8221;60%&#8221; width_tablet=&#8221;100%&#8221; width_phone=&#8221;&#8221; width_last_edited=&#8221;on|phone&#8221; module_alignment=&#8221;center&#8221; module_alignment_last_edited=&#8221;off|desktop&#8221; global_colors_info=&#8221;{}&#8221;]<\/p>\n<h2><span style=\"color: #000000;\">EDGARD BOVIER<\/span><\/h2>\n<div class=\"page\" title=\"Page 4\">\n<div class=\"section\">\n<div class=\"layoutArea\">\n<div class=\"column\">\n<p><span>Edgard Bovier lo dice semplicemente: \u201cEssere uno chef significa rendere le cose belle della natura ancora migliori\u201d. Questo maestro della cucina mediterranea ama i prodotti che hanno tanta storia quanto sapore.  <\/span><\/p>\n<\/div>\n<\/div>\n<\/div>\n<\/div>\n<p>[\/et_pb_text][et_pb_image src=&#8221;https:\/\/mafondue.ch\/wp-content\/uploads\/\/2020\/08\/Edgard-logo-script.svg&#8221; title_text=&#8221;Edgard-logo-script&#8221; align=&#8221;center&#8221; _builder_version=&#8221;4.16&#8243; _module_preset=&#8221;default&#8221; width=&#8221;24%&#8221; global_colors_info=&#8221;{}&#8221;][\/et_pb_image][\/et_pb_column][\/et_pb_row][\/et_pb_section][et_pb_section fb_built=&#8221;1&#8243; module_class=&#8221;light-section poya-black&#8221; _builder_version=&#8221;4.16&#8243; _module_preset=&#8221;default&#8221; custom_padding=&#8221;||6px|||&#8221; da_disable_devices=&#8221;off|off|off&#8221; locked=&#8221;off&#8221; global_colors_info=&#8221;{}&#8221; da_is_popup=&#8221;off&#8221; da_exit_intent=&#8221;off&#8221; da_has_close=&#8221;on&#8221; da_alt_close=&#8221;off&#8221; da_dark_close=&#8221;off&#8221; da_not_modal=&#8221;on&#8221; da_is_singular=&#8221;off&#8221; da_with_loader=&#8221;off&#8221; da_has_shadow=&#8221;on&#8221;][et_pb_row column_structure=&#8221;1_2,1_2&#8243; _builder_version=&#8221;4.16&#8243; _module_preset=&#8221;default&#8221; custom_margin=&#8221;0px||0px||false|false&#8221; custom_padding=&#8221;0px||150px||false|false&#8221; global_colors_info=&#8221;{}&#8221;][et_pb_column type=&#8221;1_2&#8243; _builder_version=&#8221;4.16&#8243; _module_preset=&#8221;default&#8221; global_colors_info=&#8221;{}&#8221;][et_pb_image src=&#8221;https:\/\/mafondue.ch\/wp-content\/uploads\/2020\/08\/A1BB4583-DE2B-4D38-A758-36FB26D321C3.png&#8221; title_text=&#8221;A1BB4583-DE2B-4D38-A758-36FB26D321C3&#8243; _builder_version=&#8221;4.16&#8243; _module_preset=&#8221;default&#8221; global_colors_info=&#8221;{}&#8221;][\/et_pb_image][et_pb_button button_url=&#8221;https:\/\/mafondue.ch\/it\/edgar-bovier\/?add-to-cart=29180&#8243; button_text=&#8221;Aggiungi al carrello&#8221; button_alignment=&#8221;center&#8221; _builder_version=&#8221;4.16&#8243; _module_preset=&#8221;default&#8221; global_colors_info=&#8221;{}&#8221;][\/et_pb_button][\/et_pb_column][et_pb_column type=&#8221;1_2&#8243; _builder_version=&#8221;4.16&#8243; _module_preset=&#8221;default&#8221; global_colors_info=&#8221;{}&#8221;][et_pb_text _builder_version=&#8221;4.27.4&#8243; _module_preset=&#8221;default&#8221; global_colors_info=&#8221;{}&#8221;]<\/p>\n<h2>La Fondue<\/h2>\n<div class=\"page\" title=\"Page 4\">\n<div class=\"section\">\n<div class=\"layoutArea\">\n<div class=\"column\">\n<p>Fonduta preparata dal famoso <strong>chef stellato Edgard Bovier<\/strong> in collaborazione con MaFondue. Questa creazione culinaria celebra tre formaggi eccezionali: il Vacherin Fribourgeois DOP, il Gruy\u00e8re DOP e l&#8217;Etivaz DOP. Originario del Vallese, Edgard Bovier, chef stellato, ha lavorato in strutture prestigiose come Le Palace di Losanna, il Palace di Saint-Moritz e L&#8217;Ermitage di K\u00fcsnacht. A febbraio 2019 riaprir\u00e0 il ristorante Cerf a Rougemont e, per l&#8217;occasione, collaborer\u00e0 con MaFondue e il suo Maestro Casaro per creare due nuove fondute, tra cui quella qui presentata: Fonduta EDGARD COLLECTION. Il design innovativo della confezione \u00e8 stato affidato a una giovane artista affermata, Luna Ribes. Siamo orgogliosi di far parte di questo magnifico progetto. Da gustare senza moderazione&#8230;      <\/p>\n<\/div>\n<\/div>\n<\/div>\n<\/div>\n<p>[\/et_pb_text][\/et_pb_column][\/et_pb_row][\/et_pb_section]<\/p>\n","protected":false},"excerpt":{"rendered":"<p>Ci\u00f2 che conta \u00e8 la qualit\u00e0 del prodottoEDGARD BOVIER Edgard Bovier lo dice semplicemente: \u201cEssere uno chef significa rendere le cose belle della natura ancora migliori\u201d. Questo maestro della cucina mediterranea ama i prodotti che hanno tanta storia quanto sapore. La Fondue Fonduta preparata dal famoso chef stellato Edgard Bovier in collaborazione con MaFondue. Questa [&hellip;]<\/p>\n","protected":false},"author":12027,"featured_media":0,"parent":0,"menu_order":0,"comment_status":"closed","ping_status":"closed","template":"","meta":{"_et_pb_use_builder":"on","_et_pb_old_content":"","_et_gb_content_width":"","footnotes":""},"class_list":["post-30141","page","type-page","status-publish","hentry"],"_links":{"self":[{"href":"https:\/\/mafondue.ch\/it\/wp-json\/wp\/v2\/pages\/30141","targetHints":{"allow":["GET"]}}],"collection":[{"href":"https:\/\/mafondue.ch\/it\/wp-json\/wp\/v2\/pages"}],"about":[{"href":"https:\/\/mafondue.ch\/it\/wp-json\/wp\/v2\/types\/page"}],"author":[{"embeddable":true,"href":"https:\/\/mafondue.ch\/it\/wp-json\/wp\/v2\/users\/12027"}],"replies":[{"embeddable":true,"href":"https:\/\/mafondue.ch\/it\/wp-json\/wp\/v2\/comments?post=30141"}],"version-history":[{"count":4,"href":"https:\/\/mafondue.ch\/it\/wp-json\/wp\/v2\/pages\/30141\/revisions"}],"predecessor-version":[{"id":252668,"href":"https:\/\/mafondue.ch\/it\/wp-json\/wp\/v2\/pages\/30141\/revisions\/252668"}],"wp:attachment":[{"href":"https:\/\/mafondue.ch\/it\/wp-json\/wp\/v2\/media?parent=30141"}],"curies":[{"name":"wp","href":"https:\/\/api.w.org\/{rel}","templated":true}]}}