

{"id":30160,"date":"2020-09-07T11:42:15","date_gmt":"2020-09-07T09:42:15","guid":{"rendered":"https:\/\/mafondue.ch\/service-client\/"},"modified":"2020-09-07T16:58:26","modified_gmt":"2020-09-07T14:58:26","slug":"servizio-clienti","status":"publish","type":"page","link":"https:\/\/mafondue.ch\/it\/servizio-clienti\/","title":{"rendered":"Servizio clienti"},"content":{"rendered":"<p>[et_pb_section fb_built=&#8221;1&#8243; _builder_version=&#8221;4.5.7&#8243; _module_preset=&#8221;default&#8221;][et_pb_row _builder_version=&#8221;4.5.7&#8243; _module_preset=&#8221;default&#8221;][et_pb_column _builder_version=&#8221;4.5.7&#8243; _module_preset=&#8221;default&#8221; type=&#8221;4_4&#8243;][et_pb_text _builder_version=&#8221;4.5.7&#8243; _module_preset=&#8221;default&#8221; hover_enabled=&#8221;0&#8243;]<\/p>\n<h2>Service client<\/h2>\n<p>Nous faisons tout notre possible pour que votre exp\u00e9rience d\u2019achat sur MaFondue.ch soit la plus agr\u00e9able possible, mais si malgr\u00e9 tout vous estimez ne pas \u00eatre satisfait, n\u2019h\u00e9sitez pas \u00e0 nous contacter, nous trouverons forc\u00e9ment une solution \u00e0 votre probl\u00e8me, et avec le sourire !<\/p>\n<p>T\u00e9l\u00e9phone : +41 26 912 71 82<\/p>\n<p>T\u00e9l\u00e9copie : +41 26 913 14 45<\/p>\n<p>&nbsp;<\/p>\n<p>Commande : commande@mafondue.ch<\/p>\n<p>Service client : service.client@mafondue.ch<\/p>\n<p>Revendeurs : info@mafondue.ch<\/p>\n<p>Laiterie Moderne<\/p>\n<p>Rte de la L\u00e9cheretta 12<br \/>\n1630 Bulle<br \/>\nCH &#8211; Suisse<\/p>\n<p>Horaires d&#8217;ouverture<\/p>\n<p>Du lundi au jeudi 7h30 &#8211; 11h45 \/ 14h00 &#8211; 15h00<br \/>\nVendredi 7h30 &#8211; 11h45 \/ Ferm\u00e9<br \/>\nSamedi Ferm\u00e9<br \/>\nDimanche Ferm\u00e9<\/p>\n<p>www.laiteriemoderne.ch<br \/>\n[\/et_pb_text][\/et_pb_column][\/et_pb_row][\/et_pb_section]<\/p>\n","protected":false},"excerpt":{"rendered":"<p>Service client Nous faisons tout notre possible pour que votre exp\u00e9rience d\u2019achat sur MaFondue.ch soit la plus agr\u00e9able possible, mais si malgr\u00e9 tout vous estimez ne pas \u00eatre satisfait, n\u2019h\u00e9sitez pas \u00e0 nous contacter, nous trouverons forc\u00e9ment une solution \u00e0 votre probl\u00e8me, et avec le sourire ! T\u00e9l\u00e9phone : +41 26 912 71 82 T\u00e9l\u00e9copie [&hellip;]<\/p>\n","protected":false},"author":12027,"featured_media":0,"parent":0,"menu_order":0,"comment_status":"closed","ping_status":"closed","template":"","meta":{"_et_pb_use_builder":"on","_et_pb_old_content":"","_et_gb_content_width":"","footnotes":""},"class_list":["post-30160","page","type-page","status-publish","hentry"],"_links":{"self":[{"href":"https:\/\/mafondue.ch\/it\/wp-json\/wp\/v2\/pages\/30160","targetHints":{"allow":["GET"]}}],"collection":[{"href":"https:\/\/mafondue.ch\/it\/wp-json\/wp\/v2\/pages"}],"about":[{"href":"https:\/\/mafondue.ch\/it\/wp-json\/wp\/v2\/types\/page"}],"author":[{"embeddable":true,"href":"https:\/\/mafondue.ch\/it\/wp-json\/wp\/v2\/users\/12027"}],"replies":[{"embeddable":true,"href":"https:\/\/mafondue.ch\/it\/wp-json\/wp\/v2\/comments?post=30160"}],"version-history":[{"count":0,"href":"https:\/\/mafondue.ch\/it\/wp-json\/wp\/v2\/pages\/30160\/revisions"}],"wp:attachment":[{"href":"https:\/\/mafondue.ch\/it\/wp-json\/wp\/v2\/media?parent=30160"}],"curies":[{"name":"wp","href":"https:\/\/api.w.org\/{rel}","templated":true}]}}