

{"id":30569,"date":"2020-09-10T15:05:12","date_gmt":"2020-09-10T13:05:12","guid":{"rendered":"https:\/\/mafondue.ch\/?page_id=30569"},"modified":"2025-09-18T11:51:09","modified_gmt":"2025-09-18T09:51:09","slug":"la-latteria","status":"publish","type":"page","link":"https:\/\/mafondue.ch\/it\/la-latteria\/","title":{"rendered":"Servizio clienti"},"content":{"rendered":"<p>[et_pb_section fb_built=&#8221;1&#8243; _builder_version=&#8221;4.16&#8243; _module_preset=&#8221;default&#8221; global_colors_info=&#8221;{}&#8221;][et_pb_row _builder_version=&#8221;4.16&#8243; _module_preset=&#8221;default&#8221; global_colors_info=&#8221;{}&#8221;][et_pb_column type=&#8221;4_4&#8243; _builder_version=&#8221;4.16&#8243; _module_preset=&#8221;default&#8221; global_colors_info=&#8221;{}&#8221;][et_pb_text _builder_version=&#8221;4.16&#8243; _module_preset=&#8221;default&#8221; global_colors_info=&#8221;{}&#8221; custom_margin=&#8221;||-21px|||&#8221;]<\/p>\n<h2>Servizio clienti<\/h2>\n<p>[\/et_pb_text][et_pb_text _builder_version=&#8221;4.21.0&#8243; _module_preset=&#8221;default&#8221; hover_enabled=&#8221;0&#8243; global_colors_info=&#8221;{}&#8221; locked=&#8221;off&#8221; sticky_enabled=&#8221;0&#8243;]<\/p>\n<p>&nbsp;<\/p>\n<p><iframe loading=\"lazy\" src=\"https:\/\/maps.google.ch\/maps?q=Laiterie+Moderne+Rte+de+la+L%C3%A9cheretta+12+1630+Bulle+Suisse&amp;ie=UTF8&amp;hl=en&amp;hq=Laiterie+Moderne&amp;hnear=Rue+de+la+L%C3%A9cheretta+12,+1630+Bulle,+Fribourg&amp;ll=46.619119,7.055904&amp;spn=0.01266,0.027874&amp;t=m&amp;z=14&amp;iwloc=A&amp;cid=12179302196427616925&amp;output=embed\" width=\"100%\" height=\"320\"><\/iframe><\/p>\n<p>Facciamo tutto il possibile per rendere la vostra esperienza di acquisto su MaFondue.ch il pi\u00f9 piacevole possibile, ma se non siete ancora soddisfatti, non esitate a contattarci: troveremo sicuramente una soluzione al vostro problema, e con un sorriso!<\/p>\n<p>[\/et_pb_text][\/et_pb_column][\/et_pb_row][et_pb_row column_structure=&#8221;1_2,1_2&#8243; _builder_version=&#8221;4.16&#8243; _module_preset=&#8221;default&#8221; global_colors_info=&#8221;{}&#8221;][et_pb_column type=&#8221;1_2&#8243; _builder_version=&#8221;4.16&#8243; _module_preset=&#8221;default&#8221; global_colors_info=&#8221;{}&#8221;][et_pb_text _builder_version=&#8221;4.21.0&#8243; _module_preset=&#8221;default&#8221; global_colors_info=&#8221;{}&#8221;]<\/p>\n<h3>Orari di apertura<\/h3>\n<div class=\"content\">\n<table style=\"border-color: fff; font-size: 16px;\">\n<tbody>\n<tr>\n<td style=\"width: 320.633px;\">Da luned\u00ec a gioved\u00ec<\/td>\n<td style=\"width: 267.57px;\">\n<p>7h30 &#8211; 11h45 <br \/>14h00 &#8211; 15h00<\/p>\n<\/td>\n<\/tr>\n<tr>\n<td style=\"width: 320.633px;\">Venerd\u00ec<\/td>\n<td style=\"width: 267.57px;\">7h30 &#8211; 11h45<br \/>Chiuso<\/td>\n<\/tr>\n<tr>\n<td style=\"width: 320.633px;\">Sabato<\/td>\n<td style=\"width: 267.57px;\">Chiuso<\/td>\n<\/tr>\n<tr>\n<td style=\"width: 320.633px;\">Domenica<\/td>\n<td style=\"width: 267.57px;\">Chiuso<\/td>\n<\/tr>\n<\/tbody>\n<\/table>\n<\/div>\n<p>[\/et_pb_text][et_pb_text _builder_version=&#8221;4.21.0&#8243; _module_preset=&#8221;default&#8221; global_colors_info=&#8221;{}&#8221;]<\/p>\n<h3>E-Mail<\/h3>\n<table style=\"font-size: 16px;\">\n<tbody>\n<tr>\n<td><strong>Ordine :<\/strong><\/td>\n<td><a href=\"mailto:commande@mafondue.ch\">commande@mafondue.ch<\/a><\/td>\n<\/tr>\n<tr>\n<td><strong>Servizio clienti :<\/strong><\/td>\n<td><a href=\"mailto:service.client@mafondue.ch\">service.client@mafondue.ch<\/a><\/td>\n<\/tr>\n<tr>\n<td><strong>Rivenditori :<\/strong><\/td>\n<td><a href=\"mailto:info@mafondue.ch\">info@mafondue.ch<\/a><\/td>\n<\/tr>\n<\/tbody>\n<\/table>\n<p>[\/et_pb_text][\/et_pb_column][et_pb_column type=&#8221;1_2&#8243; _builder_version=&#8221;4.16&#8243; _module_preset=&#8221;default&#8221; global_colors_info=&#8221;{}&#8221;][et_pb_text _builder_version=&#8221;4.21.0&#8243; _module_preset=&#8221;default&#8221; global_colors_info=&#8221;{}&#8221;]<\/p>\n<h3>Indirizzo<\/h3>\n<table style=\"font-size: 16px;\">\n<tbody>\n<tr>\n<td><strong>MaFondue<\/strong><\/td>\n<\/tr>\n<tr>\n<td>Rte des Roseires 11<\/td>\n<\/tr>\n<tr>\n<td>1635 La Tour de Tr\u00eame<\/td>\n<\/tr>\n<tr>\n<td>CH &#8211; Suisse<\/td>\n<\/tr>\n<\/tbody>\n<\/table>\n<p>[\/et_pb_text][et_pb_text _builder_version=&#8221;4.21.0&#8243; _module_preset=&#8221;default&#8221; global_colors_info=&#8221;{}&#8221;]<\/p>\n<h3>Telefono<\/h3>\n<table style=\"font-size: 16px;\">\n<tbody>\n<tr>\n<td><strong>Telefono :<\/strong><\/td>\n<td>+41 26 912 71 82<\/td>\n<\/tr>\n<\/tbody>\n<\/table>\n<p>[\/et_pb_text][\/et_pb_column][\/et_pb_row][\/et_pb_section]<\/p>\n","protected":false},"excerpt":{"rendered":"<p>Servizio clienti&nbsp; Facciamo tutto il possibile per rendere la vostra esperienza di acquisto su MaFondue.ch il pi\u00f9 piacevole possibile, ma se non siete ancora soddisfatti, non esitate a contattarci: troveremo sicuramente una soluzione al vostro problema, e con un sorriso!Orari di apertura Da luned\u00ec a gioved\u00ec 7h30 &#8211; 11h45 14h00 &#8211; 15h00 Venerd\u00ec 7h30 &#8211; [&hellip;]<\/p>\n","protected":false},"author":12027,"featured_media":0,"parent":0,"menu_order":0,"comment_status":"closed","ping_status":"closed","template":"","meta":{"_et_pb_use_builder":"on","_et_pb_old_content":"","_et_gb_content_width":"","footnotes":""},"class_list":["post-30569","page","type-page","status-publish","hentry"],"_links":{"self":[{"href":"https:\/\/mafondue.ch\/it\/wp-json\/wp\/v2\/pages\/30569","targetHints":{"allow":["GET"]}}],"collection":[{"href":"https:\/\/mafondue.ch\/it\/wp-json\/wp\/v2\/pages"}],"about":[{"href":"https:\/\/mafondue.ch\/it\/wp-json\/wp\/v2\/types\/page"}],"author":[{"embeddable":true,"href":"https:\/\/mafondue.ch\/it\/wp-json\/wp\/v2\/users\/12027"}],"replies":[{"embeddable":true,"href":"https:\/\/mafondue.ch\/it\/wp-json\/wp\/v2\/comments?post=30569"}],"version-history":[{"count":1,"href":"https:\/\/mafondue.ch\/it\/wp-json\/wp\/v2\/pages\/30569\/revisions"}],"predecessor-version":[{"id":255048,"href":"https:\/\/mafondue.ch\/it\/wp-json\/wp\/v2\/pages\/30569\/revisions\/255048"}],"wp:attachment":[{"href":"https:\/\/mafondue.ch\/it\/wp-json\/wp\/v2\/media?parent=30569"}],"curies":[{"name":"wp","href":"https:\/\/api.w.org\/{rel}","templated":true}]}}