

{"id":62289,"date":"2023-11-23T16:00:20","date_gmt":"2023-11-23T15:00:20","guid":{"rendered":"https:\/\/mafondue.ch\/?page_id=62289"},"modified":"2023-11-23T16:31:06","modified_gmt":"2023-11-23T15:31:06","slug":"promozioni","status":"publish","type":"page","link":"https:\/\/mafondue.ch\/it\/promozioni\/","title":{"rendered":"Promozioni"},"content":{"rendered":"<p>[et_pb_section fb_built=&#8221;1&#8243; module_class=&#8221;light-section poya-black&#8221; _builder_version=&#8221;4.16&#8243; _module_preset=&#8221;default&#8221; global_colors_info=&#8221;{}&#8221;][et_pb_row _builder_version=&#8221;4.23.1&#8243; _module_preset=&#8221;default&#8221;][et_pb_column _builder_version=&#8221;4.23.1&#8243; _module_preset=&#8221;default&#8221; type=&#8221;4_4&#8243;][et_pb_image _builder_version=&#8221;4.23.1&#8243; _module_preset=&#8221;default&#8221; title_text=&#8221;Banni\u00e8re BF &#8211; Mobile &#8211; IT&#8221; src=&#8221;https:\/\/mafondue.ch\/wp-content\/uploads\/2020\/09\/Banniere-BF-Desktop-IT-scaled.jpg&#8221; src_last_edited=&#8221;on|phone&#8221; hover_enabled=&#8221;0&#8243; sticky_enabled=&#8221;0&#8243; src_phone=&#8221;https:\/\/mafondue.ch\/wp-content\/uploads\/2020\/09\/Banniere-BF-Mobile-IT.jpg&#8221; src_tablet=&#8221;https:\/\/mafondue.ch\/wp-content\/uploads\/2020\/09\/Banniere-BF-Desktop-IT-scaled.jpg&#8221;][\/et_pb_image][\/et_pb_column][\/et_pb_row][et_pb_row _builder_version=&#8221;4.23.1&#8243; _module_preset=&#8221;default&#8221;][et_pb_column _builder_version=&#8221;4.23.1&#8243; _module_preset=&#8221;default&#8221; type=&#8221;4_4&#8243;][\/et_pb_column][\/et_pb_row][et_pb_row _builder_version=&#8221;4.16&#8243; _module_preset=&#8221;default&#8221; global_colors_info=&#8221;{}&#8221;][et_pb_column type=&#8221;4_4&#8243; _builder_version=&#8221;4.16&#8243; _module_preset=&#8221;default&#8221; global_colors_info=&#8221;{}&#8221;][et_pb_code _builder_version=&#8221;4.23.1&#8243; _module_preset=&#8221;default&#8221; custom_margin=&#8221;||20px||false|false&#8221; global_colors_info=&#8221;{}&#8221;]    <!-- end of the filter section -->\n\n\n    <div class=\"\" id=\"productsContainer\">\n\n        <div class=\"no-products\">\n            <h2>Nessun prodotto corrisponde alla tua ricerca<\/h2>\n        <\/div>\n\t\t    <\/div>\n\t[\/et_pb_code][\/et_pb_column][\/et_pb_row][\/et_pb_section][et_pb_section fb_built=&#8221;1&#8243; module_class=&#8221;dark-section  poya-white&#8221; _builder_version=&#8221;4.16&#8243; _module_preset=&#8221;default&#8221; background_color=&#8221;#2d2e2f&#8221; global_colors_info=&#8221;{}&#8221;][et_pb_row column_structure=&#8221;1_2,1_2&#8243; _builder_version=&#8221;4.16&#8243; _module_preset=&#8221;default&#8221; link_option_url=&#8221;https:\/\/mafondue.ch\/it\/salumi\/&#8221; global_colors_info=&#8221;{}&#8221;][et_pb_column type=&#8221;1_2&#8243; _builder_version=&#8221;4.16&#8243; _module_preset=&#8221;default&#8221; global_colors_info=&#8221;{}&#8221;][et_pb_image src=&#8221;https:\/\/mafondue.ch\/wp-content\/uploads\/2020\/11\/charcuterie-WEB.png&#8221; title_text=&#8221;charcuterie-WEB&#8221; _builder_version=&#8221;4.16&#8243; _module_preset=&#8221;default&#8221; custom_margin=&#8221;-50px||||false|false&#8221; custom_margin_tablet=&#8221;0px||||false|false&#8221; custom_margin_phone=&#8221;&#8221; custom_margin_last_edited=&#8221;on|tablet&#8221; global_colors_info=&#8221;{}&#8221;][\/et_pb_image][\/et_pb_column][et_pb_column type=&#8221;1_2&#8243; _builder_version=&#8221;4.16&#8243; _module_preset=&#8221;default&#8221; global_colors_info=&#8221;{}&#8221;][et_pb_text _builder_version=&#8221;4.16&#8243; _module_preset=&#8221;default&#8221; locked=&#8221;off&#8221; global_colors_info=&#8221;{}&#8221;]<\/p>\n<div class=\"et_pb_column et_pb_column_1_2 et_pb_column_0  et_pb_css_mix_blend_mode_passthrough\">\n<div class=\"et_pb_module et_pb_text et_pb_text_0  et_pb_text_align_left et_pb_bg_layout_light\">\n<div class=\"et_pb_text_inner\">\n<h2><span data-sheets-value=\"{&quot;1&quot;:2,&quot;2&quot;:&quot;I SALUMI sono la vita!&quot;}\" data-sheets-userformat=\"{&quot;2&quot;:513,&quot;3&quot;:{&quot;1&quot;:0},&quot;12&quot;:0}\">I\u00a0<\/span><strong>SALUMI\u00a0<\/strong><span data-sheets-value=\"{&quot;1&quot;:2,&quot;2&quot;:&quot;I SALUMI sono la vita!&quot;}\" data-sheets-userformat=\"{&quot;2&quot;:513,&quot;3&quot;:{&quot;1&quot;:0},&quot;12&quot;:0}\">sono la vita!<\/span><\/h2>\n<\/div>\n<\/div>\n<\/div>\n<p>[\/et_pb_text][et_pb_text _builder_version=&#8221;4.16&#8243; _module_preset=&#8221;default&#8221; custom_margin=&#8221;-20px||||false|false&#8221; locked=&#8221;off&#8221; global_colors_info=&#8221;{}&#8221;]<a class=\"custom-link\" href=\"https:\/\/mafondue.ch\/it\/salumi\/\">Scopri &gt;<\/a>[\/et_pb_text][\/et_pb_column][\/et_pb_row][\/et_pb_section][et_pb_section fb_built=&#8221;1&#8243; module_class=&#8221;light-section poya-black&#8221; _builder_version=&#8221;4.16&#8243; _module_preset=&#8221;default&#8221; locked=&#8221;off&#8221; global_colors_info=&#8221;{}&#8221;][et_pb_row column_structure=&#8221;1_2,1_2&#8243; _builder_version=&#8221;4.16&#8243; _module_preset=&#8221;default&#8221; link_option_url=&#8221;https:\/\/mafondue.ch\/it\/dolci\/&#8221; global_colors_info=&#8221;{}&#8221;][et_pb_column type=&#8221;1_2&#8243; _builder_version=&#8221;4.16&#8243; _module_preset=&#8221;default&#8221; global_colors_info=&#8221;{}&#8221;][et_pb_text _builder_version=&#8221;4.16&#8243; _module_preset=&#8221;default&#8221; locked=&#8221;off&#8221; global_colors_info=&#8221;{}&#8221;]<\/p>\n<div class=\"et_pb_column et_pb_column_1_2 et_pb_column_0  et_pb_css_mix_blend_mode_passthrough\">\n<div class=\"et_pb_module et_pb_text et_pb_text_0  et_pb_text_align_left et_pb_bg_layout_light\">\n<div class=\"et_pb_text_inner\">\n<h2><span data-sheets-value=\"{&quot;1&quot;:2,&quot;2&quot;:&quot;La DOLCE vita !&quot;}\" data-sheets-userformat=\"{&quot;2&quot;:513,&quot;3&quot;:{&quot;1&quot;:0},&quot;12&quot;:0}\">La\u00a0<\/span><strong>DOLCE\u00a0<\/strong><span data-sheets-value=\"{&quot;1&quot;:2,&quot;2&quot;:&quot;La DOLCE vita !&quot;}\" data-sheets-userformat=\"{&quot;2&quot;:513,&quot;3&quot;:{&quot;1&quot;:0},&quot;12&quot;:0}\">vita !<\/span><\/h2>\n<\/div>\n<\/div>\n<\/div>\n<p>[\/et_pb_text][et_pb_text _builder_version=&#8221;4.16&#8243; _module_preset=&#8221;default&#8221; custom_margin=&#8221;-20px||||false|false&#8221; locked=&#8221;off&#8221; global_colors_info=&#8221;{}&#8221;]<a class=\"custom-link\" href=\"https:\/\/mafondue.ch\/it\/dolci\/\">Scopri &gt;<\/a>[\/et_pb_text][\/et_pb_column][et_pb_column type=&#8221;1_2&#8243; _builder_version=&#8221;4.16&#8243; _module_preset=&#8221;default&#8221; global_colors_info=&#8221;{}&#8221;][et_pb_image src=&#8221;https:\/\/mafondue.ch\/wp-content\/uploads\/2020\/09\/chocolat.jpg&#8221; alt=&#8221;Dessert&#8221; title_text=&#8221;cioccolato&#8221; _builder_version=&#8221;4.16&#8243; _module_preset=&#8221;default&#8221; custom_margin=&#8221;-50px||||false|false&#8221; custom_margin_tablet=&#8221;0px||||false|false&#8221; custom_margin_phone=&#8221;&#8221; custom_margin_last_edited=&#8221;on|tablet&#8221; global_colors_info=&#8221;{}&#8221;][\/et_pb_image][\/et_pb_column][\/et_pb_row][\/et_pb_section]<\/p>\n","protected":false},"excerpt":{"rendered":"<p>\n        <div class=\"left-filter\">\n            <div class=\"tcf-multiple\">\n                <div class=\"selectdiv\">\n\t\t\t\t\t                        <select id=\"tcf-product-category\" class=\"tcf-select filterby\" title=\"Cat\u00e9gories\">\n                            <option value=\"all\"\n                                    class=\"\">Tutte le categorie<\/option>\n\t\t\t\t\t\t\t                        <\/select>\n\t\t\t\t\t\n                <\/div>\n            <\/div>\n        <\/div>\n\n        <div class=\"right-filter\">\n            <span id=\"articles-number\">6articoli<\/span>\n            <span> | Ordinare: <\/span>\n            <select id=\"tcf-product-sorting\" class=\"tcf-select filterby\">\n                <option selected=\"selected\" value=\"price_asc\"\n                        class=\"\">Prezzo crescente<\/option>\n                <option value=\"price_desc\" class=\"\">Prezzo decrescente<\/option>\n                <option value=\"name\" class=\"\">Ordine alfabetico<\/option>\n            <\/select>\n\n\n        <\/div>\n\n\t\t    <!-- end of the filter section -->\n\n\n    <div class=\"min-height \" id=\"productsContainer\">\n\n        <div class=\"no-products\">\n            <h2>Nessun prodotto corrisponde alla tua ricerca<\/h2>\n        <\/div>\n\t\t\n                <!-- loop of our item -->\n                <div class=\"article-item all  black-friday-it fondue-it fondue-meta-meta-400g fondue-moitie-moitie-it promotion-it\"\n                     data-price=\"13.20\"\n                     data-name=\"Fondue Moiti\u00e9-Moiti\u00e9 de la Gruy\u00e8re | 400g\"\n                     data-sales=\"14210\"\n                >\n                    <a class=\"article-img\" href=\"https:\/\/mafondue.ch\/it\/prodotto\/fondue-moitie-moitie-400g\/\">\n                        <img decoding=\"async\" src=\"https:\/\/mafondue.ch\/wp-content\/uploads\/2020\/08\/fondue-de-la-gruyere_hd-scaled.png\" alt=\"Fondue Moiti\u00e9-Moiti\u00e9 de la Gruy\u00e8re | 400g\"\/>\n                    <\/a>\n                    <!-- <a class=\"add-to-cart-custom\" data-id=\"30234\"> -->\n                    <a href=\"\/it\/wp-json\/wp\/v2\/pages\/62289?add-to-cart=30234\" class=\"tooltip-product\">\n                        <i class=\"cart-icon\"><\/i>\n                        <span class=\"tooltiptext\">Aggiungi al carrello<\/span>\n                    <\/a>\n                    <a href=\"\/it\/wp-json\/wp\/v2\/pages\/62289?add_to_wishlist=30234\" class=\"tooltip-product favorite-link\">\n                        <i class=\"fav-icon\"><\/i>\n                        <span class=\"tooltiptext tooltiptext-fav\">Aggiungi ai preferiti<\/span>\n                    <\/a>\n                    <div class=\"article-content\">\n                        <span class=\"article-price\"><span class=\"woocommerce-Price-amount amount\"><bdi>13.20&nbsp;<span class=\"woocommerce-Price-currencySymbol\">&#67;&#72;&#70;<\/span><\/bdi><\/span><\/span>\n                        <h3>Fondue Moiti\u00e9-Moiti\u00e9 de la Gruy\u00e8re | 400g<\/h3>\n                    <\/div>\n                <\/div>\n\n\n\t\t\t\t\n                <!-- loop of our item -->\n                <div class=\"article-item all  black-friday-it fondue-it fondue-meta-meta-400g fondue-moitie-moitie-it promotion-it\"\n                     data-price=\"14.50\"\n                     data-name=\"Fondue Rochat | 400g\"\n                     data-sales=\"5628\"\n                >\n                    <a class=\"article-img\" href=\"https:\/\/mafondue.ch\/it\/prodotto\/fondue-p-rochat\/\">\n                        <img decoding=\"async\" src=\"https:\/\/mafondue.ch\/wp-content\/uploads\/2020\/08\/fondue-rochat_hd-scaled.png\" alt=\"Fondue Rochat | 400g\"\/>\n                    <\/a>\n                    <!-- <a class=\"add-to-cart-custom\" data-id=\"30233\"> -->\n                    <a href=\"\/it\/wp-json\/wp\/v2\/pages\/62289?add-to-cart=30233\" class=\"tooltip-product\">\n                        <i class=\"cart-icon\"><\/i>\n                        <span class=\"tooltiptext\">Aggiungi al carrello<\/span>\n                    <\/a>\n                    <a href=\"\/it\/wp-json\/wp\/v2\/pages\/62289?add_to_wishlist=30233\" class=\"tooltip-product favorite-link\">\n                        <i class=\"fav-icon\"><\/i>\n                        <span class=\"tooltiptext tooltiptext-fav\">Aggiungi ai preferiti<\/span>\n                    <\/a>\n                    <div class=\"article-content\">\n                        <span class=\"article-price\"><span class=\"woocommerce-Price-amount amount\"><bdi>14.50&nbsp;<span class=\"woocommerce-Price-currencySymbol\">&#67;&#72;&#70;<\/span><\/bdi><\/span><\/span>\n                        <h3>Fondue Rochat | 400g<\/h3>\n                    <\/div>\n                <\/div>\n\n\n\t\t\t\t\n                <!-- loop of our item -->\n                <div class=\"article-item all  black-friday-it fondue-it fondue-meta-meta-400g fondue-moitie-moitie-it\"\n                     data-price=\"11\"\n                     data-name=\"Fonduta svizzera Moiti\u00e9-Moiti\u00e9 | 400 g\"\n                     data-sales=\"2677\"\n                >\n                    <a class=\"article-img\" href=\"https:\/\/mafondue.ch\/it\/prodotto\/fondue-moitie-moitie-suisse-400g-offre\/\">\n                        <img decoding=\"async\" src=\"https:\/\/mafondue.ch\/wp-content\/uploads\/2025\/10\/1.png\" alt=\"Fonduta svizzera Moiti\u00e9-Moiti\u00e9 | 400 g\"\/>\n                    <\/a>\n                    <!-- <a class=\"add-to-cart-custom\" data-id=\"237402\"> -->\n                    <a href=\"\/it\/wp-json\/wp\/v2\/pages\/62289?add-to-cart=237402\" class=\"tooltip-product\">\n                        <i class=\"cart-icon\"><\/i>\n                        <span class=\"tooltiptext\">Aggiungi al carrello<\/span>\n                    <\/a>\n                    <a href=\"\/it\/wp-json\/wp\/v2\/pages\/62289?add_to_wishlist=237402\" class=\"tooltip-product favorite-link\">\n                        <i class=\"fav-icon\"><\/i>\n                        <span class=\"tooltiptext tooltiptext-fav\">Aggiungi ai preferiti<\/span>\n                    <\/a>\n                    <div class=\"article-content\">\n                        <span class=\"article-price\"><span class=\"woocommerce-Price-amount amount\"><bdi>11.00&nbsp;<span class=\"woocommerce-Price-currencySymbol\">&#67;&#72;&#70;<\/span><\/bdi><\/span><\/span>\n                        <h3>Fonduta svizzera Moiti\u00e9-Moiti\u00e9 | 400 g<\/h3>\n                    <\/div>\n                <\/div>\n\n\n\t\t\t\t\n                <!-- loop of our item -->\n                <div class=\"article-item all  black-friday-it fondue-it fondue-meta-meta-400g fondue-vacherin-it promotion-it\"\n                     data-price=\"15\"\n                     data-name=\"Fondue VACHERIN AOP | 400g\"\n                     data-sales=\"2478\"\n                >\n                    <a class=\"article-img\" href=\"https:\/\/mafondue.ch\/it\/prodotto\/fondue-vacherin-aop-400g\/\">\n                        <img decoding=\"async\" src=\"https:\/\/mafondue.ch\/wp-content\/uploads\/2020\/08\/Fondue-PurVacherin-400G.png\" alt=\"Fondue VACHERIN AOP | 400g\"\/>\n                    <\/a>\n                    <!-- <a class=\"add-to-cart-custom\" data-id=\"30231\"> -->\n                    <a href=\"\/it\/wp-json\/wp\/v2\/pages\/62289?add-to-cart=30231\" class=\"tooltip-product\">\n                        <i class=\"cart-icon\"><\/i>\n                        <span class=\"tooltiptext\">Aggiungi al carrello<\/span>\n                    <\/a>\n                    <a href=\"\/it\/wp-json\/wp\/v2\/pages\/62289?add_to_wishlist=30231\" class=\"tooltip-product favorite-link\">\n                        <i class=\"fav-icon\"><\/i>\n                        <span class=\"tooltiptext tooltiptext-fav\">Aggiungi ai preferiti<\/span>\n                    <\/a>\n                    <div class=\"article-content\">\n                        <span class=\"article-price\"><span class=\"woocommerce-Price-amount amount\"><bdi>15.00&nbsp;<span class=\"woocommerce-Price-currencySymbol\">&#67;&#72;&#70;<\/span><\/bdi><\/span><\/span>\n                        <h3>Fondue VACHERIN AOP | 400g<\/h3>\n                    <\/div>\n                <\/div>\n\n\n\t\t\t\t\n                <!-- loop of our item -->\n                <div class=\"article-item all  black-friday-it collection-it edgar-it fondue-it fondue-moitie-moitie-it promotion-it\"\n                     data-price=\"16.80\"\n                     data-name=\"Fondue EDGARD COLLECTION\"\n                     data-sales=\"2255\"\n                >\n                    <a class=\"article-img\" href=\"https:\/\/mafondue.ch\/it\/prodotto\/fondue-edgard-collection\/\">\n                        <img decoding=\"async\" src=\"https:\/\/mafondue.ch\/wp-content\/uploads\/2020\/08\/A1BB4583-DE2B-4D38-A758-36FB26D321C3.png\" alt=\"Fondue EDGARD COLLECTION\"\/>\n                    <\/a>\n                    <!-- <a class=\"add-to-cart-custom\" data-id=\"30229\"> -->\n                    <a href=\"\/it\/wp-json\/wp\/v2\/pages\/62289?add-to-cart=30229\" class=\"tooltip-product\">\n                        <i class=\"cart-icon\"><\/i>\n                        <span class=\"tooltiptext\">Aggiungi al carrello<\/span>\n                    <\/a>\n                    <a href=\"\/it\/wp-json\/wp\/v2\/pages\/62289?add_to_wishlist=30229\" class=\"tooltip-product favorite-link\">\n                        <i class=\"fav-icon\"><\/i>\n                        <span class=\"tooltiptext tooltiptext-fav\">Aggiungi ai preferiti<\/span>\n                    <\/a>\n                    <div class=\"article-content\">\n                        <span class=\"article-price\"><span class=\"woocommerce-Price-amount amount\"><bdi>16.80&nbsp;<span class=\"woocommerce-Price-currencySymbol\">&#67;&#72;&#70;<\/span><\/bdi><\/span><\/span>\n                        <h3>Fondue EDGARD COLLECTION<\/h3>\n                    <\/div>\n                <\/div>\n\n\n\t\t\t\t\n                <!-- loop of our item -->\n                <div class=\"article-item all  black-friday-it fondue-it fondue-vacherin-it promotion-it\"\n                     data-price=\"22.50\"\n                     data-name=\"Fondue VACHERIN AOP 600g\"\n                     data-sales=\"1056\"\n                >\n                    <a class=\"article-img\" href=\"https:\/\/mafondue.ch\/it\/prodotto\/fondue-vacherin-aop-600g\/\">\n                        <img decoding=\"async\" src=\"https:\/\/mafondue.ch\/wp-content\/uploads\/2020\/08\/Fondue-PurVacherin-600G.png\" alt=\"Fondue VACHERIN AOP 600g\"\/>\n                    <\/a>\n                    <!-- <a class=\"add-to-cart-custom\" data-id=\"30232\"> -->\n                    <a href=\"\/it\/wp-json\/wp\/v2\/pages\/62289?add-to-cart=30232\" class=\"tooltip-product\">\n                        <i class=\"cart-icon\"><\/i>\n                        <span class=\"tooltiptext\">Aggiungi al carrello<\/span>\n                    <\/a>\n                    <a href=\"\/it\/wp-json\/wp\/v2\/pages\/62289?add_to_wishlist=30232\" class=\"tooltip-product favorite-link\">\n                        <i class=\"fav-icon\"><\/i>\n                        <span class=\"tooltiptext tooltiptext-fav\">Aggiungi ai preferiti<\/span>\n                    <\/a>\n                    <div class=\"article-content\">\n                        <span class=\"article-price\"><span class=\"woocommerce-Price-amount amount\"><bdi>22.50&nbsp;<span class=\"woocommerce-Price-currencySymbol\">&#67;&#72;&#70;<\/span><\/bdi><\/span><\/span>\n                        <h3>Fondue VACHERIN AOP 600g<\/h3>\n                    <\/div>\n                <\/div>\n\n\n\t\t\t\t    <\/div>\n\t I\u00a0SALUMI\u00a0sono la vita! Scopri &gt; La\u00a0DOLCE\u00a0vita ! Scopri &gt;<\/p>\n","protected":false},"author":12027,"featured_media":0,"parent":0,"menu_order":0,"comment_status":"closed","ping_status":"closed","template":"","meta":{"_et_pb_use_builder":"on","_et_pb_old_content":"","_et_gb_content_width":"","footnotes":""},"class_list":["post-62289","page","type-page","status-publish","hentry"],"_links":{"self":[{"href":"https:\/\/mafondue.ch\/it\/wp-json\/wp\/v2\/pages\/62289","targetHints":{"allow":["GET"]}}],"collection":[{"href":"https:\/\/mafondue.ch\/it\/wp-json\/wp\/v2\/pages"}],"about":[{"href":"https:\/\/mafondue.ch\/it\/wp-json\/wp\/v2\/types\/page"}],"author":[{"embeddable":true,"href":"https:\/\/mafondue.ch\/it\/wp-json\/wp\/v2\/users\/12027"}],"replies":[{"embeddable":true,"href":"https:\/\/mafondue.ch\/it\/wp-json\/wp\/v2\/comments?post=62289"}],"version-history":[{"count":3,"href":"https:\/\/mafondue.ch\/it\/wp-json\/wp\/v2\/pages\/62289\/revisions"}],"predecessor-version":[{"id":238786,"href":"https:\/\/mafondue.ch\/it\/wp-json\/wp\/v2\/pages\/62289\/revisions\/238786"}],"wp:attachment":[{"href":"https:\/\/mafondue.ch\/it\/wp-json\/wp\/v2\/media?parent=62289"}],"curies":[{"name":"wp","href":"https:\/\/api.w.org\/{rel}","templated":true}]}}