

{"id":63175,"date":"2023-01-09T15:49:37","date_gmt":"2023-01-09T14:49:37","guid":{"rendered":"https:\/\/mafondue.ch\/?page_id=63175"},"modified":"2023-01-09T16:35:57","modified_gmt":"2023-01-09T15:35:57","slug":"fondue-hc-prilly","status":"publish","type":"page","link":"https:\/\/mafondue.ch\/it\/fondue-hc-prilly\/","title":{"rendered":"Fondue HC Prilly"},"content":{"rendered":"<p>[et_pb_section fb_built=&#8221;1&#8243; module_class=&#8221;dark-section&#8221; _builder_version=&#8221;4.5.7&#8243; _module_preset=&#8221;default&#8221; background_enable_color=&#8221;off&#8221; background_image=&#8221;https:\/\/mafondue.ch\/wp-content\/uploads\/2022\/09\/hcprilly-banner-2022.jpg&#8221; min_height=&#8221;350px&#8221;][et_pb_row column_structure=&#8221;1_2,1_2&#8243; _builder_version=&#8221;4.5.1&#8243; _module_preset=&#8221;default&#8221;][et_pb_column type=&#8221;1_2&#8243; _builder_version=&#8221;4.5.1&#8243; _module_preset=&#8221;default&#8221;][\/et_pb_column][et_pb_column type=&#8221;1_2&#8243; _builder_version=&#8221;4.5.1&#8243; _module_preset=&#8221;default&#8221;][\/et_pb_column][\/et_pb_row][\/et_pb_section][et_pb_section fb_built=&#8221;1&#8243; module_class=&#8221;light-section&#8221; _builder_version=&#8221;4.5.7&#8243; _module_preset=&#8221;default&#8221; custom_padding=&#8221;||6px|||&#8221; locked=&#8221;off&#8221;][et_pb_row _builder_version=&#8221;4.5.1&#8243; _module_preset=&#8221;default&#8221; custom_padding=&#8221;||0px|||&#8221;][et_pb_column type=&#8221;4_4&#8243; _builder_version=&#8221;4.5.1&#8243; _module_preset=&#8221;default&#8221;][et_pb_text _builder_version=&#8221;4.5.7&#8243; _module_preset=&#8221;default&#8221; text_orientation=&#8221;center&#8221; width=&#8221;60%&#8221; width_tablet=&#8221;100%&#8221; width_phone=&#8221;&#8221; width_last_edited=&#8221;on|phone&#8221; module_alignment=&#8221;center&#8221; custom_padding=&#8221;||0px|||&#8221; module_alignment_last_edited=&#8221;off|desktop&#8221;]<\/p>\n<h2><span style=\"color: #000000;\">FONDUE HC Prilly<\/span><\/h2>\n<div class=\"page\" title=\"Page 4\">\n<div class=\"section\">\n<div class=\"layoutArea\">\n<div class=\"column\">\n<p>&nbsp;<\/p>\n<\/div>\n<\/div>\n<\/div>\n<\/div>\n<p>[\/et_pb_text][\/et_pb_column][\/et_pb_row][et_pb_row column_structure=&#8221;1_2,1_2&#8243; _builder_version=&#8221;4.5.7&#8243; _module_preset=&#8221;default&#8221; width=&#8221;100%&#8221;][et_pb_column type=&#8221;1_2&#8243; _builder_version=&#8221;4.5.7&#8243; _module_preset=&#8221;default&#8221;][et_pb_image src=&#8221;https:\/\/mafondue.ch\/wp-content\/uploads\/2022\/09\/Logo_HCPrilly_sanspics_Broderie.png&#8221; title_text=&#8221;Logo_HCPrilly_sanspics_Broderie&#8221; align=&#8221;center&#8221; _builder_version=&#8221;4.5.7&#8243; _module_preset=&#8221;default&#8221; width=&#8221;82%&#8221; max_width=&#8221;78%&#8221;][\/et_pb_image][\/et_pb_column][et_pb_column type=&#8221;1_2&#8243; _builder_version=&#8221;4.5.7&#8243; _module_preset=&#8221;default&#8221;][et_pb_text _builder_version=&#8221;4.5.7&#8243; _module_preset=&#8221;default&#8221; text_orientation=&#8221;center&#8221; width=&#8221;100%&#8221; width_tablet=&#8221;100%&#8221; width_phone=&#8221;&#8221; width_last_edited=&#8221;on|phone&#8221; module_alignment=&#8221;center&#8221; custom_margin=&#8221;||||false|false&#8221; custom_padding=&#8221;||||false|false&#8221; module_alignment_last_edited=&#8221;off|desktop&#8221;]<\/p>\n<p style=\"text-align: left;\"><strong><span color=\"#333333\" style=\"color: #333333;\"><b><i>Hey salut !<\/i><\/b><\/span><\/strong><\/p>\n<p style=\"text-align: left;\">Le HC Prilly Black Panthers lance sa vente de fondue d\u00e8s aujourd\u2019hui et jusqu\u2019\u00e0 fin mars pour que tu puisses commander et inviter tes amis tous l\u2019hiver \ud83d\ude0a<\/p>\n<p style=\"text-align: left;\">Nos Panth\u00e8res sont parties chasser les meilleurs fromages Fribourgeois pour te proposer la meilleure des fondues, la \u00abBLACK P\u00bb.<\/p>\n<p style=\"text-align: left;\">Sa recette reste un grand myst\u00e8re mais il se murmure dans les couloirs de la Vaudoise ar\u00e9na que cette fameuse fondue contiendrait peut-\u00eatre un ingr\u00e9dient secret, du lait de panth\u00e8re\u2026\u2026. \ud83e\udd14\ud83e\udd14\ud83e\udd14<br \/> <b><i><br \/> Soutiens-nous et commande ta fondue !<\/i><\/b><\/p>\n<p style=\"text-align: left;\">\n[\/et_pb_text][\/et_pb_column][\/et_pb_row][\/et_pb_section][et_pb_section fb_built=&#8221;1&#8243; module_class=&#8221;light-section poya-black&#8221; _builder_version=&#8221;4.5.7&#8243; _module_preset=&#8221;default&#8221; custom_padding=&#8221;||6px|||&#8221; locked=&#8221;off&#8221;][et_pb_row column_structure=&#8221;1_4,1_4,1_2&#8243; _builder_version=&#8221;4.5.7&#8243; _module_preset=&#8221;default&#8221; custom_margin=&#8221;0px||0px||false|false&#8221; custom_padding=&#8221;0px||2px||false|false&#8221;][et_pb_column type=&#8221;1_4&#8243; _builder_version=&#8221;4.5.1&#8243; _module_preset=&#8221;default&#8221;][et_pb_image src=&#8221;https:\/\/mafondue.ch\/wp-content\/uploads\/2022\/09\/HC_PRILLY_WEB.png&#8221; title_text=&#8221;HC_PRILLY_WEB&#8221; _builder_version=&#8221;4.5.7&#8243; _module_preset=&#8221;default&#8221;][\/et_pb_image][et_pb_text _builder_version=&#8221;4.5.7&#8243; _module_preset=&#8221;default&#8221; text_orientation=&#8221;center&#8221; width=&#8221;60%&#8221; width_tablet=&#8221;100%&#8221; width_phone=&#8221;&#8221; width_last_edited=&#8221;on|phone&#8221; module_alignment=&#8221;center&#8221; custom_margin=&#8221;||||false|false&#8221; custom_padding=&#8221;||||false|false&#8221; module_alignment_last_edited=&#8221;off|desktop&#8221;]<\/p>\n<p style=\"text-align: center;\"><strong>1 pacchetto<\/strong><\/p>\n<p style=\"text-align: center;\">CHF 16.-<\/p>\n<p>[\/et_pb_text][\/et_pb_column][et_pb_column type=&#8221;1_4&#8243; _builder_version=&#8221;4.5.1&#8243; _module_preset=&#8221;default&#8221;][et_pb_image src=&#8221;https:\/\/mafondue.ch\/wp-content\/uploads\/2022\/09\/HC_PRILLY_WEB-2pack.png&#8221; title_text=&#8221;HC_PRILLY_WEB-2pack&#8221; _builder_version=&#8221;4.5.7&#8243; _module_preset=&#8221;default&#8221;][\/et_pb_image][et_pb_text _builder_version=&#8221;4.5.7&#8243; _module_preset=&#8221;default&#8221; text_orientation=&#8221;center&#8221; width=&#8221;60%&#8221; width_tablet=&#8221;100%&#8221; width_phone=&#8221;&#8221; width_last_edited=&#8221;on|phone&#8221; module_alignment=&#8221;center&#8221; custom_margin=&#8221;||||false|false&#8221; custom_padding=&#8221;||||false|false&#8221; module_alignment_last_edited=&#8221;off|desktop&#8221;]<\/p>\n<p style=\"text-align: center;\"><strong>Da 2 confezioni<\/strong><\/p>\n<p style=\"text-align: center;\">CHF 15.-\/pacchetto<\/p>\n<p>[\/et_pb_text][\/et_pb_column][et_pb_column type=&#8221;1_2&#8243; _builder_version=&#8221;4.5.7&#8243; _module_preset=&#8221;default&#8221; custom_css_main_element=&#8221;align-self: center;&#8221;][et_pb_wc_add_to_cart product=&#8221;63184&#8243; _builder_version=&#8221;4.5.7&#8243; _module_preset=&#8221;default&#8221;][\/et_pb_wc_add_to_cart][\/et_pb_column][\/et_pb_row][et_pb_row _builder_version=&#8221;4.5.7&#8243; _module_preset=&#8221;default&#8221;][et_pb_column type=&#8221;4_4&#8243; _builder_version=&#8221;4.5.7&#8243; _module_preset=&#8221;default&#8221;][et_pb_text _builder_version=&#8221;4.5.7&#8243; _module_preset=&#8221;default&#8221; text_orientation=&#8221;center&#8221; width=&#8221;100%&#8221; width_tablet=&#8221;100%&#8221; width_phone=&#8221;&#8221; width_last_edited=&#8221;on|phone&#8221; module_alignment=&#8221;center&#8221; custom_margin=&#8221;||||false|false&#8221; custom_padding=&#8221;||||false|false&#8221; module_alignment_last_edited=&#8221;off|desktop&#8221;]<\/p>\n<p style=\"text-align: left;\"><strong>INGREDIENTI:<\/strong>\u00a049% formaggio a pasta dura a latte crudo (Svizzera), 49% formaggio intero a pasta semidura a latte termizzato (Svizzera), 2% amido e aglio.<\/p>\n<p>Conservare al massimo + 5 \u00b0 C. Confezionato in un\u2019atmosfera protettiva. Sotto il congelamento (da conservare a -18 \u00b0 C), la data di scadenza \u00e8 prorogata di 6 mesi. Da consumare fino a (vedere la data sul sacchetto)<\/p>\n<p><strong>VALORI MEDIO NUTRIENTI 100G:<\/strong>\u00a0Energia 1590Kj (380kcal); Lipidi 30g, compresi acidi grassi saturi 18g; Carboidrati 0g, cui 0 g di zuccheri; Fibra alimentare 0g; Proteina 28g; Sale 1.5g.<\/p>\n<p>[\/et_pb_text][\/et_pb_column][\/et_pb_row][et_pb_row column_structure=&#8221;1_3,1_3,1_3&#8243; _builder_version=&#8221;4.5.7&#8243; _module_preset=&#8221;default&#8221; custom_margin=&#8221;0px||0px||false|false&#8221; custom_padding=&#8221;0px||150px||false|false&#8221;][et_pb_column type=&#8221;1_3&#8243; _builder_version=&#8221;4.5.1&#8243; _module_preset=&#8221;default&#8221;][\/et_pb_column][et_pb_column type=&#8221;1_3&#8243; _builder_version=&#8221;4.5.1&#8243; _module_preset=&#8221;default&#8221;][\/et_pb_column][et_pb_column type=&#8221;1_3&#8243; _builder_version=&#8221;4.5.1&#8243; _module_preset=&#8221;default&#8221;][\/et_pb_column][\/et_pb_row][\/et_pb_section]<\/p>\n","protected":false},"excerpt":{"rendered":"<p>FONDUE HC Prilly &nbsp; Hey salut ! Le HC Prilly Black Panthers lance sa vente de fondue d\u00e8s aujourd\u2019hui et jusqu\u2019\u00e0 fin mars pour que tu puisses commander et inviter tes amis tous l\u2019hiver \ud83d\ude0a Nos Panth\u00e8res sont parties chasser les meilleurs fromages Fribourgeois pour te proposer la meilleure des fondues, la \u00abBLACK P\u00bb. Sa [&hellip;]<\/p>\n","protected":false},"author":12027,"featured_media":0,"parent":0,"menu_order":0,"comment_status":"closed","ping_status":"closed","template":"","meta":{"_et_pb_use_builder":"on","_et_pb_old_content":"","_et_gb_content_width":"","footnotes":""},"class_list":["post-63175","page","type-page","status-publish","hentry"],"_links":{"self":[{"href":"https:\/\/mafondue.ch\/it\/wp-json\/wp\/v2\/pages\/63175","targetHints":{"allow":["GET"]}}],"collection":[{"href":"https:\/\/mafondue.ch\/it\/wp-json\/wp\/v2\/pages"}],"about":[{"href":"https:\/\/mafondue.ch\/it\/wp-json\/wp\/v2\/types\/page"}],"author":[{"embeddable":true,"href":"https:\/\/mafondue.ch\/it\/wp-json\/wp\/v2\/users\/12027"}],"replies":[{"embeddable":true,"href":"https:\/\/mafondue.ch\/it\/wp-json\/wp\/v2\/comments?post=63175"}],"version-history":[{"count":0,"href":"https:\/\/mafondue.ch\/it\/wp-json\/wp\/v2\/pages\/63175\/revisions"}],"wp:attachment":[{"href":"https:\/\/mafondue.ch\/it\/wp-json\/wp\/v2\/media?parent=63175"}],"curies":[{"name":"wp","href":"https:\/\/api.w.org\/{rel}","templated":true}]}}