

{"id":30228,"date":"2020-08-18T10:05:09","date_gmt":"2020-08-18T08:05:09","guid":{"rendered":"https:\/\/mafondue.ch\/produit\/fondue-capra-il-cabriolle-250g\/"},"modified":"2025-11-27T18:14:50","modified_gmt":"2025-11-27T17:14:50","slug":"fondue-capra-il-cabriolle-250g","status":"publish","type":"product","link":"https:\/\/mafondue.ch\/it\/prodotto\/fondue-capra-il-cabriolle-250g\/","title":{"rendered":"Fonduta di capra \u201cLa Cabriolle\u201d | 250 g"},"content":{"rendered":"<p><strong>Fondue Cabriolle \u2013 250 g<br \/>\nper 1 persona<\/strong><\/p>\n<p>Una fondue di puro formaggio di capra. Prodotto a Gruy\u00e8re. Meravigliosamente aromatica e pastosa, dal sapore delicato, la fonduta La Cabriolle du L\u00e9vanchy \u00e8 gustosa e facilmente digeribile. Autentico prodotto tradizionale della regione del Gruy\u00e8re, La Cabriolle du L\u00e9vanchy \u00e8 un accompagnamento delicato per pane, patate e uva fresca. I nostri formaggi di pura capra garantiti sono stagionati esclusivamente per Cabriolle e provengono dall&#8217;alpeggio di L\u00e9vanchy a Grandvillard. Facile da usare, La Cabriolle pu\u00f2 essere preparata in pochi minuti.<\/p>\n<p><strong>INGREDIENTI: <\/strong>Formaggio svizzero di capra a pasta semidura e mediamente grassa, prodotto con <strong>LATTE<\/strong> pastorizzato, acqua, sale di ghisa (E452\/E339\/E331).<\/p>\n<p><strong>STOCCAGGIO<\/strong>: max. +5\u00b0C. Confezionato in atmosfera protettiva. Se congelato (conservare a -18\u00b0C), la data di scadenza \u00e8 prolungata di 6 mesi. Consumare entro (vedi data sulla confezione).<\/p>\n<p>V<strong>ALORI NUTRITIVI MEDI 100G<\/strong>: Energia 1457Kj (350kcal); Grassi 26g, di cui acidi grassi saturi 13g; Carboidrati 16g, di cui zuccheri 2,1g; Fibra alimentare 0g; Proteine 14g; Sale 0,4g.<\/p>\n<p><strong>CONSEGNE E RESTITUZIONI:<\/strong> Le consegne vengono effettuate dalla Posta Svizzera. Cliccate <a href=\"https:\/\/mafondue.ch\/it\/termini-condizioni\/\">qui <\/a> per vedere i diversi metodi di consegna, i tempi e i costi di consegna.  Consegniamo i nostri prodotti solo in Svizzera. Le informazioni contrattuali saranno confermate via e-mail all&#8217;indirizzo da voi indicato. Si prega di controllare tutti i dettagli relativi all&#8217;ordine. In caso di problemi, vi preghiamo di <a href=\"https:\/\/mafondue.ch\/it\/chi-siamo\/\">contattarci<\/a> il prima possibile.   <\/p>\n<p>&nbsp;<\/p>\n","protected":false},"excerpt":{"rendered":"<p>Una fondue di puro formaggio di capra. Prodotta a Gruy\u00e8re.<br \/>\nMeravigliosamente aromatica e pastosa, dal sapore delicato, la fonduta La Cabriolle du L\u00e9vanchy \u00e8 gustosa e facilmente digeribile.<br \/>\nAutentica e tradizionale, proveniente dalla regione del Gruy\u00e8re, La Cabriolle du L\u00e9vanchy si abbina con gusto a pane, patate e uva fresca.<\/p>\n<p>Per <img loading=\"lazy\" decoding=\"async\" src=\"https:\/\/mafondue.ch\/skin\/frontend\/base\/default\/images\/pictoPersonne.png\" width=\"12\" height=\"28\"> persona\/e<\/p>\n","protected":false},"featured_media":35605,"comment_status":"closed","ping_status":"closed","template":"","meta":{"_et_pb_use_builder":"","_et_pb_old_content":"","_et_gb_content_width":""},"product_brand":[],"product_cat":[82,84],"product_tag":[],"class_list":{"0":"post-30228","1":"product","2":"type-product","3":"status-publish","4":"has-post-thumbnail","6":"product_cat-fondue-it","7":"product_cat-fondue-chevre-it","8":"product_shipping_class-produits-it","10":"first","11":"instock","12":"taxable","13":"shipping-taxable","14":"purchasable","15":"product-type-simple"},"_links":{"self":[{"href":"https:\/\/mafondue.ch\/it\/wp-json\/wp\/v2\/product\/30228","targetHints":{"allow":["GET"]}}],"collection":[{"href":"https:\/\/mafondue.ch\/it\/wp-json\/wp\/v2\/product"}],"about":[{"href":"https:\/\/mafondue.ch\/it\/wp-json\/wp\/v2\/types\/product"}],"replies":[{"embeddable":true,"href":"https:\/\/mafondue.ch\/it\/wp-json\/wp\/v2\/comments?post=30228"}],"wp:featuredmedia":[{"embeddable":true,"href":"https:\/\/mafondue.ch\/it\/wp-json\/wp\/v2\/media\/35605"}],"wp:attachment":[{"href":"https:\/\/mafondue.ch\/it\/wp-json\/wp\/v2\/media?parent=30228"}],"wp:term":[{"taxonomy":"product_brand","embeddable":true,"href":"https:\/\/mafondue.ch\/it\/wp-json\/wp\/v2\/product_brand?post=30228"},{"taxonomy":"product_cat","embeddable":true,"href":"https:\/\/mafondue.ch\/it\/wp-json\/wp\/v2\/product_cat?post=30228"},{"taxonomy":"product_tag","embeddable":true,"href":"https:\/\/mafondue.ch\/it\/wp-json\/wp\/v2\/product_tag?post=30228"}],"curies":[{"name":"wp","href":"https:\/\/api.w.org\/{rel}","templated":true}]}}