

{"id":30229,"date":"2020-08-18T17:01:37","date_gmt":"2020-08-18T15:01:37","guid":{"rendered":"https:\/\/mafondue.ch\/produit\/fondue-edgard-collection\/"},"modified":"2026-01-23T14:42:16","modified_gmt":"2026-01-23T13:42:16","slug":"fondue-edgard-collection","status":"publish","type":"product","link":"https:\/\/mafondue.ch\/it\/prodotto\/fondue-edgard-collection\/","title":{"rendered":"Fondue EDGARD COLLECTION"},"content":{"rendered":"<p><strong>Fondue Edgard Collection\u2013 400g<br \/>\nper 2 persone <\/strong><\/p>\n<p>Fonduta preparata dal famoso <strong>chef stellato Edgard Bovier<\/strong> in collaborazione con MaFondue. Questa creazione culinaria \u00e8 caratterizzata da tre formaggi eccezionali: Vacherin Fribourgeois DOP, Gruy\u00e8re DOP ed Etivaz DOP. Originario del Vallese, Edgard Bovier ha lavorato in strutture prestigiose come Le Palace di Losanna, il Palace di Saint-Moritz e L&#8217;Ermitage di K\u00fcsnacht. A febbraio 2019 aprir\u00e0 nuovamente il ristorante Cerf a Rougemont e, per l&#8217;occasione, collaborer\u00e0 con MaFondue e il suo Mastro Casaro per creare due nuove fondute, tra cui quella qui presentata: Fonduta EDGARD COLLECTION. Il design innovativo della confezione \u00e8 stato affidato a una giovane artista affermata, Luna Ribes. Siamo orgogliosi di far parte di questo magnifico progetto. Da gustare senza moderazione&#8230;      <\/p>\n<p><strong>INGREDIENTI:<\/strong> <em>Gruy\u00e8re DOP (formaggio grasso a pasta dura con <strong>LATTE<\/strong> crudo, Svizzera), L&#8217;Etivaz DOP (formaggio grasso a pasta dura con <strong>LATTE<\/strong> crudo, Svizzera), Vacherin Fribourgeois DOP (formaggio grasso a pasta semidura con <strong>LATTE<\/strong> termizzato, Svizzera). Prodotto svizzero.<\/em><\/p>\n<p><strong>STOCCAGGIO<\/strong>: max. +5\u00b0C. Confezionato in atmosfera protettiva. Se congelato (conservare a -18\u00b0C), la data di scadenza \u00e8 prolungata di 6 mesi. Consumare entro (vedi data sulla confezione).<\/p>\n<p><strong>VALORI NUTRITIVI MEDI 100g<\/strong>: Energia 1590Kj (380kcal); Grassi 30g, di cui acidi grassi saturi 18g; Carboidrati 0g, di cui zuccheri 0g; Fibra alimentare 0g; Proteine 28g; Sale 1,5g.<\/p>\n<p><strong>CONSEGNE E RESTITUZIONI:<\/strong> Le consegne vengono effettuate dalla Posta Svizzera. Cliccate <a href=\"https:\/\/mafondue.ch\/it\/termini-condizioni\/\">qui <\/a> per vedere i diversi metodi di consegna, i tempi e i costi di consegna.  Consegniamo i nostri prodotti solo in Svizzera. Le informazioni contrattuali saranno confermate via e-mail all&#8217;indirizzo da voi indicato. Si prega di controllare tutti i dettagli relativi all&#8217;ordine. In caso di problemi, vi preghiamo di <a href=\"https:\/\/mafondue.ch\/it\/chi-siamo\/\">contattarci<\/a> il prima possibile.   <\/p>\n<p>&nbsp;<\/p>\n","protected":false},"excerpt":{"rendered":"<p><strong>Fondue Edgard Collection\u2013 400g per 2 persone<br \/>\n<\/strong>Fonduta preparata dal famoso <strong>chef stellato Edgard Bovier <\/strong>in collaborazione con MaFondue. Questa creazione culinaria celebra tre formaggi eccezionali: Vacherin Fribourgeois DOP, Gruy\u00e8re DOP ed Etivaz DOP. <\/p>\n","protected":false},"featured_media":49191,"comment_status":"open","ping_status":"closed","template":"","meta":{"_et_pb_use_builder":"","_et_pb_old_content":"","_et_gb_content_width":""},"product_brand":[],"product_cat":[158,77,71,82,85,126],"product_tag":[],"class_list":{"0":"post-30229","1":"product","2":"type-product","3":"status-publish","4":"has-post-thumbnail","6":"product_cat-black-friday-it","7":"product_cat-collection-it","8":"product_cat-edgar-it","9":"product_cat-fondue-it","10":"product_cat-fondue-moitie-moitie-it","11":"product_cat-promotion-it","12":"product_shipping_class-produits-it","14":"first","15":"instock","16":"taxable","17":"shipping-taxable","18":"purchasable","19":"product-type-simple"},"_links":{"self":[{"href":"https:\/\/mafondue.ch\/it\/wp-json\/wp\/v2\/product\/30229","targetHints":{"allow":["GET"]}}],"collection":[{"href":"https:\/\/mafondue.ch\/it\/wp-json\/wp\/v2\/product"}],"about":[{"href":"https:\/\/mafondue.ch\/it\/wp-json\/wp\/v2\/types\/product"}],"replies":[{"embeddable":true,"href":"https:\/\/mafondue.ch\/it\/wp-json\/wp\/v2\/comments?post=30229"}],"wp:featuredmedia":[{"embeddable":true,"href":"https:\/\/mafondue.ch\/it\/wp-json\/wp\/v2\/media\/49191"}],"wp:attachment":[{"href":"https:\/\/mafondue.ch\/it\/wp-json\/wp\/v2\/media?parent=30229"}],"wp:term":[{"taxonomy":"product_brand","embeddable":true,"href":"https:\/\/mafondue.ch\/it\/wp-json\/wp\/v2\/product_brand?post=30229"},{"taxonomy":"product_cat","embeddable":true,"href":"https:\/\/mafondue.ch\/it\/wp-json\/wp\/v2\/product_cat?post=30229"},{"taxonomy":"product_tag","embeddable":true,"href":"https:\/\/mafondue.ch\/it\/wp-json\/wp\/v2\/product_tag?post=30229"}],"curies":[{"name":"wp","href":"https:\/\/api.w.org\/{rel}","templated":true}]}}