

{"id":30233,"date":"2020-08-28T15:33:30","date_gmt":"2020-08-28T13:33:30","guid":{"rendered":"https:\/\/mafondue.ch\/produit\/fondue-p-rochat\/"},"modified":"2025-11-24T13:03:15","modified_gmt":"2025-11-24T12:03:15","slug":"fondue-p-rochat","status":"publish","type":"product","link":"https:\/\/mafondue.ch\/it\/prodotto\/fondue-p-rochat\/","title":{"rendered":"Fondue Rochat | 400g"},"content":{"rendered":"<p><strong>Fondue Rochat \u2013 400g<br \/>\nper 2 persone <\/strong><\/p>\n<p>Una deliziosa miscela di met\u00e0 e met\u00e0 creata dallo chef stellato Philippe Rochat. Siamo lieti di lavorare con voi a questo magnifico progetto.<\/p>\n<p><strong>INGREDIENTI:<\/strong>Gruy\u00e8re AOP (formaggio grasso a pasta dura prodotto con <strong>LATTE<\/strong> crudo, Svizzera), Vacherin Fribourgeois DOP (formaggio grasso semiduro prodotto con <strong>LATTE<\/strong> termizzato, Svizzera), farina di mais, aglio. Prodotto svizzero.<\/p>\n<p><strong>STOCCAGGIO<\/strong>: max. +5\u00b0C. Confezionato in atmosfera protettiva. Se congelato (conservare a -18\u00b0C), la data di scadenza \u00e8 prolungata di 6 mesi. Consumare entro (vedi data sulla confezione).<\/p>\n<p><strong>VALORI NUTRITIVI MEDI 100g<\/strong>: Energia 1590Kj (380kcal); Grassi 30g, di cui acidi grassi saturi 18g; Carboidrati 0g, di cui zuccheri 0g; Fibra alimentare 0g; Proteine 28g; Sale 1,5g.<\/p>\n<p><strong>CONSEGNA E RESTITUZIONE:<\/strong> Le consegne vengono effettuate dalla Posta Svizzera. Cliccare <a>qui<\/a> per vedere i diversi metodi di consegna, i tempi e i costi. Le informazioni contrattuali saranno confermate via e-mail all\u2019indirizzo da voi indicato. Vi preghiamo di controllare tutti i dettagli del vostro ordine. In caso di problemi, vi preghiamo di <a>contattarci<\/a> il prima possibile.<\/p>\n<p>&nbsp;<\/p>\n","protected":false},"excerpt":{"rendered":"<p>L&#8217;eredit\u00e0 di un grande chef Ricetta creata da Philippe ROCHAT alla Laiterie Moderne. Miscela di met\u00e0 e met\u00e0 Dosi per 2 persone Dosi per 400 g<\/p>\n","protected":false},"featured_media":255536,"comment_status":"closed","ping_status":"closed","template":"","meta":{"_et_pb_use_builder":"","_et_pb_old_content":"","_et_gb_content_width":""},"product_brand":[],"product_cat":[158,82,222,85,126],"product_tag":[],"class_list":{"0":"post-30233","1":"product","2":"type-product","3":"status-publish","4":"has-post-thumbnail","6":"product_cat-black-friday-it","7":"product_cat-fondue-it","8":"product_cat-fondue-meta-meta-400g","9":"product_cat-fondue-moitie-moitie-it","10":"product_cat-promotion-it","11":"product_shipping_class-produits-it","13":"first","14":"instock","15":"taxable","16":"shipping-taxable","17":"purchasable","18":"product-type-simple"},"_links":{"self":[{"href":"https:\/\/mafondue.ch\/it\/wp-json\/wp\/v2\/product\/30233","targetHints":{"allow":["GET"]}}],"collection":[{"href":"https:\/\/mafondue.ch\/it\/wp-json\/wp\/v2\/product"}],"about":[{"href":"https:\/\/mafondue.ch\/it\/wp-json\/wp\/v2\/types\/product"}],"replies":[{"embeddable":true,"href":"https:\/\/mafondue.ch\/it\/wp-json\/wp\/v2\/comments?post=30233"}],"wp:featuredmedia":[{"embeddable":true,"href":"https:\/\/mafondue.ch\/it\/wp-json\/wp\/v2\/media\/255536"}],"wp:attachment":[{"href":"https:\/\/mafondue.ch\/it\/wp-json\/wp\/v2\/media?parent=30233"}],"wp:term":[{"taxonomy":"product_brand","embeddable":true,"href":"https:\/\/mafondue.ch\/it\/wp-json\/wp\/v2\/product_brand?post=30233"},{"taxonomy":"product_cat","embeddable":true,"href":"https:\/\/mafondue.ch\/it\/wp-json\/wp\/v2\/product_cat?post=30233"},{"taxonomy":"product_tag","embeddable":true,"href":"https:\/\/mafondue.ch\/it\/wp-json\/wp\/v2\/product_tag?post=30233"}],"curies":[{"name":"wp","href":"https:\/\/api.w.org\/{rel}","templated":true}]}}